{"id":21535,"date":"2023-01-26T13:23:22","date_gmt":"2023-01-26T13:23:22","guid":{"rendered":"https:\/\/chiaseklos.lt\/?post_type=product&#038;p=21535"},"modified":"2026-02-20T11:19:16","modified_gmt":"2026-02-20T11:19:16","slug":"cikoriju-saknu-kava-100-g-indelyje","status":"publish","type":"product","link":"https:\/\/chiaseklos.lt\/en\/product\/cikoriju-saknu-kava-100-g-indelyje\/","title":{"rendered":"Cikorij\u0173 \u0161akn\u0173 kava 100 g. indelyje"},"content":{"rendered":"<p>Cikorij\u0173 \u0161akn\u0173 kava 100 g. indelyje<\/p>\n<p>G\u0117rimas yra nat\u016brali ir gardi kavos alternatyva, kuri m\u016bs\u0173 kra\u0161tuose vartojama nuo seno. Laukuose surinktos cikorij\u0173 \u0161aknys, kruop\u0161\u010diai ir l\u0117tai skrudintos. G\u0117rime yra inulino, vitamin\u0173 C, B1, E bei kit\u0173 mineralini\u0173 med\u017eiag\u0173.<\/p>\n<p>Sudedamosios dalys: cikorij\u0173 \u0161akn\u0173 kava 100%.<\/p>\n<p>Cikorij\u0173 \u0161akn\u0173 kava. Nat\u016bralus produktas, be kofeino, tinka veganams.<\/p>\n<p>Paruo\u0161imo ir vartojimo b\u016bdas: \u012fberkite vien\u0105 \u0161auk\u0161tel\u012f kavos \u012f puodel\u012f, u\u017epilkite verdan\u010diu vandeniu. Galite pagardinti pienu (ar jo alternatyvomis), medumi.<\/p>\n<p>Gamintojas: Lietuva<\/p>\n<p>Energin\u0117 vert\u0117\/ energy value2 kJ\/&lt;1 kcal\u00a0Riebalai\/ fat &lt;1 g\u00a0Angliavandeniai\/ carbohydrates 55 g\u00a0Baltymai\/ proteins &lt;1.2 g<\/p>","protected":false},"excerpt":{"rendered":"<p>Cikorij\u0173 \u0161akn\u0173 kava 100 g. indelyje G\u0117rimas yra nat\u016brali ir gardi kavos alternatyva, kuri m\u016bs\u0173 kra\u0161tuose vartojama nuo seno. Laukuose surinktos cikorij\u0173 \u0161aknys, kruop\u0161\u010diai ir l\u0117tai skrudintos. G\u0117rime yra inulino, vitamin\u0173 C, B1, E bei kit\u0173 mineralini\u0173 med\u017eiag\u0173. Sudedamosios dalys: cikorij\u0173 \u0161akn\u0173 kava 100%. Cikorij\u0173 \u0161akn\u0173 kava. Nat\u016bralus produktas, be kofeino, tinka veganams. Paruo\u0161imo ir&#8230;<\/p>","protected":false},"featured_media":21536,"template":"","meta":{"_acf_changed":false},"product_brand":[],"product_cat":[63],"product_tag":[],"class_list":{"0":"post-21535","1":"product","2":"type-product","3":"status-publish","4":"has-post-thumbnail","6":"product_cat-arbatos","7":"nt-post-class","8":"","9":"masonry-item","10":"col-lg-6","14":"excerpt-none","18":"first","19":"instock","20":"taxable","21":"shipping-taxable","22":"purchasable","23":"product-type-simple","24":"add-to-wishlist-after_add_to_cart"},"acf":[],"_links":{"self":[{"href":"https:\/\/chiaseklos.lt\/en\/wp-json\/wp\/v2\/product\/21535","targetHints":{"allow":["GET"]}}],"collection":[{"href":"https:\/\/chiaseklos.lt\/en\/wp-json\/wp\/v2\/product"}],"about":[{"href":"https:\/\/chiaseklos.lt\/en\/wp-json\/wp\/v2\/types\/product"}],"wp:featuredmedia":[{"embeddable":true,"href":"https:\/\/chiaseklos.lt\/en\/wp-json\/wp\/v2\/media\/21536"}],"wp:attachment":[{"href":"https:\/\/chiaseklos.lt\/en\/wp-json\/wp\/v2\/media?parent=21535"}],"wp:term":[{"taxonomy":"product_brand","embeddable":true,"href":"https:\/\/chiaseklos.lt\/en\/wp-json\/wp\/v2\/product_brand?post=21535"},{"taxonomy":"product_cat","embeddable":true,"href":"https:\/\/chiaseklos.lt\/en\/wp-json\/wp\/v2\/product_cat?post=21535"},{"taxonomy":"product_tag","embeddable":true,"href":"https:\/\/chiaseklos.lt\/en\/wp-json\/wp\/v2\/product_tag?post=21535"}],"curies":[{"name":"wp","href":"https:\/\/api.w.org\/{rel}","templated":true}]}}