{"id":21525,"date":"2023-01-27T12:52:28","date_gmt":"2023-01-27T12:52:28","guid":{"rendered":"https:\/\/chiaseklos.lt\/?post_type=product&#038;p=21525"},"modified":"2026-02-12T08:46:46","modified_gmt":"2026-02-12T08:46:46","slug":"kiaulpieniu-saknu-kava-100-g-indelyje","status":"publish","type":"product","link":"https:\/\/chiaseklos.lt\/en\/product\/kiaulpieniu-saknu-kava-100-g-indelyje\/","title":{"rendered":"Kiaulpieni\u0173 \u0161akn\u0173 kava 100 g indelyje"},"content":{"rendered":"<p>Kiaulpieni\u0173 \u0161akn\u0173 kava 100 g indelyje<\/p>\n<p>Bekofeinin\u0117 kiaulpieni\u0173 \u0161akn\u0173 kava skani ir sveika kavos alternatyva tinkanti visai \u0161eimai, kuri Lietuvoje vartojama nuo seno. G\u0117rime gausu \u012fvairi\u0173 vitamin\u0173 &#8211; C, E, D bei mineralini\u0173 med\u017eiag\u0173 &#8211; gele\u017eies, kalio, fosforo. Gerina vir\u0161kinim\u0105.<\/p>\n<p><strong>Sudedamosios dalys:<\/strong>\u00a0100 proc. skrudintos kiaulpieni\u0173 \u0161aknys (lot. Taraxacum officinale).<\/p>\n<p><strong>Paruo\u0161imo b\u016bdas:\u00a0<\/strong>\u012f\u00a0puodel\u012f \u012fberti 1\/2 arb. \u0161. kavos. U\u017epilti kar\u0161tu vandeniu. I\u0161mai\u0161yti. Pagardinti medumi.<\/p>\n<p><strong>Maistingumas<\/strong>\u00a0\/ Nutrition value (100 g.) Energijos \/ Energy 930 kJ \/ 222 kcal, Baltym\u0173 \/ Protein 1g, Angliavandeni\u0173 \/ Carbohydrates 65 g, Riebal\u0173 \/ Fat 1g<\/p>\n<p><strong>Kilm\u0117s \u0161alis:<\/strong>\u00a0Lietuva<\/p>","protected":false},"excerpt":{"rendered":"<p>Kiaulpieni\u0173 \u0161akn\u0173 kava 100 g indelyje Bekofeinin\u0117 kiaulpieni\u0173 \u0161akn\u0173 kava skani ir sveika kavos alternatyva tinkanti visai \u0161eimai, kuri Lietuvoje vartojama nuo seno. G\u0117rime gausu \u012fvairi\u0173 vitamin\u0173 &#8211; C, E, D bei mineralini\u0173 med\u017eiag\u0173 &#8211; gele\u017eies, kalio, fosforo. Gerina vir\u0161kinim\u0105. Sudedamosios dalys:\u00a0100 proc. skrudintos kiaulpieni\u0173 \u0161aknys (lot. Taraxacum officinale). Paruo\u0161imo b\u016bdas:\u00a0\u012f\u00a0puodel\u012f \u012fberti 1\/2 arb. \u0161&#8230;.<\/p>","protected":false},"featured_media":21526,"template":"","meta":{"_acf_changed":false},"product_brand":[],"product_cat":[63],"product_tag":[],"class_list":{"0":"post-21525","1":"product","2":"type-product","3":"status-publish","4":"has-post-thumbnail","6":"product_cat-arbatos","7":"nt-post-class","8":"","9":"masonry-item","10":"col-lg-6","14":"excerpt-none","18":"first","19":"outofstock","20":"taxable","21":"shipping-taxable","22":"purchasable","23":"product-type-simple","24":"add-to-wishlist-after_add_to_cart"},"acf":[],"_links":{"self":[{"href":"https:\/\/chiaseklos.lt\/en\/wp-json\/wp\/v2\/product\/21525","targetHints":{"allow":["GET"]}}],"collection":[{"href":"https:\/\/chiaseklos.lt\/en\/wp-json\/wp\/v2\/product"}],"about":[{"href":"https:\/\/chiaseklos.lt\/en\/wp-json\/wp\/v2\/types\/product"}],"wp:featuredmedia":[{"embeddable":true,"href":"https:\/\/chiaseklos.lt\/en\/wp-json\/wp\/v2\/media\/21526"}],"wp:attachment":[{"href":"https:\/\/chiaseklos.lt\/en\/wp-json\/wp\/v2\/media?parent=21525"}],"wp:term":[{"taxonomy":"product_brand","embeddable":true,"href":"https:\/\/chiaseklos.lt\/en\/wp-json\/wp\/v2\/product_brand?post=21525"},{"taxonomy":"product_cat","embeddable":true,"href":"https:\/\/chiaseklos.lt\/en\/wp-json\/wp\/v2\/product_cat?post=21525"},{"taxonomy":"product_tag","embeddable":true,"href":"https:\/\/chiaseklos.lt\/en\/wp-json\/wp\/v2\/product_tag?post=21525"}],"curies":[{"name":"wp","href":"https:\/\/api.w.org\/{rel}","templated":true}]}}