{"id":21522,"date":"2023-01-26T12:39:00","date_gmt":"2023-01-26T12:39:00","guid":{"rendered":"https:\/\/chiaseklos.lt\/?post_type=product&#038;p=21522"},"modified":"2026-04-03T08:01:03","modified_gmt":"2026-04-03T08:01:03","slug":"giliu-kava-100g-indelyje","status":"publish","type":"product","link":"https:\/\/chiaseklos.lt\/en\/product\/giliu-kava-100g-indelyje\/","title":{"rendered":"Gili\u0173 kava 100g indelyje"},"content":{"rendered":"<p>Gili\u0173 kava 100g indelyje<\/p>\n<p>Gili\u0173 kava (acorn coffee) &#8211; nat\u016bralus ir lengvas g\u0117rimas tinkantis visai \u0161eimai.\u00a0U\u017eplikomas kar\u0161tu vandeniu ir pienu (ar kita pieno alternatyva) santykiu 1:1.<\/p>\n<p>Gili\u0173 kava \u2013 malonaus aromato ir skonio g\u0117rimas, pagamintas i\u0161 Lietuvos mi\u0161kuose augan\u010di\u0173 \u0105\u017euol\u0173 gili\u0173 pagal sen\u0105 tradicin\u0119 recept\u016br\u0105. Neturi kofeino.<\/p>\n<p>Gili\u0173 kava yra vienas seniausi\u0173 m\u016bs\u0173 kra\u0161to tradicini\u0173 g\u0117rim\u0173. \u0104\u017euolo gil\u0117s renkamos Lietuvos mi\u0161kuose, d\u017eiovinamos, gliaudomos, skrudinamos bei malamos \u2013 visas procesas atliekamas su pagarba sekant senosiomis m\u016bs\u0173 kra\u0161to tradicijomis. Su draugais ar \u0161eima i\u0161 naujo atraskite gili\u0173 kav\u0105, kuria lietuviai gard\u017eiuojasi jau nuo seno.<\/p>\n<p><span id=\"page36R_mcid202\" class=\"markedContent\"><span dir=\"ltr\" role=\"presentation\">Sudedamosios dalys:<\/span><\/span><span id=\"page36R_mcid203\" class=\"markedContent\"><\/span><span id=\"page36R_mcid204\" class=\"markedContent\"> <span dir=\"ltr\" role=\"presentation\">100% paprastojo \u0105\u017euolo gili\u0173 branduoliai<\/span><\/span><span id=\"page36R_mcid205\" class=\"markedContent\"><br role=\"presentation\" \/><span dir=\"ltr\" role=\"presentation\">Skonis:<\/span><\/span><span id=\"page36R_mcid206\" class=\"markedContent\"><\/span><span id=\"page36R_mcid207\" class=\"markedContent\"> <span dir=\"ltr\" role=\"presentation\">pieni\u0161kos karamel\u0117s skonis.<\/span><\/span><span id=\"page36R_mcid208\" class=\"markedContent\"><br role=\"presentation\" \/><span dir=\"ltr\" role=\"presentation\">Nauda organizmui:<\/span><\/span><span id=\"page36R_mcid209\" class=\"markedContent\"><\/span><span id=\"page36R_mcid210\" class=\"markedContent\"> <span dir=\"ltr\" role=\"presentation\">gausu vitamino B6 ir B12, gele\u017eies, fosforo,<\/span><\/span><span id=\"page36R_mcid211\" class=\"markedContent\"><br role=\"presentation\" \/><span dir=\"ltr\" role=\"presentation\">magnio, raugini\u0173 med\u017eiag\u0173.<\/span><\/span><span id=\"page36R_mcid212\" class=\"markedContent\"><br role=\"presentation\" \/><span dir=\"ltr\" role=\"presentation\">Paruo\u0161imo b\u016bdai:<\/span><\/span><span id=\"page36R_mcid213\" class=\"markedContent\"> <span dir=\"ltr\" role=\"presentation\">\u012f puodel\u012f \u012fberti 1 arb. \u0161. gili\u0173 kavos, u\u017epilti kar\u0161<\/span><\/span><span id=\"page36R_mcid214\" class=\"markedContent\"><span dir=\"ltr\" role=\"presentation\">&#8211;<\/span><\/span><span id=\"page36R_mcid215\" class=\"markedContent\"><br role=\"presentation\" \/><span dir=\"ltr\" role=\"presentation\">tu vandeniu ir palikti 3 min. Pagardinti pienu, sviestu, cinamonu<\/span><\/span><span id=\"page36R_mcid216\" class=\"markedContent\"><br role=\"presentation\" \/><span dir=\"ltr\" role=\"presentation\">ar medumi.\u00a0<\/span><\/span><span id=\"page36R_mcid217\" class=\"markedContent\"><br role=\"presentation\" \/><span dir=\"ltr\" role=\"presentation\">Maistin\u0117 vert\u0117 (100 g):\u00a0<\/span><\/span><span id=\"page36R_mcid218\" class=\"markedContent\"><span dir=\"ltr\" role=\"presentation\">930 kJ \/ 222 kcal<\/span><\/span><span id=\"page36R_mcid219\" class=\"markedContent\"><span dir=\"ltr\" role=\"presentation\">Energijos\u00a0<\/span><\/span><span id=\"page36R_mcid220\" class=\"markedContent\"><span dir=\"ltr\" role=\"presentation\">&lt;1 g<\/span><\/span><span id=\"page36R_mcid221\" class=\"markedContent\"><span dir=\"ltr\" role=\"presentation\">Baltym\u0173\u00a0<\/span><\/span><span id=\"page36R_mcid222\" class=\"markedContent\"><span dir=\"ltr\" role=\"presentation\">65 g<\/span><\/span><span id=\"page36R_mcid223\" class=\"markedContent\"><span dir=\"ltr\" role=\"presentation\">Angliavandeni\u0173\u00a0<\/span><\/span><span id=\"page36R_mcid224\" class=\"markedContent\"><span dir=\"ltr\" role=\"presentation\">&lt;1 g<\/span><\/span><\/p>","protected":false},"excerpt":{"rendered":"<p>Gili\u0173 kava 100g indelyje Gili\u0173 kava (acorn coffee) &#8211; nat\u016bralus ir lengvas g\u0117rimas tinkantis visai \u0161eimai.\u00a0U\u017eplikomas kar\u0161tu vandeniu ir pienu (ar kita pieno alternatyva) santykiu 1:1. Gili\u0173 kava \u2013 malonaus aromato ir skonio g\u0117rimas, pagamintas i\u0161 Lietuvos mi\u0161kuose augan\u010di\u0173 \u0105\u017euol\u0173 gili\u0173 pagal sen\u0105 tradicin\u0119 recept\u016br\u0105. Neturi kofeino. Gili\u0173 kava yra vienas seniausi\u0173 m\u016bs\u0173 kra\u0161to tradicini\u0173&#8230;<\/p>","protected":false},"featured_media":21523,"template":"","meta":{"_acf_changed":false},"product_brand":[],"product_cat":[63],"product_tag":[],"class_list":{"0":"post-21522","1":"product","2":"type-product","3":"status-publish","4":"has-post-thumbnail","6":"product_cat-arbatos","7":"nt-post-class","8":"","9":"masonry-item","10":"col-lg-6","14":"excerpt-none","18":"first","19":"instock","20":"taxable","21":"shipping-taxable","22":"purchasable","23":"product-type-simple","24":"add-to-wishlist-after_add_to_cart"},"acf":[],"_links":{"self":[{"href":"https:\/\/chiaseklos.lt\/en\/wp-json\/wp\/v2\/product\/21522","targetHints":{"allow":["GET"]}}],"collection":[{"href":"https:\/\/chiaseklos.lt\/en\/wp-json\/wp\/v2\/product"}],"about":[{"href":"https:\/\/chiaseklos.lt\/en\/wp-json\/wp\/v2\/types\/product"}],"wp:featuredmedia":[{"embeddable":true,"href":"https:\/\/chiaseklos.lt\/en\/wp-json\/wp\/v2\/media\/21523"}],"wp:attachment":[{"href":"https:\/\/chiaseklos.lt\/en\/wp-json\/wp\/v2\/media?parent=21522"}],"wp:term":[{"taxonomy":"product_brand","embeddable":true,"href":"https:\/\/chiaseklos.lt\/en\/wp-json\/wp\/v2\/product_brand?post=21522"},{"taxonomy":"product_cat","embeddable":true,"href":"https:\/\/chiaseklos.lt\/en\/wp-json\/wp\/v2\/product_cat?post=21522"},{"taxonomy":"product_tag","embeddable":true,"href":"https:\/\/chiaseklos.lt\/en\/wp-json\/wp\/v2\/product_tag?post=21522"}],"curies":[{"name":"wp","href":"https:\/\/api.w.org\/{rel}","templated":true}]}}