{"id":21509,"date":"2023-01-24T13:39:32","date_gmt":"2023-01-24T13:39:32","guid":{"rendered":"https:\/\/chiaseklos.lt\/?post_type=product&#038;p=21509"},"modified":"2026-03-31T08:43:07","modified_gmt":"2026-03-31T08:43:07","slug":"lauro-lapeliai-50g","status":"publish","type":"product","link":"https:\/\/chiaseklos.lt\/en\/product\/lauro-lapeliai-50g\/","title":{"rendered":"Lauro lapeliai 50g"},"content":{"rendered":"<p><strong>Lauro lapeliai 50g<\/strong><\/p>\n<p>Laur\u0173 lapeliais pagardinkite sriubas, sultinius, j\u016br\u0173 g\u0117rybi\u0173, vi\u0161tienos, m\u0117sos, ry\u017ei\u0173 ir dar\u017eovi\u0173 patiekalus. Ruo\u0161dami kepsnius, \u012fberkite laur\u0173 lapeli\u0173 \u012f keptuv\u0119 \u2013 tai suteiks j\u016bs\u0173 patiekalui malon\u0173 skon\u012f bei aromat\u0105.<\/p>\n<p>Sudedamosios dalys: Lauro lapai.<\/p>\n<p>Laikymo s\u0105lygos: Laikyti sausoje, v\u0117sioje vietoje. Laikymo temperat\u016bra: nuo 0\u00b0C iki 25\u00b0C.<\/p>\n<p>Kilm\u0117s \u0161alis: Turkija\/Gruzija<\/p>","protected":false},"excerpt":{"rendered":"<p>Lauro lapeliai 50g Laur\u0173 lapeliais pagardinkite sriubas, sultinius, j\u016br\u0173 g\u0117rybi\u0173, vi\u0161tienos, m\u0117sos, ry\u017ei\u0173 ir dar\u017eovi\u0173 patiekalus. Ruo\u0161dami kepsnius, \u012fberkite laur\u0173 lapeli\u0173 \u012f keptuv\u0119 \u2013 tai suteiks j\u016bs\u0173 patiekalui malon\u0173 skon\u012f bei aromat\u0105. Sudedamosios dalys: Lauro lapai. Laikymo s\u0105lygos: Laikyti sausoje, v\u0117sioje vietoje. Laikymo temperat\u016bra: nuo 0\u00b0C iki 25\u00b0C. Kilm\u0117s \u0161alis: Turkija\/Gruzija<\/p>","protected":false},"featured_media":21510,"template":"","meta":{"_acf_changed":false},"product_brand":[],"product_cat":[68],"product_tag":[],"class_list":{"0":"post-21509","1":"product","2":"type-product","3":"status-publish","4":"has-post-thumbnail","6":"product_cat-prieskoniai","7":"nt-post-class","8":"","9":"masonry-item","10":"col-lg-6","14":"excerpt-none","18":"first","19":"outofstock","20":"taxable","21":"shipping-taxable","22":"purchasable","23":"product-type-simple","24":"add-to-wishlist-after_add_to_cart"},"acf":[],"_links":{"self":[{"href":"https:\/\/chiaseklos.lt\/en\/wp-json\/wp\/v2\/product\/21509","targetHints":{"allow":["GET"]}}],"collection":[{"href":"https:\/\/chiaseklos.lt\/en\/wp-json\/wp\/v2\/product"}],"about":[{"href":"https:\/\/chiaseklos.lt\/en\/wp-json\/wp\/v2\/types\/product"}],"wp:featuredmedia":[{"embeddable":true,"href":"https:\/\/chiaseklos.lt\/en\/wp-json\/wp\/v2\/media\/21510"}],"wp:attachment":[{"href":"https:\/\/chiaseklos.lt\/en\/wp-json\/wp\/v2\/media?parent=21509"}],"wp:term":[{"taxonomy":"product_brand","embeddable":true,"href":"https:\/\/chiaseklos.lt\/en\/wp-json\/wp\/v2\/product_brand?post=21509"},{"taxonomy":"product_cat","embeddable":true,"href":"https:\/\/chiaseklos.lt\/en\/wp-json\/wp\/v2\/product_cat?post=21509"},{"taxonomy":"product_tag","embeddable":true,"href":"https:\/\/chiaseklos.lt\/en\/wp-json\/wp\/v2\/product_tag?post=21509"}],"curies":[{"name":"wp","href":"https:\/\/api.w.org\/{rel}","templated":true}]}}