{"id":21145,"date":"2022-12-13T13:45:17","date_gmt":"2022-12-13T13:45:17","guid":{"rendered":"https:\/\/chiaseklos.lt\/?post_type=product&#038;p=21145"},"modified":"2025-10-05T11:10:54","modified_gmt":"2025-10-05T11:10:54","slug":"delice-dziovintu-pomidoru-uztepele-90-g","status":"publish","type":"product","link":"https:\/\/chiaseklos.lt\/en\/product\/delice-dziovintu-pomidoru-uztepele-90-g\/","title":{"rendered":"Delice d\u017eiovint\u0173 pomidor\u0173 u\u017etep\u0117l\u0117 90 g"},"content":{"rendered":"<h3 class=\"product-view__title\">Delice d\u017eiovint\u0173 pomidor\u0173 u\u017etep\u0117l\u0117 90 g<\/h3>\n<h4>Sudedamosios dalys:saul\u0117je d\u017eiovinti pomidorai (u\u017e ES rib\u0173) 44,7%: (d\u017eiovinti pomidorai, vanduo, druska), augaliniai aliejai: (saul\u0117gr\u0105\u017e\u0173 aliejus, auk\u0161\u010diausios kokyb\u0117s pirmojo spaudimo alyvuogi\u0173 aliejus), susmulkinti nulupti pomidorai: (susmulkinti nulupti pomidorai, r\u016bg\u0161tingum\u0105 reguliuojanti med\u017eiaga E330), \u010desnakai, MOCARELA: (pasterizuotas PIENAS, druska, lipnum\u0105 reguliuojanti med\u017eiaga E460ii, PIENO fermentai), koncentruotos citrin\u0173 sultys, juodieji pipirai.<\/h4>\n<h4>Laikymo s\u0105lygos: Atidarius laikyti +0\u00b0C -+4\u00b0C temperat\u016broje ir suvartoti per 8 dienas.<\/h4>\n<h4>Maistin\u0117 vert\u0117 (100 g\/ml)<\/h4>\n<table>\n<tbody>\n<tr>\n<td>Energetin\u0117 vert\u0117<\/td>\n<td>1545 kJ\u00a0\/\u00a0375 Kcal<\/td>\n<\/tr>\n<tr>\n<td>Riebalai<\/td>\n<td>37 gr<\/td>\n<\/tr>\n<tr>\n<td>So\u010diosios riebal\u0173 r\u016bg\u0161tys<\/td>\n<td>6 gr<\/td>\n<\/tr>\n<tr>\n<td>Angliavandeniai<\/td>\n<td>6,2 gr<\/td>\n<\/tr>\n<tr>\n<td>Cukrus<\/td>\n<td>4 gr<\/td>\n<\/tr>\n<tr>\n<td>Baltymai<\/td>\n<td>3,9 gr<\/td>\n<\/tr>\n<tr>\n<td>Druska<\/td>\n<td>2,2 gr<\/td>\n<\/tr>\n<\/tbody>\n<\/table>\n<p>Kilm\u0117s \u0161alis:\u00a0Pranc\u016bzija<\/p>","protected":false},"excerpt":{"rendered":"<p>Delice d\u017eiovint\u0173 pomidor\u0173 u\u017etep\u0117l\u0117 90 g Sudedamosios dalys:saul\u0117je d\u017eiovinti pomidorai (u\u017e ES rib\u0173) 44,7%: (d\u017eiovinti pomidorai, vanduo, druska), augaliniai aliejai: (saul\u0117gr\u0105\u017e\u0173 aliejus, auk\u0161\u010diausios kokyb\u0117s pirmojo spaudimo alyvuogi\u0173 aliejus), susmulkinti nulupti pomidorai: (susmulkinti nulupti pomidorai, r\u016bg\u0161tingum\u0105 reguliuojanti med\u017eiaga E330), \u010desnakai, MOCARELA: (pasterizuotas PIENAS, druska, lipnum\u0105 reguliuojanti med\u017eiaga E460ii, PIENO fermentai), koncentruotos citrin\u0173 sultys, juodieji pipirai. Laikymo&#8230;<\/p>","protected":false},"featured_media":21146,"template":"","meta":{"_acf_changed":false},"product_brand":[],"product_cat":[99],"product_tag":[],"class_list":{"0":"post-21145","1":"product","2":"type-product","3":"status-publish","4":"has-post-thumbnail","6":"product_cat-uztepeles","7":"nt-post-class","8":"","9":"masonry-item","10":"col-lg-6","14":"excerpt-none","18":"first","19":"outofstock","20":"taxable","21":"shipping-taxable","22":"purchasable","23":"product-type-simple","24":"add-to-wishlist-after_add_to_cart"},"acf":[],"_links":{"self":[{"href":"https:\/\/chiaseklos.lt\/en\/wp-json\/wp\/v2\/product\/21145","targetHints":{"allow":["GET"]}}],"collection":[{"href":"https:\/\/chiaseklos.lt\/en\/wp-json\/wp\/v2\/product"}],"about":[{"href":"https:\/\/chiaseklos.lt\/en\/wp-json\/wp\/v2\/types\/product"}],"wp:featuredmedia":[{"embeddable":true,"href":"https:\/\/chiaseklos.lt\/en\/wp-json\/wp\/v2\/media\/21146"}],"wp:attachment":[{"href":"https:\/\/chiaseklos.lt\/en\/wp-json\/wp\/v2\/media?parent=21145"}],"wp:term":[{"taxonomy":"product_brand","embeddable":true,"href":"https:\/\/chiaseklos.lt\/en\/wp-json\/wp\/v2\/product_brand?post=21145"},{"taxonomy":"product_cat","embeddable":true,"href":"https:\/\/chiaseklos.lt\/en\/wp-json\/wp\/v2\/product_cat?post=21145"},{"taxonomy":"product_tag","embeddable":true,"href":"https:\/\/chiaseklos.lt\/en\/wp-json\/wp\/v2\/product_tag?post=21145"}],"curies":[{"name":"wp","href":"https:\/\/api.w.org\/{rel}","templated":true}]}}