{"id":21041,"date":"2022-12-04T17:18:11","date_gmt":"2022-12-04T17:18:11","guid":{"rendered":"https:\/\/chiaseklos.lt\/?post_type=product&#038;p=21041"},"modified":"2026-01-15T08:17:57","modified_gmt":"2026-01-15T08:17:57","slug":"aguonos","status":"publish","type":"product","link":"https:\/\/chiaseklos.lt\/en\/product\/aguonos\/","title":{"rendered":"Aguonos"},"content":{"rendered":"<h4 class=\"product_title entry-title\">Aguonos<\/h4>\n<p>Aguonos gr\u016bdeliai &#8211; tai labai smulk\u016bs, ta\u010diau suteikiantys ypatingo skonio kepiniams. Jau nuo seno aguonos b\u016bdavo naudojamos konditeriniuose gaminiuose. \u0160iandiena tai taip populiarus pagardas: pyragams, sausainiams, bandel\u0117ms, keksiukams skaninti.<\/p>\n<p>Energin\u0117 ir maistin\u0117 vert\u0117 100 g: 640 kcal\/2650 kJ, riebal\u0173 46,7 g, i\u0161 kuri\u0173 so\u010di\u0173j\u0173 riebal\u0173 r\u016bg\u0161\u010di\u0173 6,1 g, angliavandeni\u0173 3 g, i\u0161 kuri\u0173 cukr\u0173 1,4 g, baltym\u0173 19,9 g, druskos 0,1 g.<\/p>\n<p>Sudedamosios dalys: aguon\u0173 s\u0117klos. Laikyti sausoje, \u0161varioje ir v\u0117sioje vietoje. Laikymo temperat\u016bra: nuo 0\u00b0C iki 25\u00b0C.<\/p>\n<p>Kilm\u0117s \u0161alis:\u010cekija<\/p>\n<p>Sudedamosios dalys: aguon\u0173 s\u0117klos<\/p>\n<p>Laikymo s\u0105lygos: Laikyti sausoje ir v\u0117sioje vietoje. Laikymo temperat\u016bra: nuo 0\u00b0C iki 20\u00b0C.<\/p>\n<h3 class=\"b-product-info--info-3-title\">Maistin\u0117 vert\u0117 (100 g\/ml)<\/h3>\n<div class=\"row\">\n<div class=\"col-md-4\">\n<table class=\"table table-striped table-condensed\">\n<tbody>\n<tr>\n<td>Energin\u0117 vert\u0117<\/td>\n<td class=\"b-text-right\">2650,00 kJ \/ 640,00 Kcal<\/td>\n<\/tr>\n<tr>\n<td>Riebalai<\/td>\n<td class=\"b-text-right\">47,00 g<\/td>\n<\/tr>\n<tr>\n<td>So\u010diosios riebal\u0173 r\u016bg\u0161tys<\/td>\n<td class=\"b-text-right\">6,10 g<\/td>\n<\/tr>\n<tr>\n<td>Angliavandeniai<\/td>\n<td class=\"b-text-right\">25,00 g<\/td>\n<\/tr>\n<tr>\n<td>Cukr\u016bs<\/td>\n<td class=\"b-text-right\">1,40 g<\/td>\n<\/tr>\n<tr>\n<td>Baltymai<\/td>\n<td class=\"b-text-right\">20,00 g<\/td>\n<\/tr>\n<tr>\n<td>Druska<\/td>\n<td class=\"b-text-right\">0,09 g<\/td>\n<\/tr>\n<\/tbody>\n<\/table>\n<\/div>\n<\/div>\n<p>&nbsp;<\/p>","protected":false},"excerpt":{"rendered":"<p>Aguonos Aguonos gr\u016bdeliai &#8211; tai labai smulk\u016bs, ta\u010diau suteikiantys ypatingo skonio kepiniams. Jau nuo seno aguonos b\u016bdavo naudojamos konditeriniuose gaminiuose. \u0160iandiena tai taip populiarus pagardas: pyragams, sausainiams, bandel\u0117ms, keksiukams skaninti. Energin\u0117 ir maistin\u0117 vert\u0117 100 g: 640 kcal\/2650 kJ, riebal\u0173 46,7 g, i\u0161 kuri\u0173 so\u010di\u0173j\u0173 riebal\u0173 r\u016bg\u0161\u010di\u0173 6,1 g, angliavandeni\u0173 3 g, i\u0161 kuri\u0173 cukr\u0173&#8230;<\/p>","protected":false},"featured_media":21046,"template":"","meta":{"_acf_changed":false},"product_brand":[],"product_cat":[17,68],"product_tag":[],"class_list":{"0":"post-21041","1":"product","2":"type-product","3":"status-publish","4":"has-post-thumbnail","6":"product_cat-seklos","7":"product_cat-prieskoniai","8":"nt-post-class","9":"","10":"masonry-item","11":"col-lg-6","15":"excerpt-none","19":"first","20":"instock","21":"taxable","22":"shipping-taxable","23":"purchasable","24":"product-type-variable","25":"add-to-wishlist-after_add_to_cart"},"acf":[],"_links":{"self":[{"href":"https:\/\/chiaseklos.lt\/en\/wp-json\/wp\/v2\/product\/21041","targetHints":{"allow":["GET"]}}],"collection":[{"href":"https:\/\/chiaseklos.lt\/en\/wp-json\/wp\/v2\/product"}],"about":[{"href":"https:\/\/chiaseklos.lt\/en\/wp-json\/wp\/v2\/types\/product"}],"wp:featuredmedia":[{"embeddable":true,"href":"https:\/\/chiaseklos.lt\/en\/wp-json\/wp\/v2\/media\/21046"}],"wp:attachment":[{"href":"https:\/\/chiaseklos.lt\/en\/wp-json\/wp\/v2\/media?parent=21041"}],"wp:term":[{"taxonomy":"product_brand","embeddable":true,"href":"https:\/\/chiaseklos.lt\/en\/wp-json\/wp\/v2\/product_brand?post=21041"},{"taxonomy":"product_cat","embeddable":true,"href":"https:\/\/chiaseklos.lt\/en\/wp-json\/wp\/v2\/product_cat?post=21041"},{"taxonomy":"product_tag","embeddable":true,"href":"https:\/\/chiaseklos.lt\/en\/wp-json\/wp\/v2\/product_tag?post=21041"}],"curies":[{"name":"wp","href":"https:\/\/api.w.org\/{rel}","templated":true}]}}