{"id":21019,"date":"2022-12-04T09:11:18","date_gmt":"2022-12-04T09:11:18","guid":{"rendered":"https:\/\/chiaseklos.lt\/?post_type=product&#038;p=21019"},"modified":"2023-12-07T13:39:39","modified_gmt":"2023-12-07T13:39:39","slug":"baylis-harding-pink-blossom-lotus-flowerskystas-ranku-muilas-500ml","status":"publish","type":"product","link":"https:\/\/chiaseklos.lt\/en\/product\/baylis-harding-pink-blossom-lotus-flowerskystas-ranku-muilas-500ml\/","title":{"rendered":"Baylis &#038; Harding Jojoba Vanilla &#038; Almond Oil Hand Wash Rank\u0173 muilas 500ml"},"content":{"rendered":"<h4 class=\"product-page\" data-name=\"Baylis &amp; Harding Jojoba, Vanilla &amp; Almond Oil Hand Wash Rank\u0173 muilas 500ml\"><span style=\"color: #000000;\"><a style=\"color: #000000;\" href=\"https:\/\/klipshop.lt\/baylis-harding\" target=\"_blank\" rel=\"noopener\">Baylis &amp; Harding<\/a>\u00a0Jojoba, Vanilla &amp; Almond Oil Hand Wash Rank\u0173 muilas 500ml\u00a0<\/span><\/h4>\n<p>Lengvo bei malonaus aromato skystas muilas kasdieniniam naudojimui.<\/p>\n<p><strong>Naudojimas:\u00a0<\/strong>paskirstykite nedidel\u012f kiekio muilo ant dr\u0117gnos odos, nuplaukite vandeniu. Tik i\u0161oriniam naudojimui.<\/p>\n<p><strong>Sud\u0117tis:<\/strong>\u00a0aqua (water), sodium laureth sulfate, sodium chloride, cocamidopropyl betaine, sodium benzoate, sorbitan sesquicaprylate, parfum (fragrance), glycerin, tocopheryl acetate, peg-40 hydrogenated castor oil, dipropylene glycol, citric acid, tetrasodium edta, limonene.<\/p>","protected":false},"excerpt":{"rendered":"<p>Baylis &amp; Harding\u00a0Jojoba, Vanilla &amp; Almond Oil Hand Wash Rank\u0173 muilas 500ml\u00a0 Lengvo bei malonaus aromato skystas muilas kasdieniniam naudojimui. Naudojimas:\u00a0paskirstykite nedidel\u012f kiekio muilo ant dr\u0117gnos odos, nuplaukite vandeniu. Tik i\u0161oriniam naudojimui. Sud\u0117tis:\u00a0aqua (water), sodium laureth sulfate, sodium chloride, cocamidopropyl betaine, sodium benzoate, sorbitan sesquicaprylate, parfum (fragrance), glycerin, tocopheryl acetate, peg-40 hydrogenated castor oil, dipropylene&#8230;<\/p>","protected":false},"featured_media":22483,"template":"","meta":{"_acf_changed":false},"product_brand":[],"product_cat":[64],"product_tag":[],"class_list":{"0":"post-21019","1":"product","2":"type-product","3":"status-publish","4":"has-post-thumbnail","6":"product_cat-naturalios-priemones-odai","7":"nt-post-class","8":"","9":"masonry-item","10":"col-lg-6","14":"excerpt-none","18":"first","19":"outofstock","20":"taxable","21":"shipping-taxable","22":"purchasable","23":"product-type-simple","24":"add-to-wishlist-after_add_to_cart"},"acf":[],"_links":{"self":[{"href":"https:\/\/chiaseklos.lt\/en\/wp-json\/wp\/v2\/product\/21019","targetHints":{"allow":["GET"]}}],"collection":[{"href":"https:\/\/chiaseklos.lt\/en\/wp-json\/wp\/v2\/product"}],"about":[{"href":"https:\/\/chiaseklos.lt\/en\/wp-json\/wp\/v2\/types\/product"}],"wp:featuredmedia":[{"embeddable":true,"href":"https:\/\/chiaseklos.lt\/en\/wp-json\/wp\/v2\/media\/22483"}],"wp:attachment":[{"href":"https:\/\/chiaseklos.lt\/en\/wp-json\/wp\/v2\/media?parent=21019"}],"wp:term":[{"taxonomy":"product_brand","embeddable":true,"href":"https:\/\/chiaseklos.lt\/en\/wp-json\/wp\/v2\/product_brand?post=21019"},{"taxonomy":"product_cat","embeddable":true,"href":"https:\/\/chiaseklos.lt\/en\/wp-json\/wp\/v2\/product_cat?post=21019"},{"taxonomy":"product_tag","embeddable":true,"href":"https:\/\/chiaseklos.lt\/en\/wp-json\/wp\/v2\/product_tag?post=21019"}],"curies":[{"name":"wp","href":"https:\/\/api.w.org\/{rel}","templated":true}]}}