{"id":20760,"date":"2022-11-15T14:09:37","date_gmt":"2022-11-15T14:09:37","guid":{"rendered":"https:\/\/chiaseklos.lt\/?post_type=product&#038;p=20760"},"modified":"2026-01-23T08:01:12","modified_gmt":"2026-01-23T08:01:12","slug":"brokolio-milteliai","status":"publish","type":"product","link":"https:\/\/chiaseklos.lt\/en\/product\/brokolio-milteliai\/","title":{"rendered":"Brokolio milteliai"},"content":{"rendered":"<h3 class=\"heading\"><strong>Brokolio milteliai\u00a0<\/strong><\/h3>\n<p>Praturtinkite mityb\u0105 auk\u0161tos kokyb\u0117s brokoli\u0173 milteliais. Tai puikus kasdieninio kokteilio ar dar\u017eovi\u0173 sul\u010di\u0173 ingredientas. Puikiai dera nesaldiems kepiniams,\u00a0krekeriams, blynams, galima naudoti salot\u0173 pada\u017euose, sriubose, u\u017etep\u0117l\u0117se ir kt.<\/p>\n<p>Produktas yra be papildom\u0173 pried\u0173.<\/p>\n<p>Sudedamosios dalys: 100% maltas brokolis.<\/p>\n<p>Laikyti sausoje ir v\u0117sioje vietoje.<\/p>\n<p>Kilm\u0117s \u0161alis: Lenkija\/Kinija<\/p>\n<p>Energin\u0117 vert\u0117 100g.<\/p>\n<table border=\"1\">\n<tbody>\n<tr>\n<td>Energin\u0117 vert\u0117:\u00a0 \u00a0100 g<\/td>\n<td>\u00a0 \u00a01201 kJ \/ 287 kcal<\/td>\n<\/tr>\n<tr>\n<td>Riebalai<\/td>\n<td>\u00a0 \u00a01,7 g<\/td>\n<\/tr>\n<tr>\n<td>&#8211; i\u0161 j\u0173 soci\u0173j\u0173 riebal\u0173 r\u016bg\u0161\u010di\u0173<\/td>\n<td>\u00a0 \u00a00,03 g<\/td>\n<\/tr>\n<tr>\n<td>Angliavandeniai<\/td>\n<td>\u00a0 \u00a022 g<\/td>\n<\/tr>\n<tr>\n<td>&#8211; i\u0161 j\u0173 cukr\u0173<\/td>\n<td>\u00a0 \u00a018,3 g<\/td>\n<\/tr>\n<tr>\n<td>Skaidulin\u0117s med\u017eiagos<\/td>\n<td>\u00a0 \u00a026 g<\/td>\n<\/tr>\n<tr>\n<td>Baltymai<\/td>\n<td>\u00a0 \u00a032,8 g<\/td>\n<\/tr>\n<tr>\n<td>Druska<\/td>\n<td>\u00a0 \u00a00,43 g<\/td>\n<\/tr>\n<\/tbody>\n<\/table>","protected":false},"excerpt":{"rendered":"<p>Brokolio milteliai\u00a0 Praturtinkite mityb\u0105 auk\u0161tos kokyb\u0117s brokoli\u0173 milteliais. Tai puikus kasdieninio kokteilio ar dar\u017eovi\u0173 sul\u010di\u0173 ingredientas. Puikiai dera nesaldiems kepiniams,\u00a0krekeriams, blynams, galima naudoti salot\u0173 pada\u017euose, sriubose, u\u017etep\u0117l\u0117se ir kt. Produktas yra be papildom\u0173 pried\u0173. Sudedamosios dalys: 100% maltas brokolis. Laikyti sausoje ir v\u0117sioje vietoje. Kilm\u0117s \u0161alis: Lenkija\/Kinija Energin\u0117 vert\u0117 100g. Energin\u0117 vert\u0117:\u00a0 \u00a0100 g \u00a0&#8230;<\/p>","protected":false},"featured_media":20763,"template":"","meta":{"_acf_changed":false},"product_brand":[],"product_cat":[65],"product_tag":[],"class_list":{"0":"post-20760","1":"product","2":"type-product","3":"status-publish","4":"has-post-thumbnail","6":"product_cat-supermaistas","7":"nt-post-class","8":"","9":"masonry-item","10":"col-lg-6","14":"excerpt-none","18":"first","19":"instock","20":"taxable","21":"shipping-taxable","22":"purchasable","23":"product-type-variable","24":"add-to-wishlist-after_add_to_cart"},"acf":[],"_links":{"self":[{"href":"https:\/\/chiaseklos.lt\/en\/wp-json\/wp\/v2\/product\/20760","targetHints":{"allow":["GET"]}}],"collection":[{"href":"https:\/\/chiaseklos.lt\/en\/wp-json\/wp\/v2\/product"}],"about":[{"href":"https:\/\/chiaseklos.lt\/en\/wp-json\/wp\/v2\/types\/product"}],"wp:featuredmedia":[{"embeddable":true,"href":"https:\/\/chiaseklos.lt\/en\/wp-json\/wp\/v2\/media\/20763"}],"wp:attachment":[{"href":"https:\/\/chiaseklos.lt\/en\/wp-json\/wp\/v2\/media?parent=20760"}],"wp:term":[{"taxonomy":"product_brand","embeddable":true,"href":"https:\/\/chiaseklos.lt\/en\/wp-json\/wp\/v2\/product_brand?post=20760"},{"taxonomy":"product_cat","embeddable":true,"href":"https:\/\/chiaseklos.lt\/en\/wp-json\/wp\/v2\/product_cat?post=20760"},{"taxonomy":"product_tag","embeddable":true,"href":"https:\/\/chiaseklos.lt\/en\/wp-json\/wp\/v2\/product_tag?post=20760"}],"curies":[{"name":"wp","href":"https:\/\/api.w.org\/{rel}","templated":true}]}}