{"id":20756,"date":"2022-11-15T13:31:39","date_gmt":"2022-11-15T13:31:39","guid":{"rendered":"https:\/\/chiaseklos.lt\/?post_type=product&#038;p=20756"},"modified":"2024-03-27T15:31:49","modified_gmt":"2024-03-27T15:31:49","slug":"muskato-ziedai-kavai-50g","status":"publish","type":"product","link":"https:\/\/chiaseklos.lt\/en\/product\/muskato-ziedai-kavai-50g\/","title":{"rendered":"Muskato \u017eiedai kavai 50g"},"content":{"rendered":"<p><strong>Muskato \u017eiedai kavai 50g<\/strong><\/p>\n<p>Su \u017ei\u016bpsneliu \u0161i\u0173 prieskoni\u0173 kava taps itin aromatinga ir gardi!<\/p>\n<p>Sudedamosios dalys:\u00a0\u017dvaig\u017edinis any\u017eius, muskato \u017eiedai 25 %, apelsin\u0173 \u017eievel\u0117s, juodieji pipirai, pankolis.<\/p>\n<p>Laikymo s\u0105lygos: Sausoje, v\u0117sioje aplinkoje.<\/p>\n<p>Kilm\u0117s \u0161alis: Lietuva<\/p>\n<p>Naudojimas: Rekomenduojama naudoti pagal skon\u012f.<\/p>\n<p>&nbsp;<\/p>","protected":false},"excerpt":{"rendered":"<p>Muskato \u017eiedai kavai 50g Su \u017ei\u016bpsneliu \u0161i\u0173 prieskoni\u0173 kava taps itin aromatinga ir gardi! Sudedamosios dalys:\u00a0\u017dvaig\u017edinis any\u017eius, muskato \u017eiedai 25 %, apelsin\u0173 \u017eievel\u0117s, juodieji pipirai, pankolis. Laikymo s\u0105lygos: Sausoje, v\u0117sioje aplinkoje. Kilm\u0117s \u0161alis: Lietuva Naudojimas: Rekomenduojama naudoti pagal skon\u012f. &nbsp;<\/p>","protected":false},"featured_media":20759,"template":"","meta":{"_acf_changed":false},"product_brand":[],"product_cat":[68],"product_tag":[],"class_list":{"0":"post-20756","1":"product","2":"type-product","3":"status-publish","4":"has-post-thumbnail","6":"product_cat-prieskoniai","7":"nt-post-class","8":"","9":"masonry-item","10":"col-lg-6","14":"excerpt-none","18":"first","19":"outofstock","20":"taxable","21":"shipping-taxable","22":"purchasable","23":"product-type-simple","24":"add-to-wishlist-after_add_to_cart"},"acf":[],"_links":{"self":[{"href":"https:\/\/chiaseklos.lt\/en\/wp-json\/wp\/v2\/product\/20756","targetHints":{"allow":["GET"]}}],"collection":[{"href":"https:\/\/chiaseklos.lt\/en\/wp-json\/wp\/v2\/product"}],"about":[{"href":"https:\/\/chiaseklos.lt\/en\/wp-json\/wp\/v2\/types\/product"}],"wp:featuredmedia":[{"embeddable":true,"href":"https:\/\/chiaseklos.lt\/en\/wp-json\/wp\/v2\/media\/20759"}],"wp:attachment":[{"href":"https:\/\/chiaseklos.lt\/en\/wp-json\/wp\/v2\/media?parent=20756"}],"wp:term":[{"taxonomy":"product_brand","embeddable":true,"href":"https:\/\/chiaseklos.lt\/en\/wp-json\/wp\/v2\/product_brand?post=20756"},{"taxonomy":"product_cat","embeddable":true,"href":"https:\/\/chiaseklos.lt\/en\/wp-json\/wp\/v2\/product_cat?post=20756"},{"taxonomy":"product_tag","embeddable":true,"href":"https:\/\/chiaseklos.lt\/en\/wp-json\/wp\/v2\/product_tag?post=20756"}],"curies":[{"name":"wp","href":"https:\/\/api.w.org\/{rel}","templated":true}]}}