{"id":20703,"date":"2022-11-10T13:31:16","date_gmt":"2022-11-10T13:31:16","guid":{"rendered":"https:\/\/chiaseklos.lt\/?post_type=product&#038;p=20703"},"modified":"2026-04-09T07:02:53","modified_gmt":"2026-04-09T07:02:53","slug":"alyvuogiu-aliejus-extra-virgin-dorica-physis-of-crete-0-2-butelyje-500ml","status":"publish","type":"product","link":"https:\/\/chiaseklos.lt\/en\/product\/alyvuogiu-aliejus-extra-virgin-dorica-physis-of-crete-0-2-butelyje-500ml\/","title":{"rendered":"Alyvuogi\u0173 aliejus Extra Virgin Dorica \u201ePhysis of Crete 0.2\u201d"},"content":{"rendered":"<p>Alyvuogi\u0173 aliejus Extra Virgin Dorica \u201ePhysis of Crete 0.2\u201d<\/p>\n<p>Alyvuogi\u0173 aliejus Extra Virgin Dorica \u201ePhysis of Crete 0.2 \u2013 auk\u0161\u010diausios kokyb\u0117s pirmojo spaudimo alyvuogi\u0173 aliejus (ypa\u010d tyras alyvuogi\u0173 aliejus) butelyje, turintis labai ma\u017e\u0105 r\u016bg\u0161tingum\u0105 ir vaisi\u0173 aromat\u0105! <strong>Tinka kepimui. \u0160alto spaudimo aliejus.<\/strong><\/p>\n<p>\u201ePhysis of Crete 0.2\u201c i\u0161gaunamas i\u0161 tiesiogiai atrinkt\u0173 alyvuogi\u0173 mechanin\u0117mis priemon\u0117mis. Koroneiki veisl\u0117s alyvuogi\u0173 \u012fvairov\u0117 kasmet auginama \u0161eim\u0173, turin\u010di\u0173 gamybos tradicijas, kurios kuria auk\u0161\u010diausios kokyb\u0117s pirmojo spaudimo alyvuogi\u0173 aliejaus kokyb\u0119. Idealiai tinka Vidur\u017eemio j\u016bros dietai. Puikiai tinka salotoms ir maisto ruo\u0161imui.<\/p>\n<p><strong>Maistin\u0117 vert\u0117:<\/strong><\/p>\n<p>100 ml: energetin\u0117 vert\u0117: 824 Kcal\/ 3389 kJ, Riebal\u0173 92 g, i\u0161 kuri\u0173: so\u010di\u0173j\u0173 riebal\u0173 r\u016bg\u0161\u010di\u0173 13 g, mononeso\u010di\u0173j\u0173 riebal\u0173 r\u016bg\u0161\u010di\u0173 73 g, polineso\u010di\u0173j\u0173 riebal\u0173 r\u016bg\u0161\u010di\u0173 6 g. Angliavandeni\u0173 0 g, i\u0161 kuri\u0173 cukr\u0173 \u2013 0 g, baltym\u0173 \u2013 0 g, druskos \u2013 0 g.<\/p>\n<p><strong>Laikymo s\u0105lygos:<\/strong>\u00a0laikyti sausoje vietoje kambario temperat\u016broje, saugoti nuo tiesiogini\u0173 saul\u0117s spinduli\u0173. Esant \u017eemesnei nei +7\u00ba C laipsni\u0173 temperat\u016brai, produkte gali atsirasti tir\u0161t\u0173 nuos\u0117d\u0173. Nuos\u0117dos i\u0161nyks auk\u0161tesn\u0117je nei 7\u00ba C temperat\u016broje. Tai nat\u016bralus procesas, ne\u012ftakojantis produkto kokyb\u0117s.<\/p>\n<p><strong>R\u016bg\u0161tingumas \u2013 0,29% max;<\/strong><\/p>\n<p><strong>Peroksid\u0173 skai\u010dius<\/strong>\u00a0\u2013 \u226420mEq;<\/p>\n<p><strong>Va\u0161ko kiekis<\/strong>\u00a0-\u2264150mg\/kg;<\/p>\n<p><strong>Ultravioletini\u0173 spinduli\u0173 absorbcija:<\/strong>\u00a0K270 \u2013 \u22640,20; K232 \u2013 \u22642,50; DK \u2013 \u22640,01<\/p>\n<p><strong>Gamintojas:<\/strong>\u00a0\u201cPhysis of Crete\u201d by Asmarianakis Family.<\/p>","protected":false},"excerpt":{"rendered":"<p>Alyvuogi\u0173 aliejus Extra Virgin Dorica \u201ePhysis of Crete 0.2\u201d Alyvuogi\u0173 aliejus Extra Virgin Dorica \u201ePhysis of Crete 0.2 \u2013 auk\u0161\u010diausios kokyb\u0117s pirmojo spaudimo alyvuogi\u0173 aliejus (ypa\u010d tyras alyvuogi\u0173 aliejus) butelyje, turintis labai ma\u017e\u0105 r\u016bg\u0161tingum\u0105 ir vaisi\u0173 aromat\u0105! Tinka kepimui. \u0160alto spaudimo aliejus. \u201ePhysis of Crete 0.2\u201c i\u0161gaunamas i\u0161 tiesiogiai atrinkt\u0173 alyvuogi\u0173 mechanin\u0117mis priemon\u0117mis. Koroneiki veisl\u0117s&#8230;<\/p>","protected":false},"featured_media":20706,"template":"","meta":{"_acf_changed":false},"product_brand":[],"product_cat":[101],"product_tag":[],"class_list":{"0":"post-20703","1":"product","2":"type-product","3":"status-publish","4":"has-post-thumbnail","6":"product_cat-aliejus","7":"nt-post-class","8":"","9":"masonry-item","10":"col-lg-6","14":"excerpt-none","18":"first","19":"instock","20":"sale","21":"taxable","22":"shipping-taxable","23":"purchasable","24":"product-type-variable","25":"has-default-attributes","26":"add-to-wishlist-after_add_to_cart"},"acf":[],"_links":{"self":[{"href":"https:\/\/chiaseklos.lt\/en\/wp-json\/wp\/v2\/product\/20703","targetHints":{"allow":["GET"]}}],"collection":[{"href":"https:\/\/chiaseklos.lt\/en\/wp-json\/wp\/v2\/product"}],"about":[{"href":"https:\/\/chiaseklos.lt\/en\/wp-json\/wp\/v2\/types\/product"}],"wp:featuredmedia":[{"embeddable":true,"href":"https:\/\/chiaseklos.lt\/en\/wp-json\/wp\/v2\/media\/20706"}],"wp:attachment":[{"href":"https:\/\/chiaseklos.lt\/en\/wp-json\/wp\/v2\/media?parent=20703"}],"wp:term":[{"taxonomy":"product_brand","embeddable":true,"href":"https:\/\/chiaseklos.lt\/en\/wp-json\/wp\/v2\/product_brand?post=20703"},{"taxonomy":"product_cat","embeddable":true,"href":"https:\/\/chiaseklos.lt\/en\/wp-json\/wp\/v2\/product_cat?post=20703"},{"taxonomy":"product_tag","embeddable":true,"href":"https:\/\/chiaseklos.lt\/en\/wp-json\/wp\/v2\/product_tag?post=20703"}],"curies":[{"name":"wp","href":"https:\/\/api.w.org\/{rel}","templated":true}]}}