{"id":20676,"date":"2022-11-07T13:28:48","date_gmt":"2022-11-07T13:28:48","guid":{"rendered":"https:\/\/chiaseklos.lt\/?post_type=product&#038;p=20676"},"modified":"2023-12-20T09:20:14","modified_gmt":"2023-12-20T09:20:14","slug":"samo-uzkandele-su-salierais-ir-burnocio-seklomis-190-g","status":"publish","type":"product","link":"https:\/\/chiaseklos.lt\/en\/product\/samo-uzkandele-su-salierais-ir-burnocio-seklomis-190-g\/","title":{"rendered":"\u0160amo u\u017ekand\u0117l\u0117 su salierais ir burno\u010dio s\u0117klomis, 190 g"},"content":{"rendered":"<h1 class=\"product-single__title\">\u0160amo u\u017ekand\u0117l\u0117 su salierais ir burno\u010dio s\u0117klomis, 190 g<\/h1>\n<h5>\u0160AMO U\u017dKAND\u0116L\u0116 TINKAMA BET KURIAM I\u0160ALKUSIAM \u2013 TIESIOG KABINTI \u0160AUK\u0160TU, TEPTI ANT M\u0116GIAMOS DUONOS, TRAPU\u010cI\u0172 AR DAR\u017dOV\u0116S RIEKEL\u0116S. PRODUKTAS YRA TERMI\u0160KAI APDOROTAS, BE KONSERVANT\u0172, BE GLIUTENO, BE GMO.<\/h5>\n<h5>\u017dYMIMAS \u017dALIO RAKTO SKYLUTE.<\/h5>\n<div class=\"product__list-wrapper -simple\">\n<p class=\"heading\">Laikymo s\u0105lygos ir papildoma informacija<\/p>\n<ul class=\"list\">\n<li class=\"item\">Ma\u017eiausia leistina laikymo temperatura: 0\u00b0 C<\/li>\n<li class=\"item\">Did\u017eiausia leistina laikymo temperatura: 25\u00b0 C<\/li>\n<\/ul>\n<\/div>\n<div class=\"product__list-wrapper\">\n<p class=\"heading\">Maistin\u0117 informacija.\u00a0Kiekis 100-e gram\u0173<\/p>\n<\/div>\n<div class=\"product__table\">\n<div>\n<table>\n<thead>\n<tr>\n<th>MAISTINI\u0172 MED\u017dIAG\u0172<\/th>\n<th>KIEKIS 100-E GRAM\u0172\/ML<\/th>\n<\/tr>\n<\/thead>\n<tbody>\n<tr>\n<td>energin\u0117 vert\u0117<\/td>\n<td>762 kJ\/ 182 kcal<\/td>\n<\/tr>\n<tr>\n<td>riebalai<\/td>\n<td>14 g<\/td>\n<\/tr>\n<tr>\n<td class=\"indent\">i\u0161 kuri\u0173 so\u010di\u0173j\u0173 riebal\u0173 r\u016bg\u0161\u010di\u0173<\/td>\n<td>2 g<\/td>\n<\/tr>\n<tr>\n<td>angliavandeniai<\/td>\n<td>8.3 g<\/td>\n<\/tr>\n<tr>\n<td class=\"indent\">i\u0161 kuri\u0173 cukr\u0173<\/td>\n<td>3 g<\/td>\n<\/tr>\n<tr>\n<td>baltymai<\/td>\n<td>7.1g<\/td>\n<\/tr>\n<tr>\n<td>druska<\/td>\n<td>0.9 g<\/td>\n<\/tr>\n<\/tbody>\n<\/table>\n<\/div>\n<\/div>\n<div class=\"product__list-wrapper\">\n<p class=\"heading\">Papildoma informacija:\u00a0atidarius laikyti \u0161altai, suvartoti per 2 dienas<\/p>\n<\/div>","protected":false},"excerpt":{"rendered":"<p>\u0160amo u\u017ekand\u0117l\u0117 su salierais ir burno\u010dio s\u0117klomis, 190 g \u0160AMO U\u017dKAND\u0116L\u0116 TINKAMA BET KURIAM I\u0160ALKUSIAM \u2013 TIESIOG KABINTI \u0160AUK\u0160TU, TEPTI ANT M\u0116GIAMOS DUONOS, TRAPU\u010cI\u0172 AR DAR\u017dOV\u0116S RIEKEL\u0116S. PRODUKTAS YRA TERMI\u0160KAI APDOROTAS, BE KONSERVANT\u0172, BE GLIUTENO, BE GMO. \u017dYMIMAS \u017dALIO RAKTO SKYLUTE. Laikymo s\u0105lygos ir papildoma informacija Ma\u017eiausia leistina laikymo temperatura: 0\u00b0 C Did\u017eiausia leistina laikymo&#8230;<\/p>","protected":false},"featured_media":20677,"template":"","meta":{"_acf_changed":false},"product_brand":[],"product_cat":[99],"product_tag":[],"class_list":{"0":"post-20676","1":"product","2":"type-product","3":"status-publish","4":"has-post-thumbnail","6":"product_cat-uztepeles","7":"nt-post-class","8":"","9":"masonry-item","10":"col-lg-6","14":"excerpt-none","18":"first","19":"outofstock","20":"taxable","21":"shipping-taxable","22":"purchasable","23":"product-type-simple","24":"add-to-wishlist-after_add_to_cart"},"acf":[],"_links":{"self":[{"href":"https:\/\/chiaseklos.lt\/en\/wp-json\/wp\/v2\/product\/20676","targetHints":{"allow":["GET"]}}],"collection":[{"href":"https:\/\/chiaseklos.lt\/en\/wp-json\/wp\/v2\/product"}],"about":[{"href":"https:\/\/chiaseklos.lt\/en\/wp-json\/wp\/v2\/types\/product"}],"wp:featuredmedia":[{"embeddable":true,"href":"https:\/\/chiaseklos.lt\/en\/wp-json\/wp\/v2\/media\/20677"}],"wp:attachment":[{"href":"https:\/\/chiaseklos.lt\/en\/wp-json\/wp\/v2\/media?parent=20676"}],"wp:term":[{"taxonomy":"product_brand","embeddable":true,"href":"https:\/\/chiaseklos.lt\/en\/wp-json\/wp\/v2\/product_brand?post=20676"},{"taxonomy":"product_cat","embeddable":true,"href":"https:\/\/chiaseklos.lt\/en\/wp-json\/wp\/v2\/product_cat?post=20676"},{"taxonomy":"product_tag","embeddable":true,"href":"https:\/\/chiaseklos.lt\/en\/wp-json\/wp\/v2\/product_tag?post=20676"}],"curies":[{"name":"wp","href":"https:\/\/api.w.org\/{rel}","templated":true}]}}