{"id":20674,"date":"2022-11-07T13:22:57","date_gmt":"2022-11-07T13:22:57","guid":{"rendered":"https:\/\/chiaseklos.lt\/?post_type=product&#038;p=20674"},"modified":"2023-12-18T15:03:49","modified_gmt":"2023-12-18T15:03:49","slug":"samo-uzkandele-su-salierais-ir-kanapiu-seklomis-190-g","status":"publish","type":"product","link":"https:\/\/chiaseklos.lt\/en\/product\/samo-uzkandele-su-salierais-ir-kanapiu-seklomis-190-g\/","title":{"rendered":"\u0160amo u\u017ekand\u0117l\u0117 su salierais ir kanapi\u0173 s\u0117klomis, 190 g"},"content":{"rendered":"<h1 class=\"product-single__title\">\u0160amo u\u017ekand\u0117l\u0117 su salierais ir kanapi\u0173 s\u0117klomis, 190 g<\/h1>\n<p>\u0160amo u\u017ekand\u0117l\u0117 tinkama bet kuriam i\u0161alkusiam \u2013 tiesiog kabinti \u0161auk\u0161tu, tepti ant m\u0117giamos duonos, trapu\u010di\u0173 ar dar\u017eov\u0117s riekel\u0117s. Produktas yra termi\u0161kai apdorotas, be konservant\u0173, be gliuteno, be GMO.<\/p>\n<p>U\u017ekand\u0117l\u0117 maistinga, su r\u016bkyto \u0161amo fil\u0117, kanapi\u0173 s\u0117klos priduoda tra\u0161kumo.<\/p>\n<p>\u017dymimas \u017ealio rakto skylute.<\/p>\n<p>Sudedamosios dalys: kar\u0161tai r\u016bkyta afrikinio \u0161amo (Clarias gariepinus) fil\u0117 (druska) 50%,\u00a0<strong>salierai<\/strong>\u00a014%, kanapi\u0173 s\u0117klos 10%, svog\u016bnai, raps\u0173 aliejus, morkos, druska, pipirai.<\/p>\n<div class=\"product__list-wrapper\">\n<p class=\"heading\">Maistin\u0117 informacija.\u00a0Kiekis 100-e gram\u0173<\/p>\n<\/div>\n<div class=\"product__table\">\n<div>\n<table>\n<thead>\n<tr>\n<th>MAISTINI\u0172 MED\u017dIAG\u0172<\/th>\n<th>KIEKIS 100-E GRAM\u0172\/ML<\/th>\n<\/tr>\n<\/thead>\n<tbody>\n<tr>\n<td>energin\u0117 vert\u0117<\/td>\n<td>915 kJ\/ 219 kcal<\/td>\n<\/tr>\n<tr>\n<td>riebalai<\/td>\n<td>17.2 g<\/td>\n<\/tr>\n<tr>\n<td class=\"indent\">i\u0161 kuri\u0173 so\u010di\u0173j\u0173 riebal\u0173 r\u016bg\u0161\u010di\u0173<\/td>\n<td>3 g<\/td>\n<\/tr>\n<tr>\n<td>angliavandeniai<\/td>\n<td>3.7 g<\/td>\n<\/tr>\n<tr>\n<td class=\"indent\">i\u0161 kuri\u0173 cukr\u0173<\/td>\n<td>1.8 g<\/td>\n<\/tr>\n<tr>\n<td>baltymai<\/td>\n<td>12 g<\/td>\n<\/tr>\n<tr>\n<td>druska<\/td>\n<td>1.1 g<\/td>\n<\/tr>\n<\/tbody>\n<\/table>\n<\/div>\n<\/div>\n<div class=\"product__list-wrapper\">\n<p class=\"heading\">Papildoma informacija:\u00a0atidarius laikyti \u0161altai, suvartoti per 2 dienas<\/p>\n<\/div>","protected":false},"excerpt":{"rendered":"<p>\u0160amo u\u017ekand\u0117l\u0117 su salierais ir kanapi\u0173 s\u0117klomis, 190 g \u0160amo u\u017ekand\u0117l\u0117 tinkama bet kuriam i\u0161alkusiam \u2013 tiesiog kabinti \u0161auk\u0161tu, tepti ant m\u0117giamos duonos, trapu\u010di\u0173 ar dar\u017eov\u0117s riekel\u0117s. Produktas yra termi\u0161kai apdorotas, be konservant\u0173, be gliuteno, be GMO. U\u017ekand\u0117l\u0117 maistinga, su r\u016bkyto \u0161amo fil\u0117, kanapi\u0173 s\u0117klos priduoda tra\u0161kumo. \u017dymimas \u017ealio rakto skylute. Sudedamosios dalys: kar\u0161tai r\u016bkyta&#8230;<\/p>","protected":false},"featured_media":20675,"template":"","meta":{"_acf_changed":false},"product_brand":[],"product_cat":[99],"product_tag":[],"class_list":{"0":"post-20674","1":"product","2":"type-product","3":"status-publish","4":"has-post-thumbnail","6":"product_cat-uztepeles","7":"nt-post-class","8":"","9":"masonry-item","10":"col-lg-6","14":"excerpt-none","18":"first","19":"outofstock","20":"taxable","21":"shipping-taxable","22":"purchasable","23":"product-type-simple","24":"add-to-wishlist-after_add_to_cart"},"acf":[],"_links":{"self":[{"href":"https:\/\/chiaseklos.lt\/en\/wp-json\/wp\/v2\/product\/20674","targetHints":{"allow":["GET"]}}],"collection":[{"href":"https:\/\/chiaseklos.lt\/en\/wp-json\/wp\/v2\/product"}],"about":[{"href":"https:\/\/chiaseklos.lt\/en\/wp-json\/wp\/v2\/types\/product"}],"wp:featuredmedia":[{"embeddable":true,"href":"https:\/\/chiaseklos.lt\/en\/wp-json\/wp\/v2\/media\/20675"}],"wp:attachment":[{"href":"https:\/\/chiaseklos.lt\/en\/wp-json\/wp\/v2\/media?parent=20674"}],"wp:term":[{"taxonomy":"product_brand","embeddable":true,"href":"https:\/\/chiaseklos.lt\/en\/wp-json\/wp\/v2\/product_brand?post=20674"},{"taxonomy":"product_cat","embeddable":true,"href":"https:\/\/chiaseklos.lt\/en\/wp-json\/wp\/v2\/product_cat?post=20674"},{"taxonomy":"product_tag","embeddable":true,"href":"https:\/\/chiaseklos.lt\/en\/wp-json\/wp\/v2\/product_tag?post=20674"}],"curies":[{"name":"wp","href":"https:\/\/api.w.org\/{rel}","templated":true}]}}