{"id":20607,"date":"2022-10-30T06:34:07","date_gmt":"2022-10-30T06:34:07","guid":{"rendered":"https:\/\/chiaseklos.lt\/?post_type=product&#038;p=20607"},"modified":"2023-02-26T08:20:42","modified_gmt":"2023-02-26T08:20:42","slug":"sokoladinis-avinzirniu-kremas-su-lazdyno-riesutu-gabaliukais-220ml","status":"publish","type":"product","link":"https:\/\/chiaseklos.lt\/en\/product\/sokoladinis-avinzirniu-kremas-su-lazdyno-riesutu-gabaliukais-220ml\/","title":{"rendered":"\u0160okoladinis avin\u017eirni\u0173 kremas su lazdyno rie\u0161ut\u0173 gabaliukais 220ml"},"content":{"rendered":"<p><strong>\u0160okoladinis avin\u017eirni\u0173 kremas su lazdyno rie\u0161ut\u0173 gabaliukais 220ml<\/strong><\/p>\n<p>\u0160okoladien\u0117 \u2013 maistingas kremas, kuris dar ir \u0161okoladi\u0161kai skanus. Nuo skonio apsals \u0161irdis ir gyvenimas!<\/p>\n<p>Sudedamosios dalys: Avin\u017eirniai 21% Datul\u0117s Lazdyn\u0173 ir anakard\u017ei\u0173 rie\u0161ut\u0173 kremas 11.7% (<strong>lazdyno rie\u0161utai<\/strong>\u00a060%,\u00a0<strong>anakard\u017ei\u0173 rie\u0161utai<\/strong>\u00a040%), Raps\u0173 aliejus Kakavos sviestas\u00a0<strong>Lazdyno rie\u0161utai 3%\u00a0<\/strong>Kakavos milteliai 2,4% (22-24% riebumo), Lin\u0173 s\u0117kl\u0173 milteliai J\u016bros druska<\/p>\n<p>Energin\u0117 ir maistin\u0117 vert\u0117 (100 g): Energin\u0117 vert\u0117 \u2013 1557 kJ\/375 kcal; Riebalai \u2013 16,3 g; i\u0161 kuri\u0173 so\u010di\u0173j\u0173 riebal\u0173 r\u016bg\u0161\u010di\u0173 \u2013 5,3 g; Angliavandeniai \u2013 39,7 g; \u0161 kuri\u0173 nat\u016brali\u0173 cukr\u0173 \u2013 11,7 g; baltymai \u2013 8,6 g; skaidulin\u0117s med\u017eiagos \u2013 7,3 g druska \u2013 0,54 g.<\/p>\n<p>Laikymo s\u0105lygos:\u00a0Laikyti sausoje, v\u0117sioje nuo tiesiogini\u0173 saul\u0117s spinduli\u0173 apsaugotoje vietoje.\u00a0Atidarius pakuot\u0119 rekomenduojama laikyti \u0161aldytuve ir suvartoti per 14 dien\u0173.<\/p>","protected":false},"excerpt":{"rendered":"<p>\u0160okoladinis avin\u017eirni\u0173 kremas su lazdyno rie\u0161ut\u0173 gabaliukais 220ml \u0160okoladien\u0117 \u2013 maistingas kremas, kuris dar ir \u0161okoladi\u0161kai skanus. Nuo skonio apsals \u0161irdis ir gyvenimas! Sudedamosios dalys: Avin\u017eirniai 21% Datul\u0117s Lazdyn\u0173 ir anakard\u017ei\u0173 rie\u0161ut\u0173 kremas 11.7% (lazdyno rie\u0161utai\u00a060%,\u00a0anakard\u017ei\u0173 rie\u0161utai\u00a040%), Raps\u0173 aliejus Kakavos sviestas\u00a0Lazdyno rie\u0161utai 3%\u00a0Kakavos milteliai 2,4% (22-24% riebumo), Lin\u0173 s\u0117kl\u0173 milteliai J\u016bros druska Energin\u0117 ir maistin\u0117&#8230;<\/p>","protected":false},"featured_media":20608,"template":"","meta":{"_acf_changed":false},"product_brand":[],"product_cat":[99],"product_tag":[],"class_list":{"0":"post-20607","1":"product","2":"type-product","3":"status-publish","4":"has-post-thumbnail","6":"product_cat-uztepeles","7":"nt-post-class","8":"","9":"masonry-item","10":"col-lg-6","14":"excerpt-none","18":"first","19":"outofstock","20":"sale","21":"taxable","22":"shipping-taxable","23":"purchasable","24":"product-type-simple","25":"add-to-wishlist-after_add_to_cart"},"acf":[],"_links":{"self":[{"href":"https:\/\/chiaseklos.lt\/en\/wp-json\/wp\/v2\/product\/20607","targetHints":{"allow":["GET"]}}],"collection":[{"href":"https:\/\/chiaseklos.lt\/en\/wp-json\/wp\/v2\/product"}],"about":[{"href":"https:\/\/chiaseklos.lt\/en\/wp-json\/wp\/v2\/types\/product"}],"wp:featuredmedia":[{"embeddable":true,"href":"https:\/\/chiaseklos.lt\/en\/wp-json\/wp\/v2\/media\/20608"}],"wp:attachment":[{"href":"https:\/\/chiaseklos.lt\/en\/wp-json\/wp\/v2\/media?parent=20607"}],"wp:term":[{"taxonomy":"product_brand","embeddable":true,"href":"https:\/\/chiaseklos.lt\/en\/wp-json\/wp\/v2\/product_brand?post=20607"},{"taxonomy":"product_cat","embeddable":true,"href":"https:\/\/chiaseklos.lt\/en\/wp-json\/wp\/v2\/product_cat?post=20607"},{"taxonomy":"product_tag","embeddable":true,"href":"https:\/\/chiaseklos.lt\/en\/wp-json\/wp\/v2\/product_tag?post=20607"}],"curies":[{"name":"wp","href":"https:\/\/api.w.org\/{rel}","templated":true}]}}