{"id":20605,"date":"2022-10-30T06:29:44","date_gmt":"2022-10-30T06:29:44","guid":{"rendered":"https:\/\/chiaseklos.lt\/?post_type=product&#038;p=20605"},"modified":"2023-02-06T16:34:50","modified_gmt":"2023-02-06T16:34:50","slug":"sokoladinis-avinzirniu-ir-riesutu-kremas-220ml","status":"publish","type":"product","link":"https:\/\/chiaseklos.lt\/en\/product\/sokoladinis-avinzirniu-ir-riesutu-kremas-220ml\/","title":{"rendered":"\u0160okoladinis avin\u017eirni\u0173 ir rie\u0161ut\u0173 kremas 220ml"},"content":{"rendered":"<p><strong>\u0160okoladinis avin\u017eirni\u0173 ir rie\u0161ut\u0173 kremas 220ml<\/strong><\/p>\n<h5>\u0160is \u0161okoladinis kremas pasi\u017eymi gausiu baltym\u0173, skaidul\u0173 kiekiu, jame nerasite prid\u0117tinio cukraus, pieno, glitimo, nekvar\u0161insite galvos apie palmi\u0173 aliejaus padaryt\u0105 \u017eal\u0105 aplinkai. I\u0161bandykite!<\/h5>\n<h5 class=\"text-xl lg:text-2xl text-left font-bold mb-4 lg:mb-8\">Sudedamosios dalys: Avin\u017eirniai 23% Datul\u0117s, Lazdyn\u0173 ir anakard\u017ei\u0173 rie\u0161ut\u0173 kremas 12% (<strong>lazdyno rie\u0161utai<\/strong>\u00a060%,\u00a0<strong>anakard\u017ei\u0173 rie\u0161utai<\/strong>\u00a040%), Raps\u0173 aliejus, Kakavos sviestas, Lakavos milteliai 2,5% (22-24% riebumo), Lin\u0173 s\u0117kl\u0173 milteliai, J\u016bros druska<\/h5>\n<h5 class=\"text-xl lg:text-2xl text-left font-bold mb-4 lg:mb-8\">Energin\u0117 ir maistin\u0117 vert\u0117 (100 g): Energin\u0117 vert\u0117 \u2013 1543 kJ\/368 kcal; Riebalai \u2013 15,7 g; i\u0161 kuri\u0173 so\u010di\u0173j\u0173 riebal\u0173 r\u016bg\u0161\u010di\u0173 \u2013 5,1 g; Angliavandeniai \u2013 40,2 g; \u0161 kuri\u0173 nat\u016brali\u0173 cukr\u0173 \u2013 12 g; baltymai \u2013 8,4 g; skaidulin\u0117s med\u017eiagos \u2013 7,2 g druska \u2013 0,54 g.<\/h5>\n<h5 class=\"text-2xl text-left font-bold mb-8\">Laikymo s\u0105lygos:\u00a0Laikyti sausoje, v\u0117sioje nuo tiesiogini\u0173 saul\u0117s spinduli\u0173 apsaugotoje vietoje.\u00a0Atidarius pakuot\u0119 rekomenduojama laikyti \u0161aldytuve ir suvartoti per 14 dien\u0173.<\/h5>\n<h5 class=\"text-2xl text-left font-bold mb-8\">Su kuo vartoti: Skanauti su blynais,\u00a0 Tepti ant skrebu\u010dio, Naudoti gaminant kepinius, Tepti ant s\u016brio, Pilti ant led\u0173, Mirkyti vaisi\u0173 skilteles<\/h5>","protected":false},"excerpt":{"rendered":"<p>\u0160okoladinis avin\u017eirni\u0173 ir rie\u0161ut\u0173 kremas 220ml \u0160is \u0161okoladinis kremas pasi\u017eymi gausiu baltym\u0173, skaidul\u0173 kiekiu, jame nerasite prid\u0117tinio cukraus, pieno, glitimo, nekvar\u0161insite galvos apie palmi\u0173 aliejaus padaryt\u0105 \u017eal\u0105 aplinkai. I\u0161bandykite! Sudedamosios dalys: Avin\u017eirniai 23% Datul\u0117s, Lazdyn\u0173 ir anakard\u017ei\u0173 rie\u0161ut\u0173 kremas 12% (lazdyno rie\u0161utai\u00a060%,\u00a0anakard\u017ei\u0173 rie\u0161utai\u00a040%), Raps\u0173 aliejus, Kakavos sviestas, Lakavos milteliai 2,5% (22-24% riebumo), Lin\u0173 s\u0117kl\u0173 milteliai,&#8230;<\/p>","protected":false},"featured_media":20606,"template":"","meta":{"_acf_changed":false},"product_brand":[],"product_cat":[70,99],"product_tag":[],"class_list":{"0":"post-20605","1":"product","2":"type-product","3":"status-publish","4":"has-post-thumbnail","6":"product_cat-akcijos","7":"product_cat-uztepeles","8":"nt-post-class","9":"","10":"masonry-item","11":"col-lg-6","15":"excerpt-none","19":"first","20":"outofstock","21":"sale","22":"taxable","23":"shipping-taxable","24":"purchasable","25":"product-type-simple","26":"add-to-wishlist-after_add_to_cart"},"acf":[],"_links":{"self":[{"href":"https:\/\/chiaseklos.lt\/en\/wp-json\/wp\/v2\/product\/20605","targetHints":{"allow":["GET"]}}],"collection":[{"href":"https:\/\/chiaseklos.lt\/en\/wp-json\/wp\/v2\/product"}],"about":[{"href":"https:\/\/chiaseklos.lt\/en\/wp-json\/wp\/v2\/types\/product"}],"wp:featuredmedia":[{"embeddable":true,"href":"https:\/\/chiaseklos.lt\/en\/wp-json\/wp\/v2\/media\/20606"}],"wp:attachment":[{"href":"https:\/\/chiaseklos.lt\/en\/wp-json\/wp\/v2\/media?parent=20605"}],"wp:term":[{"taxonomy":"product_brand","embeddable":true,"href":"https:\/\/chiaseklos.lt\/en\/wp-json\/wp\/v2\/product_brand?post=20605"},{"taxonomy":"product_cat","embeddable":true,"href":"https:\/\/chiaseklos.lt\/en\/wp-json\/wp\/v2\/product_cat?post=20605"},{"taxonomy":"product_tag","embeddable":true,"href":"https:\/\/chiaseklos.lt\/en\/wp-json\/wp\/v2\/product_tag?post=20605"}],"curies":[{"name":"wp","href":"https:\/\/api.w.org\/{rel}","templated":true}]}}