{"id":20593,"date":"2022-10-29T10:04:27","date_gmt":"2022-10-29T10:04:27","guid":{"rendered":"https:\/\/chiaseklos.lt\/?post_type=product&#038;p=20593"},"modified":"2023-01-27T07:48:57","modified_gmt":"2023-01-27T07:48:57","slug":"zaliosios-alyvuoges-be-kauliuku-vakuumo-pakuoteje-250-g","status":"publish","type":"product","link":"https:\/\/chiaseklos.lt\/en\/product\/zaliosios-alyvuoges-be-kauliuku-vakuumo-pakuoteje-250-g\/","title":{"rendered":"\u017daliosios alyvuog\u0117s be kauliuk\u0173 vakuumo pakuot\u0117je 250 g."},"content":{"rendered":"<h4 class=\"product_title entry-title\"><strong>\u017daliosios alyvuog\u0117s be kauliuk\u0173 vakuumo pakuot\u0117je 250 g.<\/strong><\/h4>\n<p>Idealiai tinka salotoms, maisto ruo\u0161imui, picai, kokteiliams.<\/p>\n<p><strong>Sudedamosios dalys:<\/strong>\u00a0\u017ealiosios alyvuog\u0117s be kauliuk\u0173, vanduo, druska.<\/p>\n<p><strong>Maistin\u0117 vert\u0117:\u00a0<\/strong>100 gr: energetin\u0117 vert\u0117: 156 Kcal\/ 645 kJ, Riebal\u0173 15,4 g, i\u0161 kuri\u0173: so\u010di\u0173j\u0173 riebal\u0173 r\u016bg\u0161\u010di\u0173 2.3 g, mononeso\u010di\u0173j\u0173 riebal\u0173 r\u016bg\u0161\u010di\u0173 12 g, polineso\u010di\u0173j\u0173 riebal\u0173 r\u016bg\u0161\u010di\u0173 1.1 g. Angliavandeni\u0173 3,6 g, i\u0161 kuri\u0173 cukr\u0173 \u2013 &lt;0,1 g, , baltym\u0173 \u2013 0,8 g, skaidulini\u0173 med\u017eiag\u0173 \u2013 5.8 g. druskos \u2013 3,34 g.<\/p>\n<p><strong>Laikymo s\u0105lygos:<\/strong>\u00a0laikyti \u017eemesn\u0117je nei +30 C temperat\u016broje . Saugoti nuo tiesiogini\u0173 saul\u0117s spinduli\u0173. Atidarius laikyti \u0161aldytuve.<\/p>\n<p><strong>Gamintojas:<\/strong>\u00a0\u201cPhysis of Crete\u201d by Asmarianakis Family<\/p>","protected":false},"excerpt":{"rendered":"<p>\u017daliosios alyvuog\u0117s be kauliuk\u0173 vakuumo pakuot\u0117je 250 g. Idealiai tinka salotoms, maisto ruo\u0161imui, picai, kokteiliams. Sudedamosios dalys:\u00a0\u017ealiosios alyvuog\u0117s be kauliuk\u0173, vanduo, druska. Maistin\u0117 vert\u0117:\u00a0100 gr: energetin\u0117 vert\u0117: 156 Kcal\/ 645 kJ, Riebal\u0173 15,4 g, i\u0161 kuri\u0173: so\u010di\u0173j\u0173 riebal\u0173 r\u016bg\u0161\u010di\u0173 2.3 g, mononeso\u010di\u0173j\u0173 riebal\u0173 r\u016bg\u0161\u010di\u0173 12 g, polineso\u010di\u0173j\u0173 riebal\u0173 r\u016bg\u0161\u010di\u0173 1.1 g. Angliavandeni\u0173 3,6 g, i\u0161&#8230;<\/p>","protected":false},"featured_media":20594,"template":"","meta":{"_acf_changed":false},"product_brand":[],"product_cat":[99],"product_tag":[],"class_list":{"0":"post-20593","1":"product","2":"type-product","3":"status-publish","4":"has-post-thumbnail","6":"product_cat-uztepeles","7":"nt-post-class","8":"","9":"masonry-item","10":"col-lg-6","14":"excerpt-none","18":"first","19":"outofstock","20":"taxable","21":"shipping-taxable","22":"purchasable","23":"product-type-simple","24":"add-to-wishlist-after_add_to_cart"},"acf":[],"_links":{"self":[{"href":"https:\/\/chiaseklos.lt\/en\/wp-json\/wp\/v2\/product\/20593","targetHints":{"allow":["GET"]}}],"collection":[{"href":"https:\/\/chiaseklos.lt\/en\/wp-json\/wp\/v2\/product"}],"about":[{"href":"https:\/\/chiaseklos.lt\/en\/wp-json\/wp\/v2\/types\/product"}],"wp:featuredmedia":[{"embeddable":true,"href":"https:\/\/chiaseklos.lt\/en\/wp-json\/wp\/v2\/media\/20594"}],"wp:attachment":[{"href":"https:\/\/chiaseklos.lt\/en\/wp-json\/wp\/v2\/media?parent=20593"}],"wp:term":[{"taxonomy":"product_brand","embeddable":true,"href":"https:\/\/chiaseklos.lt\/en\/wp-json\/wp\/v2\/product_brand?post=20593"},{"taxonomy":"product_cat","embeddable":true,"href":"https:\/\/chiaseklos.lt\/en\/wp-json\/wp\/v2\/product_cat?post=20593"},{"taxonomy":"product_tag","embeddable":true,"href":"https:\/\/chiaseklos.lt\/en\/wp-json\/wp\/v2\/product_tag?post=20593"}],"curies":[{"name":"wp","href":"https:\/\/api.w.org\/{rel}","templated":true}]}}