{"id":20587,"date":"2022-10-29T09:49:03","date_gmt":"2022-10-29T09:49:03","guid":{"rendered":"https:\/\/chiaseklos.lt\/?post_type=product&#038;p=20587"},"modified":"2023-12-07T13:40:21","modified_gmt":"2023-12-07T13:40:21","slug":"ranku-kremas-oliveplus-100-ml","status":"publish","type":"product","link":"https:\/\/chiaseklos.lt\/en\/product\/ranku-kremas-oliveplus-100-ml\/","title":{"rendered":"Rank\u0173 kremas OlivePlus 100 ml"},"content":{"rendered":"<h4 class=\"product_title entry-title\"><strong>Rank\u0173 kremas OlivePlus 100 ml<\/strong><\/h4>\n<p>Rank\u0173 kremas su ekologi\u0161ku alyvuogi\u0173 aliejumi, argano aliejumi, alavij\u0173 ekstraktu, alantoinu ir keratinu.<\/p>\n<p>Sausoms ir suskilin\u0117jusioms rankoms. Jis nat\u016braliai dr\u0117kina, atkuria elastingum\u0105 ir suteikia odai \u0161ilko \u0161velnumo. D\u0117l sud\u0117tyje esan\u010dio keratino maitina ir sutvirtina nagus.<\/p>\n<p><strong>Naudojimas:<\/strong>\u00a0Tepkite ant rank\u0173 taip da\u017enai, kaip reikia.<\/p>\n<p><strong>Sud\u0117tis:<\/strong>\u00a0Aqua (water), ethylhexyl stearate, glycerin, glyceryl stearate, cetyl alcohol, urea, trilaureth-4 phosphate, caprylic\/capric triglyceride, olea europaea (olive) fruit oil, cyclopentasiloxane, distarch phosphate, prunus amygdalus dulcis (sweet almond) oil, dimethicone, ammonium acryloydimethyltaurate\/vp copolymer, phenoxyethanol, argania spinosa (argan) kernel oil, parfum (fragrance), imidazolidinyl urea, betaine, keratin amino acid, sodium chloride, allantoin, panthenol, ethylhexylglycerin, bht, polyacrylamide, c13-14 isoparaffin, c9-11 pareth-6, aloe barbadensis (aloe vera) leaf juice.<\/p>\n<p>&nbsp;<\/p>","protected":false},"excerpt":{"rendered":"<p>Rank\u0173 kremas OlivePlus 100 ml Rank\u0173 kremas su ekologi\u0161ku alyvuogi\u0173 aliejumi, argano aliejumi, alavij\u0173 ekstraktu, alantoinu ir keratinu. Sausoms ir suskilin\u0117jusioms rankoms. Jis nat\u016braliai dr\u0117kina, atkuria elastingum\u0105 ir suteikia odai \u0161ilko \u0161velnumo. D\u0117l sud\u0117tyje esan\u010dio keratino maitina ir sutvirtina nagus. Naudojimas:\u00a0Tepkite ant rank\u0173 taip da\u017enai, kaip reikia. Sud\u0117tis:\u00a0Aqua (water), ethylhexyl stearate, glycerin, glyceryl stearate, cetyl&#8230;<\/p>","protected":false},"featured_media":20588,"template":"","meta":{"_acf_changed":false},"product_brand":[],"product_cat":[64],"product_tag":[],"class_list":{"0":"post-20587","1":"product","2":"type-product","3":"status-publish","4":"has-post-thumbnail","6":"product_cat-naturalios-priemones-odai","7":"nt-post-class","8":"","9":"masonry-item","10":"col-lg-6","14":"excerpt-none","18":"first","19":"outofstock","20":"taxable","21":"shipping-taxable","22":"purchasable","23":"product-type-simple","24":"add-to-wishlist-after_add_to_cart"},"acf":[],"_links":{"self":[{"href":"https:\/\/chiaseklos.lt\/en\/wp-json\/wp\/v2\/product\/20587","targetHints":{"allow":["GET"]}}],"collection":[{"href":"https:\/\/chiaseklos.lt\/en\/wp-json\/wp\/v2\/product"}],"about":[{"href":"https:\/\/chiaseklos.lt\/en\/wp-json\/wp\/v2\/types\/product"}],"wp:featuredmedia":[{"embeddable":true,"href":"https:\/\/chiaseklos.lt\/en\/wp-json\/wp\/v2\/media\/20588"}],"wp:attachment":[{"href":"https:\/\/chiaseklos.lt\/en\/wp-json\/wp\/v2\/media?parent=20587"}],"wp:term":[{"taxonomy":"product_brand","embeddable":true,"href":"https:\/\/chiaseklos.lt\/en\/wp-json\/wp\/v2\/product_brand?post=20587"},{"taxonomy":"product_cat","embeddable":true,"href":"https:\/\/chiaseklos.lt\/en\/wp-json\/wp\/v2\/product_cat?post=20587"},{"taxonomy":"product_tag","embeddable":true,"href":"https:\/\/chiaseklos.lt\/en\/wp-json\/wp\/v2\/product_tag?post=20587"}],"curies":[{"name":"wp","href":"https:\/\/api.w.org\/{rel}","templated":true}]}}