{"id":20585,"date":"2022-10-29T09:44:57","date_gmt":"2022-10-29T09:44:57","guid":{"rendered":"https:\/\/chiaseklos.lt\/?post_type=product&#038;p=20585"},"modified":"2025-12-04T06:15:56","modified_gmt":"2025-12-04T06:15:56","slug":"muilas-natural-oliveplus-100g","status":"publish","type":"product","link":"https:\/\/chiaseklos.lt\/en\/product\/muilas-natural-oliveplus-100g\/","title":{"rendered":"Muilas \u201eNATURAL\u201c OlivePlus 100g"},"content":{"rendered":"<h4 class=\"product_title entry-title\">Muilas \u201eNATURAL\u201c OlivePlus 100g<\/h4>\n<p>Nat\u016bralus alyvuogi\u0173 aliejaus muilas. Tinka plaukams ir k\u016bnui. Skirta vis\u0173 tip\u0173 odai.<\/p>\n<p><strong>Sudedamosios dalys:<\/strong>\u00a0saponifikuotas alyvuogi\u0173 aliejus, vanduo, glicerinas, kvapiosios med\u017eiagos, druska.<\/p>\n<p><strong>\u012esp\u0117jimai:<\/strong>\u00a0vengti patekimo \u012f akis. Patekus \u012f akis, nedelsiant gerai praplauti vandeniu.<\/p>\n<p>&nbsp;<\/p>","protected":false},"excerpt":{"rendered":"<p>Muilas \u201eNATURAL\u201c OlivePlus 100g Nat\u016bralus alyvuogi\u0173 aliejaus muilas. Tinka plaukams ir k\u016bnui. Skirta vis\u0173 tip\u0173 odai. Sudedamosios dalys:\u00a0saponifikuotas alyvuogi\u0173 aliejus, vanduo, glicerinas, kvapiosios med\u017eiagos, druska. \u012esp\u0117jimai:\u00a0vengti patekimo \u012f akis. Patekus \u012f akis, nedelsiant gerai praplauti vandeniu. &nbsp;<\/p>","protected":false},"featured_media":20586,"template":"","meta":{"_acf_changed":false},"product_brand":[],"product_cat":[64],"product_tag":[],"class_list":{"0":"post-20585","1":"product","2":"type-product","3":"status-publish","4":"has-post-thumbnail","6":"product_cat-naturalios-priemones-odai","7":"nt-post-class","8":"","9":"masonry-item","10":"col-lg-6","14":"excerpt-none","18":"first","19":"outofstock","20":"taxable","21":"shipping-taxable","22":"purchasable","23":"product-type-simple","24":"add-to-wishlist-after_add_to_cart"},"acf":[],"_links":{"self":[{"href":"https:\/\/chiaseklos.lt\/en\/wp-json\/wp\/v2\/product\/20585","targetHints":{"allow":["GET"]}}],"collection":[{"href":"https:\/\/chiaseklos.lt\/en\/wp-json\/wp\/v2\/product"}],"about":[{"href":"https:\/\/chiaseklos.lt\/en\/wp-json\/wp\/v2\/types\/product"}],"wp:featuredmedia":[{"embeddable":true,"href":"https:\/\/chiaseklos.lt\/en\/wp-json\/wp\/v2\/media\/20586"}],"wp:attachment":[{"href":"https:\/\/chiaseklos.lt\/en\/wp-json\/wp\/v2\/media?parent=20585"}],"wp:term":[{"taxonomy":"product_brand","embeddable":true,"href":"https:\/\/chiaseklos.lt\/en\/wp-json\/wp\/v2\/product_brand?post=20585"},{"taxonomy":"product_cat","embeddable":true,"href":"https:\/\/chiaseklos.lt\/en\/wp-json\/wp\/v2\/product_cat?post=20585"},{"taxonomy":"product_tag","embeddable":true,"href":"https:\/\/chiaseklos.lt\/en\/wp-json\/wp\/v2\/product_tag?post=20585"}],"curies":[{"name":"wp","href":"https:\/\/api.w.org\/{rel}","templated":true}]}}