{"id":20582,"date":"2022-10-29T09:41:54","date_gmt":"2022-10-29T09:41:54","guid":{"rendered":"https:\/\/chiaseklos.lt\/?post_type=product&#038;p=20582"},"modified":"2025-12-05T12:10:20","modified_gmt":"2025-12-05T12:10:20","slug":"klasikinio-skonio-balzaminio-acto-kremas-250ml","status":"publish","type":"product","link":"https:\/\/chiaseklos.lt\/en\/product\/klasikinio-skonio-balzaminio-acto-kremas-250ml\/","title":{"rendered":"Klasikinio skonio balzaminio acto kremas 250ml."},"content":{"rendered":"<h4 class=\"product_title entry-title\"><strong>Klasikinio skonio balzaminio acto kremas 250ml.<\/strong><\/h4>\n<p>Klasikinio skonio balzaminio acto kremas. Idealiai tinka \u017ealiosioms salotoms, pada\u017eui, s\u016briui, m\u0117sai.<\/p>\n<p><strong>Sudedamosios dalys:\u00a0<\/strong>Balzaminis actas 56% (vynuogi\u0173 actas, rektifikuotos vynuogi\u0173 misos koncentratas, da\u017eiklis: karamelinis da\u017eiklis, konservantas: kalio metabisulfitas), vanduo, vynuogi\u0173 misos koncentratas, cukrus, vynuogi\u0173 sul\u010di\u0173 koncentratas, gliukoz\u0117s-fruktoz\u0117s sirupas, stabilizatorius: ksantano derva, celiulioz\u0117s derva, kvapiosios med\u017eiagos, konservantas: kalio sorbatas.<\/p>\n<p><strong>Patarimas alergijai: sud\u0117tyje yra sulfit\u0173.<\/strong><\/p>\n<p><strong>Maistin\u0117 vert\u0117:<\/strong><\/p>\n<p>100 ml: energetin\u0117 vert\u0117: 123 Kcal\/ 524 kJ, Riebal\u0173 0 g, i\u0161 kuri\u0173: so\u010di\u0173j\u0173 riebal\u0173 r\u016bg\u0161\u010di\u0173 0 g. Angliavandeni\u0173 30,0 g, i\u0161 kuri\u0173 cukr\u0173 \u2013 25,9 g, baltym\u0173 \u2013 0,7 g, druskos \u2013 0,1 g.<\/p>\n<p><strong>Laikymo s\u0105lygos:<\/strong>\u00a0laikyti v\u0117sioje, sausoje vietoje. Saugoti nuo tiesiogini\u0173 saul\u0117s spinduli\u0173. Atidarius laikyti \u0161aldytuve.<\/p>","protected":false},"excerpt":{"rendered":"<p>Klasikinio skonio balzaminio acto kremas 250ml. Klasikinio skonio balzaminio acto kremas. Idealiai tinka \u017ealiosioms salotoms, pada\u017eui, s\u016briui, m\u0117sai. Sudedamosios dalys:\u00a0Balzaminis actas 56% (vynuogi\u0173 actas, rektifikuotos vynuogi\u0173 misos koncentratas, da\u017eiklis: karamelinis da\u017eiklis, konservantas: kalio metabisulfitas), vanduo, vynuogi\u0173 misos koncentratas, cukrus, vynuogi\u0173 sul\u010di\u0173 koncentratas, gliukoz\u0117s-fruktoz\u0117s sirupas, stabilizatorius: ksantano derva, celiulioz\u0117s derva, kvapiosios med\u017eiagos, konservantas: kalio sorbatas. Patarimas&#8230;<\/p>","protected":false},"featured_media":20583,"template":"","meta":{"_acf_changed":false},"product_brand":[],"product_cat":[101],"product_tag":[],"class_list":{"0":"post-20582","1":"product","2":"type-product","3":"status-publish","4":"has-post-thumbnail","6":"product_cat-aliejus","7":"nt-post-class","8":"","9":"masonry-item","10":"col-lg-6","14":"excerpt-none","18":"first","19":"outofstock","20":"taxable","21":"shipping-taxable","22":"purchasable","23":"product-type-simple","24":"add-to-wishlist-after_add_to_cart"},"acf":[],"_links":{"self":[{"href":"https:\/\/chiaseklos.lt\/en\/wp-json\/wp\/v2\/product\/20582","targetHints":{"allow":["GET"]}}],"collection":[{"href":"https:\/\/chiaseklos.lt\/en\/wp-json\/wp\/v2\/product"}],"about":[{"href":"https:\/\/chiaseklos.lt\/en\/wp-json\/wp\/v2\/types\/product"}],"wp:featuredmedia":[{"embeddable":true,"href":"https:\/\/chiaseklos.lt\/en\/wp-json\/wp\/v2\/media\/20583"}],"wp:attachment":[{"href":"https:\/\/chiaseklos.lt\/en\/wp-json\/wp\/v2\/media?parent=20582"}],"wp:term":[{"taxonomy":"product_brand","embeddable":true,"href":"https:\/\/chiaseklos.lt\/en\/wp-json\/wp\/v2\/product_brand?post=20582"},{"taxonomy":"product_cat","embeddable":true,"href":"https:\/\/chiaseklos.lt\/en\/wp-json\/wp\/v2\/product_cat?post=20582"},{"taxonomy":"product_tag","embeddable":true,"href":"https:\/\/chiaseklos.lt\/en\/wp-json\/wp\/v2\/product_tag?post=20582"}],"curies":[{"name":"wp","href":"https:\/\/api.w.org\/{rel}","templated":true}]}}