{"id":20563,"date":"2022-10-28T11:46:19","date_gmt":"2022-10-28T11:46:19","guid":{"rendered":"https:\/\/chiaseklos.lt\/?post_type=product&#038;p=20563"},"modified":"2026-02-03T15:42:14","modified_gmt":"2026-02-03T15:42:14","slug":"korona-ultra-premium-monovarietal-alyvuogiu-aliejus-500ml","status":"publish","type":"product","link":"https:\/\/chiaseklos.lt\/en\/product\/korona-ultra-premium-monovarietal-alyvuogiu-aliejus-500ml\/","title":{"rendered":"\u2018KORONA\u2019 Ultra Premium Monovarietal alyvuogi\u0173 aliejus 500ml"},"content":{"rendered":"<p><strong>\u2018KORONA\u2019 Ultra Premium Monovarietal alyvuogi\u0173 aliejus 500ml<\/strong><\/p>\n<p><strong>Polifenoli\u0173 \u2013 932 mg\/kg.<\/strong><\/p>\n<p>\u2018KORONA\u2019 Premium Quality \u2013 auk\u0161\u010diausios r\u016b\u0161ies pirmojo spaudimo alyvuogi\u0173 aliejus i\u0161gautas tiesiogiai, tik i\u0161 Koroneiki veisl\u0117s alyvuogi\u0173 ir tik mechanin\u0117mis priemon\u0117mis. <strong>\u0160alto spaudimo aliejus.<\/strong><\/p>\n<p>\u2018KORONA\u2019 Ultra Premium Monovarietal \u2013 ypa\u010d tyras alyvuogi\u0173 aliejus. Oleokantalio ir oleaceino kiekis yra didesnis nei vidutin\u0117s m\u0117ginio vert\u0117s, \u012ftrauktos \u012f tarptautin\u012f tyrim\u0105, atlikt\u0105 Kalifornijos universitete, Deivise. Kasdienis 20 g. auk\u0161\u010diausios kokyb\u0117s \u201eKORONA\u201c alyvuogi\u0173 aliejaus suvartojimas apsaugo kraujo lipidus nuo oksidacinio streso (pagal Europos S\u0105jungos reglament\u0105 Nr. 432\/2012). Vienar\u016b\u0161is auk\u0161\u010diausios kokyb\u0117s pirmojo spaudimo alyvuogi\u0173 aliejus prabangiame butelyje.\u00a0 Sertifikuotas At\u0117n\u0173 Kapodistrian universiteto u\u017e auk\u0161to fenolio kiek\u012f. Vaisinis aromatas, idealiai tinka salotoms ir \u0161altiems patiekalams. Alyvuogi\u0173 r\u016b\u0161is \u2018Koroneiki\u2019.<\/p>\n<p><strong>Maistin\u0117 vert\u0117:<\/strong><\/p>\n<p>100 ml: energetin\u0117 vert\u0117: 824 Kcal\/ 3389 kJ, Riebal\u0173 92 g, i\u0161 kuri\u0173: so\u010di\u0173j\u0173 riebal\u0173 r\u016bg\u0161\u010di\u0173 13 g, mononeso\u010di\u0173j\u0173 riebal\u0173 r\u016bg\u0161\u010di\u0173 73 g, polineso\u010di\u0173j\u0173 riebal\u0173 r\u016bg\u0161\u010di\u0173 6 g. Angliavandeni\u0173 0 g, i\u0161 kuri\u0173 cukr\u0173 \u2013 0 g, baltym\u0173 \u2013 0 g, druskos \u2013 0 g.<\/p>\n<p><strong>Laikymo s\u0105lygos:<\/strong>\u00a0laikyti sausoje vietoje kambario temperat\u016broje, saugoti nuo tiesiogini\u0173 saul\u0117s spinduli\u0173. Esant \u017eemesnei nei +7\u00ba C laipsni\u0173 temperat\u016brai, produkte gali atsirasti tir\u0161t\u0173 nuos\u0117d\u0173. Nuos\u0117dos i\u0161nyks auk\u0161tesn\u0117je nei 7\u00ba C temperat\u016broje. Tai nat\u016bralus procesas, ne\u012ftakojantis produkto kokyb\u0117s.<\/p>\n<p><strong>R\u016bg\u0161tingumas \u2013 0,29% max;<\/strong><\/p>\n<p><strong>Peroksid\u0173 skai\u010dius<\/strong>\u00a0\u2013 \u226420mEq;<\/p>\n<p><strong>Va\u0161ko kiekis<\/strong>\u00a0-\u2264150mg\/kg;<\/p>\n<p><strong>Ultravioletini\u0173 spinduli\u0173 absorbcija:<\/strong>\u00a0K270 \u2013 \u22640,20; K232 \u2013 \u22642,50; DK \u2013 \u22640,01<\/p>\n<p><strong>Gamintojas:<\/strong>\u00a0 \u201cPhysis of Crete\u201d by Asmarianakis Family.<\/p>\n<p>&nbsp;<\/p>","protected":false},"excerpt":{"rendered":"<p>\u2018KORONA\u2019 Ultra Premium Monovarietal alyvuogi\u0173 aliejus 500ml Polifenoli\u0173 \u2013 932 mg\/kg. \u2018KORONA\u2019 Premium Quality \u2013 auk\u0161\u010diausios r\u016b\u0161ies pirmojo spaudimo alyvuogi\u0173 aliejus i\u0161gautas tiesiogiai, tik i\u0161 Koroneiki veisl\u0117s alyvuogi\u0173 ir tik mechanin\u0117mis priemon\u0117mis. \u0160alto spaudimo aliejus. \u2018KORONA\u2019 Ultra Premium Monovarietal \u2013 ypa\u010d tyras alyvuogi\u0173 aliejus. Oleokantalio ir oleaceino kiekis yra didesnis nei vidutin\u0117s m\u0117ginio vert\u0117s, \u012ftrauktos&#8230;<\/p>","protected":false},"featured_media":20564,"template":"","meta":{"_acf_changed":false},"product_brand":[],"product_cat":[101],"product_tag":[],"class_list":{"0":"post-20563","1":"product","2":"type-product","3":"status-publish","4":"has-post-thumbnail","6":"product_cat-aliejus","7":"nt-post-class","8":"","9":"masonry-item","10":"col-lg-6","14":"excerpt-none","18":"first","19":"outofstock","20":"taxable","21":"shipping-taxable","22":"purchasable","23":"product-type-simple","24":"add-to-wishlist-after_add_to_cart"},"acf":[],"_links":{"self":[{"href":"https:\/\/chiaseklos.lt\/en\/wp-json\/wp\/v2\/product\/20563","targetHints":{"allow":["GET"]}}],"collection":[{"href":"https:\/\/chiaseklos.lt\/en\/wp-json\/wp\/v2\/product"}],"about":[{"href":"https:\/\/chiaseklos.lt\/en\/wp-json\/wp\/v2\/types\/product"}],"wp:featuredmedia":[{"embeddable":true,"href":"https:\/\/chiaseklos.lt\/en\/wp-json\/wp\/v2\/media\/20564"}],"wp:attachment":[{"href":"https:\/\/chiaseklos.lt\/en\/wp-json\/wp\/v2\/media?parent=20563"}],"wp:term":[{"taxonomy":"product_brand","embeddable":true,"href":"https:\/\/chiaseklos.lt\/en\/wp-json\/wp\/v2\/product_brand?post=20563"},{"taxonomy":"product_cat","embeddable":true,"href":"https:\/\/chiaseklos.lt\/en\/wp-json\/wp\/v2\/product_cat?post=20563"},{"taxonomy":"product_tag","embeddable":true,"href":"https:\/\/chiaseklos.lt\/en\/wp-json\/wp\/v2\/product_tag?post=20563"}],"curies":[{"name":"wp","href":"https:\/\/api.w.org\/{rel}","templated":true}]}}