{"id":20552,"date":"2022-10-27T11:58:37","date_gmt":"2022-10-27T11:58:37","guid":{"rendered":"https:\/\/chiaseklos.lt\/?post_type=product&#038;p=20552"},"modified":"2024-02-19T17:43:10","modified_gmt":"2024-02-19T17:43:10","slug":"alyvuogiu-aliejus-su-prieskoniais-salotoms-250ml","status":"publish","type":"product","link":"https:\/\/chiaseklos.lt\/en\/product\/alyvuogiu-aliejus-su-prieskoniais-salotoms-250ml\/","title":{"rendered":"Alyvuogi\u0173 aliejus su prieskoniais salotoms 250ml"},"content":{"rendered":"<p>Alyvuogi\u0173 aliejus su prieskoniais salotoms 250ml<\/p>\n<p>Extra Virgin alyvuogi\u0173 aliejus su \u017eolel\u0117mis i\u0161gaunamas i\u0161 tiesiogiai atrinkt\u0173 alyvuogi\u0173 ir tik mechanin\u0117mis priemon\u0117mis. Idealiai tinka pada\u017eams, bru\u0161etoms ir marinatams.<\/p>\n<p><strong>Maistin\u0117 vert\u0117:<\/strong><\/p>\n<p>100 ml: energetin\u0117 vert\u0117: 125 Kcal\/ 518 kJ, Riebal\u0173 14 g, i\u0161 kuri\u0173: so\u010di\u0173j\u0173 riebal\u0173 r\u016bg\u0161\u010di\u0173 2 g, mononeso\u010di\u0173j\u0173 riebal\u0173 r\u016bg\u0161\u010di\u0173 11 g, polineso\u010di\u0173j\u0173 riebal\u0173 r\u016bg\u0161\u010di\u0173 1 g. Angliavandeni\u0173 0 g, i\u0161 kuri\u0173 cukr\u0173 \u2013 0 g, baltym\u0173 \u2013 0 g, druskos \u2013 0 g.<\/p>\n<p><strong>Laikymo s\u0105lygos:<\/strong>\u00a0laikyti sausoje vietoje kambario temperat\u016broje, saugoti nuo tiesiogini\u0173 saul\u0117s spinduli\u0173. Esant \u017eemesnei nei +7\u00ba C laipsni\u0173 temperat\u016brai, produkte gali atsirasti tir\u0161t\u0173 nuos\u0117d\u0173. Nuos\u0117dos i\u0161nyks auk\u0161tesn\u0117je nei 7\u00ba C temperat\u016broje. Tai nat\u016bralus procesas, ne\u012ftakojantis produkto kokyb\u0117s.<\/p>\n<p><strong>R\u016bg\u0161tingumas \u2013 0,8% max;<\/strong><\/p>\n<p><strong>Laikymo s\u0105lygos:<\/strong>\u00a0laikyti v\u0117sioje, sausoje vietoje. Saugoti nuo tiesiogini\u0173 saul\u0117s spinduli\u0173.<\/p>\n<p><strong>Gamintojas:<\/strong>\u00a0\u201cPhysis of Crete\u201d by Asmarianakis Family<\/p>","protected":false},"excerpt":{"rendered":"<p>Alyvuogi\u0173 aliejus su prieskoniais salotoms 250ml Extra Virgin alyvuogi\u0173 aliejus su \u017eolel\u0117mis i\u0161gaunamas i\u0161 tiesiogiai atrinkt\u0173 alyvuogi\u0173 ir tik mechanin\u0117mis priemon\u0117mis. Idealiai tinka pada\u017eams, bru\u0161etoms ir marinatams. Maistin\u0117 vert\u0117: 100 ml: energetin\u0117 vert\u0117: 125 Kcal\/ 518 kJ, Riebal\u0173 14 g, i\u0161 kuri\u0173: so\u010di\u0173j\u0173 riebal\u0173 r\u016bg\u0161\u010di\u0173 2 g, mononeso\u010di\u0173j\u0173 riebal\u0173 r\u016bg\u0161\u010di\u0173 11 g, polineso\u010di\u0173j\u0173 riebal\u0173 r\u016bg\u0161\u010di\u0173&#8230;<\/p>","protected":false},"featured_media":20553,"template":"","meta":{"_acf_changed":false},"product_brand":[],"product_cat":[101],"product_tag":[],"class_list":{"0":"post-20552","1":"product","2":"type-product","3":"status-publish","4":"has-post-thumbnail","6":"product_cat-aliejus","7":"nt-post-class","8":"","9":"masonry-item","10":"col-lg-6","14":"excerpt-none","18":"first","19":"outofstock","20":"taxable","21":"shipping-taxable","22":"purchasable","23":"product-type-simple","24":"add-to-wishlist-after_add_to_cart"},"acf":[],"_links":{"self":[{"href":"https:\/\/chiaseklos.lt\/en\/wp-json\/wp\/v2\/product\/20552","targetHints":{"allow":["GET"]}}],"collection":[{"href":"https:\/\/chiaseklos.lt\/en\/wp-json\/wp\/v2\/product"}],"about":[{"href":"https:\/\/chiaseklos.lt\/en\/wp-json\/wp\/v2\/types\/product"}],"wp:featuredmedia":[{"embeddable":true,"href":"https:\/\/chiaseklos.lt\/en\/wp-json\/wp\/v2\/media\/20553"}],"wp:attachment":[{"href":"https:\/\/chiaseklos.lt\/en\/wp-json\/wp\/v2\/media?parent=20552"}],"wp:term":[{"taxonomy":"product_brand","embeddable":true,"href":"https:\/\/chiaseklos.lt\/en\/wp-json\/wp\/v2\/product_brand?post=20552"},{"taxonomy":"product_cat","embeddable":true,"href":"https:\/\/chiaseklos.lt\/en\/wp-json\/wp\/v2\/product_cat?post=20552"},{"taxonomy":"product_tag","embeddable":true,"href":"https:\/\/chiaseklos.lt\/en\/wp-json\/wp\/v2\/product_tag?post=20552"}],"curies":[{"name":"wp","href":"https:\/\/api.w.org\/{rel}","templated":true}]}}