{"id":20550,"date":"2022-10-27T11:54:20","date_gmt":"2022-10-27T11:54:20","guid":{"rendered":"https:\/\/chiaseklos.lt\/?post_type=product&#038;p=20550"},"modified":"2025-12-05T12:09:05","modified_gmt":"2025-12-05T12:09:05","slug":"alyvuogiu-aliejus-su-baziliku-250-ml","status":"publish","type":"product","link":"https:\/\/chiaseklos.lt\/en\/product\/alyvuogiu-aliejus-su-baziliku-250-ml\/","title":{"rendered":"Alyvuogi\u0173 aliejus su baziliku 250 ml"},"content":{"rendered":"<p>Alyvuogi\u0173 aliejus su baziliku 250 ml<\/p>\n<p>Extra Virgin alyvuogi\u0173 aliejus su sausais baziliko lapeliais i\u0161gaunamas i\u0161 atrinkt\u0173 alyvuogi\u0173 ir tik mechanin\u0117mis priemon\u0117mis. Idealus pasirinkimas salotoms, \u017euviai ir pada\u017eui.\u00a0Extra Virgin auk\u0161\u010diausios kokyb\u0117s pirmojo spaudimo alyvuogi\u0173 aliejus. \u0160alto spaudimo.<\/p>\n<p><strong>Maistin\u0117 vert\u0117:<\/strong><\/p>\n<p>100 ml: energetin\u0117 vert\u0117: 125 Kcal\/ 518 kJ, Riebal\u0173 14 g, i\u0161 kuri\u0173: so\u010di\u0173j\u0173 riebal\u0173 r\u016bg\u0161\u010di\u0173 2 g, mononeso\u010di\u0173j\u0173 riebal\u0173 r\u016bg\u0161\u010di\u0173 11 g, polineso\u010di\u0173j\u0173 riebal\u0173 r\u016bg\u0161\u010di\u0173 1 g. Angliavandeni\u0173 0 g, i\u0161 kuri\u0173 cukr\u0173 \u2013 0 g, baltym\u0173 \u2013 0 g, druskos \u2013 0 g.<\/p>\n<p><strong>Laikymo s\u0105lygos:<\/strong>\u00a0laikyti sausoje vietoje kambario temperat\u016broje, saugoti nuo tiesiogini\u0173 saul\u0117s spinduli\u0173. Esant \u017eemesnei nei +7\u00ba C laipsni\u0173 temperat\u016brai, produkte gali atsirasti tir\u0161t\u0173 nuos\u0117d\u0173. Nuos\u0117dos i\u0161nyks auk\u0161tesn\u0117je nei 7\u00ba C temperat\u016broje. Tai nat\u016bralus procesas, ne\u012ftakojantis produkto kokyb\u0117s.<\/p>\n<p><strong>R\u016bg\u0161tingumas \u2013 0,8% max;<\/strong><\/p>\n<p><strong>Laikymo s\u0105lygos:<\/strong>\u00a0laikyti v\u0117sioje, sausoje vietoje. Saugoti nuo tiesiogini\u0173 saul\u0117s spinduli\u0173.<\/p>\n<p><strong>Gamintojas:<\/strong>\u00a0\u201cPhysis of Crete\u201d by Asmarianakis Family<\/p>\n<p>&nbsp;<\/p>\n<p>&nbsp;<\/p>","protected":false},"excerpt":{"rendered":"<p>Alyvuogi\u0173 aliejus su baziliku 250 ml Extra Virgin alyvuogi\u0173 aliejus su sausais baziliko lapeliais i\u0161gaunamas i\u0161 atrinkt\u0173 alyvuogi\u0173 ir tik mechanin\u0117mis priemon\u0117mis. Idealus pasirinkimas salotoms, \u017euviai ir pada\u017eui.\u00a0Extra Virgin auk\u0161\u010diausios kokyb\u0117s pirmojo spaudimo alyvuogi\u0173 aliejus. \u0160alto spaudimo. Maistin\u0117 vert\u0117: 100 ml: energetin\u0117 vert\u0117: 125 Kcal\/ 518 kJ, Riebal\u0173 14 g, i\u0161 kuri\u0173: so\u010di\u0173j\u0173 riebal\u0173 r\u016bg\u0161\u010di\u0173&#8230;<\/p>","protected":false},"featured_media":20551,"template":"","meta":{"_acf_changed":false},"product_brand":[],"product_cat":[101],"product_tag":[],"class_list":{"0":"post-20550","1":"product","2":"type-product","3":"status-publish","4":"has-post-thumbnail","6":"product_cat-aliejus","7":"nt-post-class","8":"","9":"masonry-item","10":"col-lg-6","14":"excerpt-none","18":"first","19":"outofstock","20":"taxable","21":"shipping-taxable","22":"purchasable","23":"product-type-simple","24":"add-to-wishlist-after_add_to_cart"},"acf":[],"_links":{"self":[{"href":"https:\/\/chiaseklos.lt\/en\/wp-json\/wp\/v2\/product\/20550","targetHints":{"allow":["GET"]}}],"collection":[{"href":"https:\/\/chiaseklos.lt\/en\/wp-json\/wp\/v2\/product"}],"about":[{"href":"https:\/\/chiaseklos.lt\/en\/wp-json\/wp\/v2\/types\/product"}],"wp:featuredmedia":[{"embeddable":true,"href":"https:\/\/chiaseklos.lt\/en\/wp-json\/wp\/v2\/media\/20551"}],"wp:attachment":[{"href":"https:\/\/chiaseklos.lt\/en\/wp-json\/wp\/v2\/media?parent=20550"}],"wp:term":[{"taxonomy":"product_brand","embeddable":true,"href":"https:\/\/chiaseklos.lt\/en\/wp-json\/wp\/v2\/product_brand?post=20550"},{"taxonomy":"product_cat","embeddable":true,"href":"https:\/\/chiaseklos.lt\/en\/wp-json\/wp\/v2\/product_cat?post=20550"},{"taxonomy":"product_tag","embeddable":true,"href":"https:\/\/chiaseklos.lt\/en\/wp-json\/wp\/v2\/product_tag?post=20550"}],"curies":[{"name":"wp","href":"https:\/\/api.w.org\/{rel}","templated":true}]}}