{"id":20432,"date":"2022-10-14T12:48:47","date_gmt":"2022-10-14T12:48:47","guid":{"rendered":"https:\/\/chiaseklos.lt\/?post_type=product&#038;p=20432"},"modified":"2025-11-27T09:03:01","modified_gmt":"2025-11-27T09:03:01","slug":"dziovinti-kiviai-naturalus-be-pridetinio-cukraus","status":"publish","type":"product","link":"https:\/\/chiaseklos.lt\/en\/product\/dziovinti-kiviai-naturalus-be-pridetinio-cukraus\/","title":{"rendered":"D\u017eiovinti kiviai be prid\u0117tinio cukraus"},"content":{"rendered":"<p><strong>D\u017eiovinti kiviai, nat\u016bral\u016bs be prid\u0117tinio cukraus\u00a0<\/strong><\/p>\n<p>Sudedamosios dalys: nat\u016braliai d\u017eiovinti kiviai be pried\u0173.<\/p>\n<p>Kilm\u0117s \u0161alis Iranas<\/p>\n<p>Energetin\u0117 ir maistin\u0117 vert\u0117 100g 1548kJ\/370kcal\u00a0Riebalai 0g\u00a0I\u0161 j\u0173 so\u010di\u0173j\u0173 riebal\u0173 0g\u00a0 Angliavandeniai 93,3g\u00a0Cukraus 66,67g\u00a0Skaidulin\u0117s med\u017eiagos 16g\u00a0Baltymai 0g\u00a0Druska 0,24g<\/p>\n<p>Laikyti sausoje ir v\u0117sioje vietoje<\/p>","protected":false},"excerpt":{"rendered":"<p>D\u017eiovinti kiviai, nat\u016bral\u016bs be prid\u0117tinio cukraus\u00a0 Sudedamosios dalys: nat\u016braliai d\u017eiovinti kiviai be pried\u0173. Kilm\u0117s \u0161alis Iranas Energetin\u0117 ir maistin\u0117 vert\u0117 100g 1548kJ\/370kcal\u00a0Riebalai 0g\u00a0I\u0161 j\u0173 so\u010di\u0173j\u0173 riebal\u0173 0g\u00a0 Angliavandeniai 93,3g\u00a0Cukraus 66,67g\u00a0Skaidulin\u0117s med\u017eiagos 16g\u00a0Baltymai 0g\u00a0Druska 0,24g Laikyti sausoje ir v\u0117sioje vietoje<\/p>","protected":false},"featured_media":20433,"template":"","meta":{"_acf_changed":false},"product_brand":[],"product_cat":[42],"product_tag":[],"class_list":{"0":"post-20432","1":"product","2":"type-product","3":"status-publish","4":"has-post-thumbnail","6":"product_cat-dziovinti-vaisiai-uogos","7":"nt-post-class","8":"","9":"masonry-item","10":"col-lg-6","14":"excerpt-none","18":"first","19":"outofstock","20":"taxable","21":"shipping-taxable","22":"purchasable","23":"product-type-variable","24":"add-to-wishlist-after_add_to_cart"},"acf":[],"_links":{"self":[{"href":"https:\/\/chiaseklos.lt\/en\/wp-json\/wp\/v2\/product\/20432","targetHints":{"allow":["GET"]}}],"collection":[{"href":"https:\/\/chiaseklos.lt\/en\/wp-json\/wp\/v2\/product"}],"about":[{"href":"https:\/\/chiaseklos.lt\/en\/wp-json\/wp\/v2\/types\/product"}],"wp:featuredmedia":[{"embeddable":true,"href":"https:\/\/chiaseklos.lt\/en\/wp-json\/wp\/v2\/media\/20433"}],"wp:attachment":[{"href":"https:\/\/chiaseklos.lt\/en\/wp-json\/wp\/v2\/media?parent=20432"}],"wp:term":[{"taxonomy":"product_brand","embeddable":true,"href":"https:\/\/chiaseklos.lt\/en\/wp-json\/wp\/v2\/product_brand?post=20432"},{"taxonomy":"product_cat","embeddable":true,"href":"https:\/\/chiaseklos.lt\/en\/wp-json\/wp\/v2\/product_cat?post=20432"},{"taxonomy":"product_tag","embeddable":true,"href":"https:\/\/chiaseklos.lt\/en\/wp-json\/wp\/v2\/product_tag?post=20432"}],"curies":[{"name":"wp","href":"https:\/\/api.w.org\/{rel}","templated":true}]}}