{"id":20423,"date":"2022-10-14T12:21:07","date_gmt":"2022-10-14T12:21:07","guid":{"rendered":"https:\/\/chiaseklos.lt\/?post_type=product&#038;p=20423"},"modified":"2026-03-18T11:29:35","modified_gmt":"2026-03-18T11:29:35","slug":"sauleje-dziovinti-pomidorai","status":"publish","type":"product","link":"https:\/\/chiaseklos.lt\/en\/product\/sauleje-dziovinti-pomidorai\/","title":{"rendered":"Saul\u0117je d\u017eiovinti pomidorai"},"content":{"rendered":"<p><strong>Saul\u0117je d\u017eiovinti pomidorai<\/strong><\/p>\n<p>Saul\u0117je d\u017eiovinti pomidorai tinka \u012fvairiausiems patiekalams pagardinti \u2013 salotoms, sriuboms, tro\u0161kiniams.<\/p>\n<p>\u0160is gurmani\u0161kas produktas itin populiarus saul\u0117toje Italijoje.\u00a0Juos ruo\u0161ti galima \u012fvairiai. Ypatingai populiarus b\u016bdas: pirmiausia sausus d\u017eiovintus pomidorus reikia nuplikyti verdan\u010diu vandeniu arba trumpai pavirti vandenyje, pagardintame actu. O tada \u012f pa\u0161ildyt\u0105 aliej\u0173 (ma\u017edaug 70C temperat\u016bros) prid\u0117kite patinkan\u010di\u0173 prieskoni\u0173 (raudon\u0117li\u0173, kapar\u0117li\u0173, bazilik\u0173, \u010desnak\u0173) ir u\u017epilkite saul\u0117je d\u017eiovintus pomidorus. Por\u0105 dien\u0173 palaikykite kambario temperat\u016broje, o v\u0117liau \u0161aldytuve. Po savait\u0117s jau m\u0117gausit\u0117s nepaprastu skoniu. Galima paskaninti aitriosiomis paprikomis.<\/p>\n<p>Sudedamosios dalys: 100% d\u017eiovinti pomidorai<\/p>\n<p>Energin\u0117 vert\u0117 100g:\u00a01080 kJ\/258 kcal;\u00a0riebalai 2,97g, i\u0161 kuri\u0173 so\u010di\u0173j\u0173 riebal\u0173 0g; angliavandeniai 55,76 g, i\u0161 kuri\u0173 cukr\u0173 37,59 g; baltymai 14,11g; druska 0,247 g.<\/p>\n<p>Laikyti sausoje ir v\u0117sioje vietoje<\/p>\n<p>Kilm\u0117s \u0161alis: Lietuva\/Iranas<\/p>","protected":false},"excerpt":{"rendered":"<p>Saul\u0117je d\u017eiovinti pomidorai Saul\u0117je d\u017eiovinti pomidorai tinka \u012fvairiausiems patiekalams pagardinti \u2013 salotoms, sriuboms, tro\u0161kiniams. \u0160is gurmani\u0161kas produktas itin populiarus saul\u0117toje Italijoje.\u00a0Juos ruo\u0161ti galima \u012fvairiai. Ypatingai populiarus b\u016bdas: pirmiausia sausus d\u017eiovintus pomidorus reikia nuplikyti verdan\u010diu vandeniu arba trumpai pavirti vandenyje, pagardintame actu. O tada \u012f pa\u0161ildyt\u0105 aliej\u0173 (ma\u017edaug 70C temperat\u016bros) prid\u0117kite patinkan\u010di\u0173 prieskoni\u0173 (raudon\u0117li\u0173, kapar\u0117li\u0173, bazilik\u0173,&#8230;<\/p>","protected":false},"featured_media":34740,"template":"","meta":{"_acf_changed":false},"product_brand":[],"product_cat":[42],"product_tag":[],"class_list":{"0":"post-20423","1":"product","2":"type-product","3":"status-publish","4":"has-post-thumbnail","6":"product_cat-dziovinti-vaisiai-uogos","7":"nt-post-class","8":"","9":"masonry-item","10":"col-lg-6","14":"excerpt-none","18":"first","19":"instock","20":"taxable","21":"shipping-taxable","22":"purchasable","23":"product-type-variable","24":"add-to-wishlist-after_add_to_cart"},"acf":[],"_links":{"self":[{"href":"https:\/\/chiaseklos.lt\/en\/wp-json\/wp\/v2\/product\/20423","targetHints":{"allow":["GET"]}}],"collection":[{"href":"https:\/\/chiaseklos.lt\/en\/wp-json\/wp\/v2\/product"}],"about":[{"href":"https:\/\/chiaseklos.lt\/en\/wp-json\/wp\/v2\/types\/product"}],"wp:featuredmedia":[{"embeddable":true,"href":"https:\/\/chiaseklos.lt\/en\/wp-json\/wp\/v2\/media\/34740"}],"wp:attachment":[{"href":"https:\/\/chiaseklos.lt\/en\/wp-json\/wp\/v2\/media?parent=20423"}],"wp:term":[{"taxonomy":"product_brand","embeddable":true,"href":"https:\/\/chiaseklos.lt\/en\/wp-json\/wp\/v2\/product_brand?post=20423"},{"taxonomy":"product_cat","embeddable":true,"href":"https:\/\/chiaseklos.lt\/en\/wp-json\/wp\/v2\/product_cat?post=20423"},{"taxonomy":"product_tag","embeddable":true,"href":"https:\/\/chiaseklos.lt\/en\/wp-json\/wp\/v2\/product_tag?post=20423"}],"curies":[{"name":"wp","href":"https:\/\/api.w.org\/{rel}","templated":true}]}}