{"id":20174,"date":"2022-09-20T08:32:03","date_gmt":"2022-09-20T08:32:03","guid":{"rendered":"https:\/\/chiaseklos.lt\/?post_type=product&#038;p=20174"},"modified":"2025-02-26T12:29:55","modified_gmt":"2025-02-26T12:29:55","slug":"citrininiai-pipirai","status":"publish","type":"product","link":"https:\/\/chiaseklos.lt\/en\/product\/citrininiai-pipirai\/","title":{"rendered":"Citrininiai pipirai"},"content":{"rendered":"<h1 class=\"product_title entry-title\">Citrininiai pipirai<\/h1>\n<p>Tinka gardinti \u017euvies patiekalams, salotoms, \u012fvairiems pada\u017eams. Puikiai tinka patiekal\u0173 dekoravimui.<\/p>\n<p>Sud\u0117tis:\u00a0druska, svog\u016bnas, cukrus, 8% juodieji pipirai, 7% citrinos \u017eievel\u0117s, citrin\u0173 r\u016bg\u0161tis, 2% baltieji pipirai, ciber\u017eol\u0117.<\/p>","protected":false},"excerpt":{"rendered":"<p>Citrininiai pipirai Tinka gardinti \u017euvies patiekalams, salotoms, \u012fvairiems pada\u017eams. Puikiai tinka patiekal\u0173 dekoravimui. Sud\u0117tis:\u00a0druska, svog\u016bnas, cukrus, 8% juodieji pipirai, 7% citrinos \u017eievel\u0117s, citrin\u0173 r\u016bg\u0161tis, 2% baltieji pipirai, ciber\u017eol\u0117.<\/p>","protected":false},"featured_media":20177,"template":"","meta":{"_acf_changed":false},"product_brand":[],"product_cat":[68],"product_tag":[],"class_list":{"0":"post-20174","1":"product","2":"type-product","3":"status-publish","4":"has-post-thumbnail","6":"product_cat-prieskoniai","7":"nt-post-class","8":"","9":"masonry-item","10":"col-lg-6","14":"excerpt-none","18":"first","19":"instock","20":"taxable","21":"shipping-taxable","22":"purchasable","23":"product-type-variable","24":"add-to-wishlist-after_add_to_cart"},"acf":[],"_links":{"self":[{"href":"https:\/\/chiaseklos.lt\/en\/wp-json\/wp\/v2\/product\/20174","targetHints":{"allow":["GET"]}}],"collection":[{"href":"https:\/\/chiaseklos.lt\/en\/wp-json\/wp\/v2\/product"}],"about":[{"href":"https:\/\/chiaseklos.lt\/en\/wp-json\/wp\/v2\/types\/product"}],"wp:featuredmedia":[{"embeddable":true,"href":"https:\/\/chiaseklos.lt\/en\/wp-json\/wp\/v2\/media\/20177"}],"wp:attachment":[{"href":"https:\/\/chiaseklos.lt\/en\/wp-json\/wp\/v2\/media?parent=20174"}],"wp:term":[{"taxonomy":"product_brand","embeddable":true,"href":"https:\/\/chiaseklos.lt\/en\/wp-json\/wp\/v2\/product_brand?post=20174"},{"taxonomy":"product_cat","embeddable":true,"href":"https:\/\/chiaseklos.lt\/en\/wp-json\/wp\/v2\/product_cat?post=20174"},{"taxonomy":"product_tag","embeddable":true,"href":"https:\/\/chiaseklos.lt\/en\/wp-json\/wp\/v2\/product_tag?post=20174"}],"curies":[{"name":"wp","href":"https:\/\/api.w.org\/{rel}","templated":true}]}}