{"id":19881,"date":"2022-08-31T11:15:09","date_gmt":"2022-08-31T11:15:09","guid":{"rendered":"https:\/\/chiaseklos.lt\/?post_type=product&#038;p=19881"},"modified":"2024-10-29T14:35:22","modified_gmt":"2024-10-29T14:35:22","slug":"argeta-lasisu-pastetas-95-g","status":"publish","type":"product","link":"https:\/\/chiaseklos.lt\/en\/product\/argeta-lasisu-pastetas-95-g\/","title":{"rendered":"Argeta la\u0161i\u0161\u0173 pa\u0161tetas 95 g"},"content":{"rendered":"<h3 class=\"product-view__title\">Argeta la\u0161i\u0161\u0173 pa\u0161tetas 95 g<\/h3>\n<p>Itin malonaus skonio la\u0161i\u0161\u0173 pa\u0161tetas, \u017euvies gerb\u0117jams! Tinka su duona, krekeriais, duonos ar dar\u017eovi\u0173 lazdel\u0117mis.<\/p>\n<p>Sudedamosios dalys: virta\u00a0<strong>LA\u0160I\u0160OS\u00a0<\/strong>m\u0117sa 32 %, vanduo, saul\u0117gr\u0105\u017e\u0173 aliejus,\u00a0<strong>PIENO\u00a0<\/strong>baltymai 3 %, bulvi\u0173 krakmolas, svog\u016bnai, koncentruotas\u00a0<strong>\u017dUVIES\u00a0<\/strong>sultinys,\u00a0<strong>SOJ\u0172<\/strong>\u00a0miltai, prieskoniai, mieli\u0173 ekstraktas, paprik\u0173 ekstraktas, d\u016bmo ekstraktas.<\/p>\n<p>SUD\u0116TYJE YRA \u017dUVIES, PIENO, SOJ\u0172 MILT\u0172.<\/p>\n<p>Kilm\u0117s \u0161alis: Slov\u0117nija<\/p>\n<p>Gamintojas:\u00a0Atlantic Droga Kolinska D.O.O<\/p>\n<p class=\"heading\">Laikymo s\u0105lygos ir papildoma informacija: atlantin\u0117 la\u0161i\u0161a (lot. Salmo salar), u\u017eaugintos \u016bkyje Norvegijoje ir Danijoje. Ma\u017eiausia leistina laikymo temperatura: 0\u00b0 C, did\u017eiausia leistina laikymo temperatura: 25\u00b0 C<\/p>\n<h4>Maistin\u0117 vert\u0117 (100 g\/ml)<\/h4>\n<table>\n<tbody>\n<tr>\n<td>Energin\u0117 vert\u0117<\/td>\n<td>1368 kJ\u00a0\/\u00a0331 Kcal<\/td>\n<\/tr>\n<tr>\n<td>Riebalai<\/td>\n<td>30 gr<\/td>\n<\/tr>\n<tr>\n<td>So\u010diosios riebal\u0173 r\u016bg\u0161tys<\/td>\n<td>3,2 gr<\/td>\n<\/tr>\n<tr>\n<td>Angliavandeniai<\/td>\n<td>4,2 gr<\/td>\n<\/tr>\n<tr>\n<td>Cukrus<\/td>\n<td>0,6 gr<\/td>\n<\/tr>\n<tr>\n<td>Baltymai<\/td>\n<td>11 gr<\/td>\n<\/tr>\n<tr>\n<td>Druska<\/td>\n<td>1,1 gr<\/td>\n<\/tr>\n<\/tbody>\n<\/table>","protected":false},"excerpt":{"rendered":"<p>Argeta la\u0161i\u0161\u0173 pa\u0161tetas 95 g Itin malonaus skonio la\u0161i\u0161\u0173 pa\u0161tetas, \u017euvies gerb\u0117jams! Tinka su duona, krekeriais, duonos ar dar\u017eovi\u0173 lazdel\u0117mis. Sudedamosios dalys: virta\u00a0LA\u0160I\u0160OS\u00a0m\u0117sa 32 %, vanduo, saul\u0117gr\u0105\u017e\u0173 aliejus,\u00a0PIENO\u00a0baltymai 3 %, bulvi\u0173 krakmolas, svog\u016bnai, koncentruotas\u00a0\u017dUVIES\u00a0sultinys,\u00a0SOJ\u0172\u00a0miltai, prieskoniai, mieli\u0173 ekstraktas, paprik\u0173 ekstraktas, d\u016bmo ekstraktas. SUD\u0116TYJE YRA \u017dUVIES, PIENO, SOJ\u0172 MILT\u0172. Kilm\u0117s \u0161alis: Slov\u0117nija Gamintojas:\u00a0Atlantic Droga Kolinska D.O.O Laikymo&#8230;<\/p>","protected":false},"featured_media":19882,"template":"","meta":{"_acf_changed":false},"product_brand":[],"product_cat":[99],"product_tag":[],"class_list":{"0":"post-19881","1":"product","2":"type-product","3":"status-publish","4":"has-post-thumbnail","6":"product_cat-uztepeles","7":"nt-post-class","8":"","9":"masonry-item","10":"col-lg-6","14":"excerpt-none","18":"first","19":"outofstock","20":"taxable","21":"shipping-taxable","22":"purchasable","23":"product-type-simple","24":"add-to-wishlist-after_add_to_cart"},"acf":[],"_links":{"self":[{"href":"https:\/\/chiaseklos.lt\/en\/wp-json\/wp\/v2\/product\/19881","targetHints":{"allow":["GET"]}}],"collection":[{"href":"https:\/\/chiaseklos.lt\/en\/wp-json\/wp\/v2\/product"}],"about":[{"href":"https:\/\/chiaseklos.lt\/en\/wp-json\/wp\/v2\/types\/product"}],"wp:featuredmedia":[{"embeddable":true,"href":"https:\/\/chiaseklos.lt\/en\/wp-json\/wp\/v2\/media\/19882"}],"wp:attachment":[{"href":"https:\/\/chiaseklos.lt\/en\/wp-json\/wp\/v2\/media?parent=19881"}],"wp:term":[{"taxonomy":"product_brand","embeddable":true,"href":"https:\/\/chiaseklos.lt\/en\/wp-json\/wp\/v2\/product_brand?post=19881"},{"taxonomy":"product_cat","embeddable":true,"href":"https:\/\/chiaseklos.lt\/en\/wp-json\/wp\/v2\/product_cat?post=19881"},{"taxonomy":"product_tag","embeddable":true,"href":"https:\/\/chiaseklos.lt\/en\/wp-json\/wp\/v2\/product_tag?post=19881"}],"curies":[{"name":"wp","href":"https:\/\/api.w.org\/{rel}","templated":true}]}}