{"id":19877,"date":"2022-08-31T10:55:45","date_gmt":"2022-08-31T10:55:45","guid":{"rendered":"https:\/\/chiaseklos.lt\/?post_type=product&#038;p=19877"},"modified":"2024-01-30T11:44:14","modified_gmt":"2024-01-30T11:44:14","slug":"avon-en-ragobert-campagne-uztepele-180-g","status":"publish","type":"product","link":"https:\/\/chiaseklos.lt\/en\/product\/avon-en-ragobert-campagne-uztepele-180-g\/","title":{"rendered":"Avon En Ragobert Campagne U\u017etep\u0117l\u0117 180 g"},"content":{"rendered":"<p><strong>Avon En Ragobert Campagne U\u017etep\u0117l\u0117 180 g<\/strong><\/p>\n<p>Tai gardus pranc\u016bz\u0173 virtuv\u0117s terinas (u\u017etep\u0117l\u0117). Pagamintas i\u0161 kiaulienos bei gryb\u0173 derinio, kvie\u010diantis atrasti autenti\u0161kus pra\u0117jusi\u0173 laik\u0173 skonius.<\/p>\n<p>Dera su duona, krekeriais, duonos lazdel\u0117mis!<\/p>\n<p>Kiaulienos pa\u0161tetas su grybais 1%. Auk\u0161\u010diausia r\u016b\u0161is. Grynasis kiekis 180 g.<\/p>\n<p>Laikyti sausoje ir v\u0117sioje vietoje. Atidarius laikyti +0\u00b0C -+4\u00b0C temperat\u016broje ir suvartoti per 3 dienas.<\/p>\n<p>Sudedamosios dalys: Kiaulienos papilv\u0117, kiaulienos kepen\u0117l\u0117s, KIAU\u0160INIO milteliai, druska, 1% grybai, PIENO baltymai, svog\u016bnai, prieskoniai ir aromatiniai augalai, dekstroz\u0117, nat\u016bral\u016bs kvapikliai.<\/p>\n<p>SUD\u0116TYJE YRA KIAU\u0160INI\u0172, PIENO.<\/p>\n<h4>Maistin\u0117 vert\u0117 (100 g\/ml)<\/h4>\n<table>\n<tbody>\n<tr>\n<td>Energin\u0117 vert\u0117<\/td>\n<td>1050 kJ\u00a0\/\u00a0250 Kcal<\/td>\n<\/tr>\n<tr>\n<td>Riebalai<\/td>\n<td>20 gr<\/td>\n<\/tr>\n<tr>\n<td>So\u010diosios riebal\u0173 r\u016bg\u0161tys<\/td>\n<td>8,2 gr<\/td>\n<\/tr>\n<tr>\n<td>Angliavandeniai<\/td>\n<td>1 gr<\/td>\n<\/tr>\n<tr>\n<td>Cukrus<\/td>\n<td>0 gr<\/td>\n<\/tr>\n<tr>\n<td>Baltymai<\/td>\n<td>15 gr<\/td>\n<\/tr>\n<tr>\n<td>Druska<\/td>\n<td>1,6 gr<\/td>\n<\/tr>\n<\/tbody>\n<\/table>","protected":false},"excerpt":{"rendered":"<p>Avon En Ragobert Campagne U\u017etep\u0117l\u0117 180 g Tai gardus pranc\u016bz\u0173 virtuv\u0117s terinas (u\u017etep\u0117l\u0117). Pagamintas i\u0161 kiaulienos bei gryb\u0173 derinio, kvie\u010diantis atrasti autenti\u0161kus pra\u0117jusi\u0173 laik\u0173 skonius. Dera su duona, krekeriais, duonos lazdel\u0117mis! Kiaulienos pa\u0161tetas su grybais 1%. Auk\u0161\u010diausia r\u016b\u0161is. Grynasis kiekis 180 g. Laikyti sausoje ir v\u0117sioje vietoje. Atidarius laikyti +0\u00b0C -+4\u00b0C temperat\u016broje ir suvartoti per&#8230;<\/p>","protected":false},"featured_media":19878,"template":"","meta":{"_acf_changed":false},"product_brand":[],"product_cat":[99],"product_tag":[],"class_list":{"0":"post-19877","1":"product","2":"type-product","3":"status-publish","4":"has-post-thumbnail","6":"product_cat-uztepeles","7":"nt-post-class","8":"","9":"masonry-item","10":"col-lg-6","14":"excerpt-none","18":"first","19":"outofstock","20":"sale","21":"taxable","22":"shipping-taxable","23":"purchasable","24":"product-type-simple","25":"add-to-wishlist-after_add_to_cart"},"acf":[],"_links":{"self":[{"href":"https:\/\/chiaseklos.lt\/en\/wp-json\/wp\/v2\/product\/19877","targetHints":{"allow":["GET"]}}],"collection":[{"href":"https:\/\/chiaseklos.lt\/en\/wp-json\/wp\/v2\/product"}],"about":[{"href":"https:\/\/chiaseklos.lt\/en\/wp-json\/wp\/v2\/types\/product"}],"wp:featuredmedia":[{"embeddable":true,"href":"https:\/\/chiaseklos.lt\/en\/wp-json\/wp\/v2\/media\/19878"}],"wp:attachment":[{"href":"https:\/\/chiaseklos.lt\/en\/wp-json\/wp\/v2\/media?parent=19877"}],"wp:term":[{"taxonomy":"product_brand","embeddable":true,"href":"https:\/\/chiaseklos.lt\/en\/wp-json\/wp\/v2\/product_brand?post=19877"},{"taxonomy":"product_cat","embeddable":true,"href":"https:\/\/chiaseklos.lt\/en\/wp-json\/wp\/v2\/product_cat?post=19877"},{"taxonomy":"product_tag","embeddable":true,"href":"https:\/\/chiaseklos.lt\/en\/wp-json\/wp\/v2\/product_tag?post=19877"}],"curies":[{"name":"wp","href":"https:\/\/api.w.org\/{rel}","templated":true}]}}