{"id":19411,"date":"2022-07-15T10:43:54","date_gmt":"2022-07-15T10:43:54","guid":{"rendered":"https:\/\/chiaseklos.lt\/?post_type=product&#038;p=19411"},"modified":"2023-09-01T08:31:22","modified_gmt":"2023-09-01T08:31:22","slug":"ryziu-dribsniai","status":"publish","type":"product","link":"https:\/\/chiaseklos.lt\/en\/product\/ryziu-dribsniai\/","title":{"rendered":"Ry\u017ei\u0173 dribsniai"},"content":{"rendered":"<p>Ry\u017ei\u0173 dribsniai<\/p>\n<p>Tai greitai paruo\u0161iami ry\u017ei\u0173 dribsniai. Ry\u017ei\u0173 dribsni\u0173 taip pat galima d\u0117ti \u012f kepamos duonos, bandeli\u0173, blyn\u0173 te\u0161l\u0105.<\/p>\n<p>Energin\u0117 ir maistin\u0117 vert\u0117 100 g: 360 kcal\/1510, riebal\u0173 0,7 g, i\u0161 kuri\u0173 so\u010di\u0173j\u0173 riebal\u0173 r\u016bg\u0161\u010di\u0173 0,2 g, angliavandeni\u0173 77 g, i\u0161 kuri\u0173 cukr\u0173 0,5 g, baltym\u0173 6,7 g, druskos 0 g.<\/p>\n<p>Sudedamosios dalys: ry\u017ei\u0173 dribsniai. Sud\u0117tyje gali b\u016bti\u00a0<strong>glitimo<\/strong>.<\/p>\n<p>Kilm\u0117s \u0161alis: Mianmaras<\/p>\n<p>Paruo\u0161imo instrukcija: \u012f 200 ml verdan\u010dio vandens arba pieno \u012fberkite 50 g dribsni\u0173. I\u0161mai\u0161ykite ir virkite 2 minutes. U\u017edenkite puod\u0105 dang\u010diu ir palaikykite u\u017edeng\u0119 3 minutes.<\/p>\n<p>Laikyti sausoje, \u0161varioje ir v\u0117sioje vietoje. Laikymo temperat\u016bra: nuo 15\u00b0C iki 25\u00b0C.<\/p>\n<p>&nbsp;<\/p>","protected":false},"excerpt":{"rendered":"<p>Ry\u017ei\u0173 dribsniai Tai greitai paruo\u0161iami ry\u017ei\u0173 dribsniai. Ry\u017ei\u0173 dribsni\u0173 taip pat galima d\u0117ti \u012f kepamos duonos, bandeli\u0173, blyn\u0173 te\u0161l\u0105. Energin\u0117 ir maistin\u0117 vert\u0117 100 g: 360 kcal\/1510, riebal\u0173 0,7 g, i\u0161 kuri\u0173 so\u010di\u0173j\u0173 riebal\u0173 r\u016bg\u0161\u010di\u0173 0,2 g, angliavandeni\u0173 77 g, i\u0161 kuri\u0173 cukr\u0173 0,5 g, baltym\u0173 6,7 g, druskos 0 g. Sudedamosios dalys: ry\u017ei\u0173 dribsniai&#8230;.<\/p>","protected":false},"featured_media":19412,"template":"","meta":{"_acf_changed":false},"product_brand":[],"product_cat":[100],"product_tag":[],"class_list":{"0":"post-19411","1":"product","2":"type-product","3":"status-publish","4":"has-post-thumbnail","6":"product_cat-kruopos","7":"nt-post-class","8":"","9":"masonry-item","10":"col-lg-6","14":"excerpt-none","18":"first","19":"instock","20":"taxable","21":"shipping-taxable","22":"purchasable","23":"product-type-variable","24":"add-to-wishlist-after_add_to_cart"},"acf":[],"_links":{"self":[{"href":"https:\/\/chiaseklos.lt\/en\/wp-json\/wp\/v2\/product\/19411","targetHints":{"allow":["GET"]}}],"collection":[{"href":"https:\/\/chiaseklos.lt\/en\/wp-json\/wp\/v2\/product"}],"about":[{"href":"https:\/\/chiaseklos.lt\/en\/wp-json\/wp\/v2\/types\/product"}],"wp:featuredmedia":[{"embeddable":true,"href":"https:\/\/chiaseklos.lt\/en\/wp-json\/wp\/v2\/media\/19412"}],"wp:attachment":[{"href":"https:\/\/chiaseklos.lt\/en\/wp-json\/wp\/v2\/media?parent=19411"}],"wp:term":[{"taxonomy":"product_brand","embeddable":true,"href":"https:\/\/chiaseklos.lt\/en\/wp-json\/wp\/v2\/product_brand?post=19411"},{"taxonomy":"product_cat","embeddable":true,"href":"https:\/\/chiaseklos.lt\/en\/wp-json\/wp\/v2\/product_cat?post=19411"},{"taxonomy":"product_tag","embeddable":true,"href":"https:\/\/chiaseklos.lt\/en\/wp-json\/wp\/v2\/product_tag?post=19411"}],"curies":[{"name":"wp","href":"https:\/\/api.w.org\/{rel}","templated":true}]}}