{"id":19386,"date":"2022-07-13T06:33:36","date_gmt":"2022-07-13T06:33:36","guid":{"rendered":"https:\/\/chiaseklos.lt\/?post_type=product&#038;p=19386"},"modified":"2026-04-01T11:21:32","modified_gmt":"2026-04-01T11:21:32","slug":"datules-medjool-jumbo-su-kaulu","status":"publish","type":"product","link":"https:\/\/chiaseklos.lt\/en\/product\/datules-medjool-jumbo-su-kaulu\/","title":{"rendered":"Datul\u0117s &#8220;Medjool&#8221; jumbo su kaulu"},"content":{"rendered":"<p data-start=\"122\" data-end=\"194\"><strong data-start=\"122\" data-end=\"194\">Datul\u0117s \u201eMedjool\u201c Jumbo su kaulu\u00a0<\/strong><\/p>\n<p data-start=\"196\" data-end=\"547\">Datul\u0117s \u201eMedjool\u201c Jumbo su kaulu \u2013 tai auk\u0161tos kokyb\u0117s, didel\u0117s, mink\u0161tos ir nat\u016braliai sald\u017eios datul\u0117s, vertinamos visame pasaulyje d\u0117l savo i\u0161skirtinio skonio ir tekst\u016bros. \u0160ios datul\u0117s pasi\u017eymi sodriu, karamel\u0119 primenan\u010diu skoniu bei maloniu mink\u0161tumu, tod\u0117l yra puikus pasirinkimas ie\u0161kantiems nat\u016bralaus saldumo alternatyvos kasdien\u0117je mityboje.<\/p>\n<p data-start=\"549\" data-end=\"975\">\u201eMedjool\u201c datul\u0117s da\u017enai vadinamos datuli\u0173 karalien\u0117mis d\u0117l savo i\u0161skirtinio dyd\u017eio ir kokyb\u0117s. Jos puikiai tinka vartoti vienos kaip u\u017ekandis arba derinti su kitais produktais. Datul\u0117s dera su rie\u0161utais, s\u0117klomis, jogurtu, var\u0161ke ar \u012fvairiais s\u016briais. Taip pat jos gali b\u016bti naudojamos kepiniuose, desertuose, energiniuose rutuliukuose ar glotnu\u010diuose. D\u0117l savo nat\u016bralaus saldumo jos da\u017enai pasirenkamos kaip alternatyva rafinuotam cukrui.<\/p>\n<p data-start=\"977\" data-end=\"1206\">\u0160ios datul\u0117s yra nat\u016bralus skaidul\u0173 \u0161altinis. Skaidulos yra svarbi subalansuotos mitybos dalis, tod\u0117l datul\u0117s gali b\u016bti \u012ftrauktos \u012f \u012fvair\u0173 ir pilnavert\u012f racion\u0105. Kaip ir kitus d\u017eiovintus vaisius, rekomenduojama vartoti saikingai.<\/p>\n<p data-start=\"1208\" data-end=\"1434\"><strong data-start=\"1208\" data-end=\"1247\">Maistin\u0117 ir energin\u0117 vert\u0117 (100 g):<\/strong><br data-start=\"1247\" data-end=\"1250\" \/>Energin\u0117 vert\u0117 \u2013 1164 kJ \/ 278 kcal<br data-start=\"1285\" data-end=\"1288\" \/>Riebalai \u2013 0,17 g, i\u0161 kuri\u0173 so\u010di\u0173j\u0173 riebal\u0173 r\u016bg\u0161\u010di\u0173 \u2013 0,05 g<br data-start=\"1348\" data-end=\"1351\" \/>Angliavandeniai \u2013 67 g, i\u0161 kuri\u0173 cukr\u0173 \u2013 67 g<br data-start=\"1396\" data-end=\"1399\" \/>Baltymai \u2013 2,2 g<br data-start=\"1415\" data-end=\"1418\" \/>Druska \u2013 3,3 g<\/p>\n<p data-start=\"1436\" data-end=\"1515\"><strong data-start=\"1436\" data-end=\"1459\">Sudedamosios dalys:<\/strong> 100 % datul\u0117s.<br data-start=\"1474\" data-end=\"1477\" \/>Be prid\u0117tinio cukraus. Be konservant\u0173.<\/p>\n<p data-start=\"1517\" data-end=\"1543\"><strong data-start=\"1517\" data-end=\"1534\">Kilm\u0117s \u0161alis:<\/strong> Izraelis<\/p>\n<p data-start=\"1545\" data-end=\"1708\">Laikyti sausoje, v\u0117sioje vietoje, sandariai u\u017edaryt\u0105. Atidarius rekomenduojama suvartoti per kuo trumpesn\u012f laik\u0105, kad b\u016bt\u0173 i\u0161laikytas produkto \u0161vie\u017eumas ir kokyb\u0117.<\/p>\n<p data-start=\"1710\" data-end=\"1907\">Datul\u0117s \u201eMedjool\u201c Jumbo \u2013 puikus pasirinkimas tiems, kurie vertina nat\u016bralius produktus, paprast\u0105 sud\u0117t\u012f ir i\u0161rai\u0161king\u0105 skon\u012f. Tinka tiek kasdieniam vartojimui, tiek \u012fvairiems receptams pagardinti.<\/p>\n<p>Laikyti \u0161aldytuve 3 \u2013 7\u00b0C temperat\u016broje<\/p>","protected":false},"excerpt":{"rendered":"<p>Datul\u0117s \u201eMedjool\u201c Jumbo su kaulu\u00a0 Datul\u0117s \u201eMedjool\u201c Jumbo su kaulu \u2013 tai auk\u0161tos kokyb\u0117s, didel\u0117s, mink\u0161tos ir nat\u016braliai sald\u017eios datul\u0117s, vertinamos visame pasaulyje d\u0117l savo i\u0161skirtinio skonio ir tekst\u016bros. \u0160ios datul\u0117s pasi\u017eymi sodriu, karamel\u0119 primenan\u010diu skoniu bei maloniu mink\u0161tumu, tod\u0117l yra puikus pasirinkimas ie\u0161kantiems nat\u016bralaus saldumo alternatyvos kasdien\u0117je mityboje. \u201eMedjool\u201c datul\u0117s da\u017enai vadinamos datuli\u0173 karalien\u0117mis&#8230;<\/p>","protected":false},"featured_media":34726,"template":"","meta":{"_acf_changed":false},"product_brand":[],"product_cat":[42],"product_tag":[],"class_list":{"0":"post-19386","1":"product","2":"type-product","3":"status-publish","4":"has-post-thumbnail","6":"product_cat-dziovinti-vaisiai-uogos","7":"nt-post-class","8":"","9":"masonry-item","10":"col-lg-6","14":"excerpt-none","18":"first","19":"instock","20":"taxable","21":"shipping-taxable","22":"purchasable","23":"product-type-variable","24":"add-to-wishlist-after_add_to_cart"},"acf":[],"_links":{"self":[{"href":"https:\/\/chiaseklos.lt\/en\/wp-json\/wp\/v2\/product\/19386","targetHints":{"allow":["GET"]}}],"collection":[{"href":"https:\/\/chiaseklos.lt\/en\/wp-json\/wp\/v2\/product"}],"about":[{"href":"https:\/\/chiaseklos.lt\/en\/wp-json\/wp\/v2\/types\/product"}],"wp:featuredmedia":[{"embeddable":true,"href":"https:\/\/chiaseklos.lt\/en\/wp-json\/wp\/v2\/media\/34726"}],"wp:attachment":[{"href":"https:\/\/chiaseklos.lt\/en\/wp-json\/wp\/v2\/media?parent=19386"}],"wp:term":[{"taxonomy":"product_brand","embeddable":true,"href":"https:\/\/chiaseklos.lt\/en\/wp-json\/wp\/v2\/product_brand?post=19386"},{"taxonomy":"product_cat","embeddable":true,"href":"https:\/\/chiaseklos.lt\/en\/wp-json\/wp\/v2\/product_cat?post=19386"},{"taxonomy":"product_tag","embeddable":true,"href":"https:\/\/chiaseklos.lt\/en\/wp-json\/wp\/v2\/product_tag?post=19386"}],"curies":[{"name":"wp","href":"https:\/\/api.w.org\/{rel}","templated":true}]}}