{"id":18963,"date":"2022-05-12T12:44:16","date_gmt":"2022-05-12T12:44:16","guid":{"rendered":"https:\/\/chiaseklos.lt\/?post_type=product&#038;p=18963"},"modified":"2026-02-21T10:54:57","modified_gmt":"2026-02-21T10:54:57","slug":"elnienos-uztepele-su-pedro-ximenez-la-chinata-120-g","status":"publish","type":"product","link":"https:\/\/chiaseklos.lt\/en\/product\/elnienos-uztepele-su-pedro-ximenez-la-chinata-120-g\/","title":{"rendered":"Elnienos u\u017etep\u0117l\u0117 su Pedro Xim\u00e9nez La Chinata 120 g"},"content":{"rendered":"<h1 class=\"h1 product-detail-name\">Elnienos u\u017etep\u0117l\u0117 su Pedro Xim\u00e9nez La Chinata 120 g<\/h1>\n<p>Elnienos u\u017etep\u0117l\u0117 su \u201ePedro Xim\u00e9nez La Chinata\u201c yra skanus ir sveikas u\u017etepas, kuriame derinamas i\u0161skirtinis elni\u0173 m\u0117sos skonis ir \u00a0Pedro Xim\u00e9nezo teikiamos savyb\u0117s.<\/p>\n<p>Tai u\u017etep\u0117l\u0117, skirta praturtinti \u012fvairiausius patiekalus, tinka d\u0117ti \u012f m\u0117sos gaminius ar naudoti su duoniukais, krekeriais bei duonos lazdel\u0117mis.<\/p>\n<p>Rekomenduojama patiekti \u0161iek tiek at\u0161aldyt\u0105, kad atsiskleist\u0173 geriausios skonio savyb\u0117s.<\/p>\n<p>Elnienos pa\u0161tetas su Pedro Ximenez vynu 1,8% ir alyvuogi\u0173 aliejumi 1,5%. I r\u016b\u0161is.\u00a0Grynasis kiekis 120 g.<\/p>\n<p>Kilm\u0117s \u0161alis: Ispanija<\/p>\n<p>Sud\u0117tis: elnienos priedas 30,6%: (vanduo, liesa elniena 38%), kiauli\u0173 kepenys, kiaulienos riebalai, kepti svog\u016bnai: (svog\u016bnai, alyvuogi\u0173 aliejus, druska), gluosnin\u0117 kreivabud\u0117 (Pleurotus ostreatus), cukrus, nugriebto\u00a0<strong>PIENO<\/strong>\u00a0milteliai, Pedro Ximenez vynas 1,8%, ypa\u010d grynas alyvuogi\u0173 aliejus, druska, \u017eirni\u0173 skaidulos,\u00a0<strong>KIAU\u0160INI\u0172<\/strong>\u00a0milteliai, \u010desnakai, kukur\u016bz\u0173 krakmolas, kvapiosios med\u017eiagos, prieskoniai, \u017eolel\u0117s.<\/p>\n<p>Energin\u0117 ir maistin\u0117 vert\u0117 100 g: 216,8 kcal\/901,1 kJ, riebal\u0173 15,6 g, i\u0161 kuri\u0173 so\u010di\u0173j\u0173 riebal\u0173 r\u016bg\u0161\u010di\u0173 5,7 g, angliavandeni\u0173 8,0 g, i\u0161 kuri\u0173 cukr\u0173 6,6 g, baltym\u0173 10,3 g, druskos 2,575 g.<\/p>","protected":false},"excerpt":{"rendered":"<p>Elnienos u\u017etep\u0117l\u0117 su Pedro Xim\u00e9nez La Chinata 120 g Elnienos u\u017etep\u0117l\u0117 su \u201ePedro Xim\u00e9nez La Chinata\u201c yra skanus ir sveikas u\u017etepas, kuriame derinamas i\u0161skirtinis elni\u0173 m\u0117sos skonis ir \u00a0Pedro Xim\u00e9nezo teikiamos savyb\u0117s. Tai u\u017etep\u0117l\u0117, skirta praturtinti \u012fvairiausius patiekalus, tinka d\u0117ti \u012f m\u0117sos gaminius ar naudoti su duoniukais, krekeriais bei duonos lazdel\u0117mis. Rekomenduojama patiekti \u0161iek tiek&#8230;<\/p>","protected":false},"featured_media":18964,"template":"","meta":{"_acf_changed":false},"product_brand":[],"product_cat":[99],"product_tag":[],"class_list":{"0":"post-18963","1":"product","2":"type-product","3":"status-publish","4":"has-post-thumbnail","6":"product_cat-uztepeles","7":"nt-post-class","8":"","9":"masonry-item","10":"col-lg-6","14":"excerpt-none","18":"first","19":"outofstock","20":"taxable","21":"shipping-taxable","22":"purchasable","23":"product-type-simple","24":"add-to-wishlist-after_add_to_cart"},"acf":[],"_links":{"self":[{"href":"https:\/\/chiaseklos.lt\/en\/wp-json\/wp\/v2\/product\/18963","targetHints":{"allow":["GET"]}}],"collection":[{"href":"https:\/\/chiaseklos.lt\/en\/wp-json\/wp\/v2\/product"}],"about":[{"href":"https:\/\/chiaseklos.lt\/en\/wp-json\/wp\/v2\/types\/product"}],"wp:featuredmedia":[{"embeddable":true,"href":"https:\/\/chiaseklos.lt\/en\/wp-json\/wp\/v2\/media\/18964"}],"wp:attachment":[{"href":"https:\/\/chiaseklos.lt\/en\/wp-json\/wp\/v2\/media?parent=18963"}],"wp:term":[{"taxonomy":"product_brand","embeddable":true,"href":"https:\/\/chiaseklos.lt\/en\/wp-json\/wp\/v2\/product_brand?post=18963"},{"taxonomy":"product_cat","embeddable":true,"href":"https:\/\/chiaseklos.lt\/en\/wp-json\/wp\/v2\/product_cat?post=18963"},{"taxonomy":"product_tag","embeddable":true,"href":"https:\/\/chiaseklos.lt\/en\/wp-json\/wp\/v2\/product_tag?post=18963"}],"curies":[{"name":"wp","href":"https:\/\/api.w.org\/{rel}","templated":true}]}}