{"id":18961,"date":"2022-05-12T12:32:54","date_gmt":"2022-05-12T12:32:54","guid":{"rendered":"https:\/\/chiaseklos.lt\/?post_type=product&#038;p=18961"},"modified":"2026-01-07T08:51:48","modified_gmt":"2026-01-07T08:51:48","slug":"la-chinata-ozkos-surio-su-karamelizuotais-svogunais-uztepele-120-g","status":"publish","type":"product","link":"https:\/\/chiaseklos.lt\/en\/product\/la-chinata-ozkos-surio-su-karamelizuotais-svogunais-uztepele-120-g\/","title":{"rendered":"LA CHINATA o\u017ekos s\u016brio su karamelizuotais svog\u016bnais u\u017etep\u0117l\u0117, 120 g"},"content":{"rendered":"<h2 class=\"product_title entry-title\">LA CHINATA o\u017ekos s\u016brio su karamelizuotais svog\u016bnais u\u017etep\u0117l\u0117, 120 g<\/h2>\n<p>Pagamintas i\u0161 auk\u0161\u010diausios kokyb\u0117s produkt\u0173 ir i\u0161skirtinio pirmojo spaudimo alyvuogi\u0173 aliejaus La Chinata.\u00a0Intensyvaus o\u017ekos s\u016brio skonio ir saldaus karamelizuoto svog\u016bno skonio derinys suteikia unikal\u0173 skon\u012f.<\/p>\n<p>Puikiai tinka prie ant groteli\u0173 keptos m\u0117sos arba ruo\u0161iant u\u017ekand\u017eius. Dera salier\u0173 ar mork\u0173 pyragams, tepti ant duonos lazdeli\u0173 ar krekeri\u0173&#8230;<\/p>\n<p>Tai puikios kokyb\u0117s gaminys improvizuotoms vakarien\u0117ms ar u\u017ekand\u017eiams su draugais.<\/p>\n<p>Kilm\u0117s \u0161alis: Ispanija<\/p>\n<p>Laikymo s\u0105lygos:\u00a0Laikyti kambario temperat\u016broje, v\u0117sioje, sausoje vietoje, atokiau nuo \u0161viesos ir \u0161ilumos. Atidarius laikyti \u0161aldytuve ir suvartoti per 5 dienas.<\/p>\n<p>Energin\u0117 ir maistin\u0117 vert\u0117 100 g: 148,7 kcal\/616,8 kJ, riebal\u0173 11,9 g, i\u0161 kuri\u0173 so\u010di\u0173j\u0173 riebal\u0173 r\u016bg\u0161\u010di\u0173 6,1 g, angliavandeni\u0173 4,6 g, i\u0161 kuri\u0173 cukr\u0173 0,2 g, baltym\u0173 6,1 g, druskos 1,93 g.<\/p>\n<p>Sudedamosios dalys: <strong>O\u017dK\u0172\u00a0<\/strong><strong>S\u016aRIS<\/strong>: (pasterizuotas\u00a0<strong>O\u017dK\u0172\u00a0<\/strong><strong>PIENAS<\/strong>, druska, augalinis \u0161liu\u017eo fermentas),\u00a0<strong>PIENO<\/strong>\u00a0milteliai, vanduo,\u00a0<strong>SVIESTAS<\/strong>, karamelizuoti svog\u016bnai 6%: (svog\u016bnai, cukrus, auk\u0161\u010diausios kokyb\u0117s pirmojo spaudimo alyvuogi\u0173 aliejus, druska),<strong>\u00a0PIENO\u00a0<\/strong>baltymai, auk\u0161\u010diausios kokyb\u0117s pirmojo spaudimo alyvuogi\u0173 aliejus, druska, emulsikliai: (E452, E331, E450, E451), stabilizatoriai: (E401, E410, E415, E461), r\u016bg\u0161tingum\u0105 reguliuojanti med\u017eiaga E330, konservantas E202.<\/p>","protected":false},"excerpt":{"rendered":"<p>LA CHINATA o\u017ekos s\u016brio su karamelizuotais svog\u016bnais u\u017etep\u0117l\u0117, 120 g Pagamintas i\u0161 auk\u0161\u010diausios kokyb\u0117s produkt\u0173 ir i\u0161skirtinio pirmojo spaudimo alyvuogi\u0173 aliejaus La Chinata.\u00a0Intensyvaus o\u017ekos s\u016brio skonio ir saldaus karamelizuoto svog\u016bno skonio derinys suteikia unikal\u0173 skon\u012f. Puikiai tinka prie ant groteli\u0173 keptos m\u0117sos arba ruo\u0161iant u\u017ekand\u017eius. Dera salier\u0173 ar mork\u0173 pyragams, tepti ant duonos lazdeli\u0173 ar&#8230;<\/p>","protected":false},"featured_media":18962,"template":"","meta":{"_acf_changed":false},"product_brand":[],"product_cat":[99],"product_tag":[],"class_list":{"0":"post-18961","1":"product","2":"type-product","3":"status-publish","4":"has-post-thumbnail","6":"product_cat-uztepeles","7":"nt-post-class","8":"","9":"masonry-item","10":"col-lg-6","14":"excerpt-none","18":"first","19":"outofstock","20":"taxable","21":"shipping-taxable","22":"purchasable","23":"product-type-simple","24":"add-to-wishlist-after_add_to_cart"},"acf":[],"_links":{"self":[{"href":"https:\/\/chiaseklos.lt\/en\/wp-json\/wp\/v2\/product\/18961","targetHints":{"allow":["GET"]}}],"collection":[{"href":"https:\/\/chiaseklos.lt\/en\/wp-json\/wp\/v2\/product"}],"about":[{"href":"https:\/\/chiaseklos.lt\/en\/wp-json\/wp\/v2\/types\/product"}],"wp:featuredmedia":[{"embeddable":true,"href":"https:\/\/chiaseklos.lt\/en\/wp-json\/wp\/v2\/media\/18962"}],"wp:attachment":[{"href":"https:\/\/chiaseklos.lt\/en\/wp-json\/wp\/v2\/media?parent=18961"}],"wp:term":[{"taxonomy":"product_brand","embeddable":true,"href":"https:\/\/chiaseklos.lt\/en\/wp-json\/wp\/v2\/product_brand?post=18961"},{"taxonomy":"product_cat","embeddable":true,"href":"https:\/\/chiaseklos.lt\/en\/wp-json\/wp\/v2\/product_cat?post=18961"},{"taxonomy":"product_tag","embeddable":true,"href":"https:\/\/chiaseklos.lt\/en\/wp-json\/wp\/v2\/product_tag?post=18961"}],"curies":[{"name":"wp","href":"https:\/\/api.w.org\/{rel}","templated":true}]}}