{"id":18955,"date":"2022-05-12T12:02:01","date_gmt":"2022-05-12T12:02:01","guid":{"rendered":"https:\/\/chiaseklos.lt\/?post_type=product&#038;p=18955"},"modified":"2022-11-25T07:41:49","modified_gmt":"2022-11-25T07:41:49","slug":"pesto-padazas-sacla-su-sauleje-dziovintais-pomidorais-90-g","status":"publish","type":"product","link":"https:\/\/chiaseklos.lt\/en\/product\/pesto-padazas-sacla-su-sauleje-dziovintais-pomidorais-90-g\/","title":{"rendered":"Pesto pada\u017eas alla Genovese 125g."},"content":{"rendered":"<p><strong>Pesto alla Genovese 125g.<\/strong><\/p>\n<p>Bazilik\u0173 pesto pada\u017eas yra universalus ir dera prie \u012fvairiausi\u0173 patiekal\u0173. Puikiai tinka prie makaron\u0173, salot\u0173, m\u0117sos gamini\u0173 ir t.t.t<\/p>\n<p>Sudedamosios dalys:\u00a0bazilikai 38%, saul\u0117gr\u0105\u017e\u0173 aliejus, S\u016aRIS GRANAPADANAS su SKVN* \u201eGrana Padano DOP\u201c: (PIENAS, konservantas LIZOCIMAS (i\u0161 KIAU\u0160INI\u0172)), auk\u0161\u010diausios r\u016b\u0161ies ypa\u010d grynas alyvuogi\u0173 aliejus, druska, ANAKARD\u017dIAI, bulvi\u0173 dribsniai, cukrus, KEDRIN\u0116S PINIJOS, S\u016aRIS PEKORINAS su SKVN* \u201ePecorino Romano DOP\u201c (PIENAS), \u010desnakai, r\u016bg\u0161tingum\u0105 reguliuojanti med\u017eiaga E270. Be glitimo. *Saugoma kilm\u0117s vietos nuoroda.<\/p>\n<p>Kilm\u0117s \u0161alis: Italija<\/p>","protected":false},"excerpt":{"rendered":"<p>Pesto alla Genovese 125g. Bazilik\u0173 pesto pada\u017eas yra universalus ir dera prie \u012fvairiausi\u0173 patiekal\u0173. Puikiai tinka prie makaron\u0173, salot\u0173, m\u0117sos gamini\u0173 ir t.t.t Sudedamosios dalys:\u00a0bazilikai 38%, saul\u0117gr\u0105\u017e\u0173 aliejus, S\u016aRIS GRANAPADANAS su SKVN* \u201eGrana Padano DOP\u201c: (PIENAS, konservantas LIZOCIMAS (i\u0161 KIAU\u0160INI\u0172)), auk\u0161\u010diausios r\u016b\u0161ies ypa\u010d grynas alyvuogi\u0173 aliejus, druska, ANAKARD\u017dIAI, bulvi\u0173 dribsniai, cukrus, KEDRIN\u0116S PINIJOS, S\u016aRIS PEKORINAS&#8230;<\/p>","protected":false},"featured_media":19395,"template":"","meta":{"_acf_changed":false},"product_brand":[],"product_cat":[99],"product_tag":[],"class_list":{"0":"post-18955","1":"product","2":"type-product","3":"status-publish","4":"has-post-thumbnail","6":"product_cat-uztepeles","7":"nt-post-class","8":"","9":"masonry-item","10":"col-lg-6","14":"excerpt-none","18":"first","19":"outofstock","20":"taxable","21":"shipping-taxable","22":"purchasable","23":"product-type-simple","24":"add-to-wishlist-after_add_to_cart"},"acf":[],"_links":{"self":[{"href":"https:\/\/chiaseklos.lt\/en\/wp-json\/wp\/v2\/product\/18955","targetHints":{"allow":["GET"]}}],"collection":[{"href":"https:\/\/chiaseklos.lt\/en\/wp-json\/wp\/v2\/product"}],"about":[{"href":"https:\/\/chiaseklos.lt\/en\/wp-json\/wp\/v2\/types\/product"}],"wp:featuredmedia":[{"embeddable":true,"href":"https:\/\/chiaseklos.lt\/en\/wp-json\/wp\/v2\/media\/19395"}],"wp:attachment":[{"href":"https:\/\/chiaseklos.lt\/en\/wp-json\/wp\/v2\/media?parent=18955"}],"wp:term":[{"taxonomy":"product_brand","embeddable":true,"href":"https:\/\/chiaseklos.lt\/en\/wp-json\/wp\/v2\/product_brand?post=18955"},{"taxonomy":"product_cat","embeddable":true,"href":"https:\/\/chiaseklos.lt\/en\/wp-json\/wp\/v2\/product_cat?post=18955"},{"taxonomy":"product_tag","embeddable":true,"href":"https:\/\/chiaseklos.lt\/en\/wp-json\/wp\/v2\/product_tag?post=18955"}],"curies":[{"name":"wp","href":"https:\/\/api.w.org\/{rel}","templated":true}]}}