{"id":18910,"date":"2022-05-12T13:26:10","date_gmt":"2022-05-12T13:26:10","guid":{"rendered":"https:\/\/chiaseklos.lt\/?post_type=product&#038;p=18910"},"modified":"2025-08-22T06:48:52","modified_gmt":"2025-08-22T06:48:52","slug":"baltosios-pupeles","status":"publish","type":"product","link":"https:\/\/chiaseklos.lt\/en\/product\/baltosios-pupeles\/","title":{"rendered":"Baltosios pupel\u0117s"},"content":{"rendered":"<h3 class=\"name\">Baltosios pupel\u0117s<\/h3>\n<p>Baltosios pupel\u0117s yra produktas, turintis daug maistini\u0173 med\u017eiag\u0173, nes jose gausu skaidul\u0173 ir baltym\u0173, \u012fvairi\u0173 mikroelement\u0173, \u012fskaitant folio r\u016bg\u0161t\u012f, magn\u012f ir vitamin\u0105 B6, \u0161altinis.<\/p>\n<p>Naudojamos sriuboms, tro\u0161kiniams, salotoms bei kitiems patiekalams.<\/p>\n<p>Prie\u0161 verdant rekomenduojama mirkyti, geriausia \u2013 per nakt\u012f. Paruo\u0161imas: perplauti ir virti apie 60min vis pamai\u0161ant. Pagardinkite druska ir patiekite.<\/p>\n<p>Sudedamosios dalys: Pupel\u0117s baltos spalvos. Smulkios.<\/p>\n<p>Sud\u0117tyje gali pasitaikyti RIE\u0160UT\u0172, SOJOS bei GLITIMO p\u0117dsak\u0173.<\/p>\n<p>Kilm\u0117s \u0161alis: Etiopija<\/p>\n<p>Energin\u0117 vert\u0117: 376kcal \/ 1587 kJ\u00a0Riebalai 1,6g;\u00a0So\u010diosios riebal\u0173 r\u016bg\u0161tys\u00a00,2 g;\u00a0Angliavandeniai 60,00 g;\u00a0Cukr\u016bs\u00a04,6 g; Skaidul\u0173 15g.\u00a0 Baltymai 22,8g;\u00a0Druska 0,00 g<\/p>\n<p>Laikymo s\u0105lygos Laikyti sausoje, v\u0117sioje vietoje. Laikymo temperat\u016bra: nuo 15\u00b0C iki 25\u00b0C.<\/p>\n<p>&nbsp;<\/p>\n<p>&nbsp;<\/p>","protected":false},"excerpt":{"rendered":"<p>Baltosios pupel\u0117s Baltosios pupel\u0117s yra produktas, turintis daug maistini\u0173 med\u017eiag\u0173, nes jose gausu skaidul\u0173 ir baltym\u0173, \u012fvairi\u0173 mikroelement\u0173, \u012fskaitant folio r\u016bg\u0161t\u012f, magn\u012f ir vitamin\u0105 B6, \u0161altinis. Naudojamos sriuboms, tro\u0161kiniams, salotoms bei kitiems patiekalams. Prie\u0161 verdant rekomenduojama mirkyti, geriausia \u2013 per nakt\u012f. Paruo\u0161imas: perplauti ir virti apie 60min vis pamai\u0161ant. Pagardinkite druska ir patiekite. Sudedamosios dalys:&#8230;<\/p>","protected":false},"featured_media":18912,"template":"","meta":{"_acf_changed":false},"product_brand":[],"product_cat":[100],"product_tag":[],"class_list":{"0":"post-18910","1":"product","2":"type-product","3":"status-publish","4":"has-post-thumbnail","6":"product_cat-kruopos","7":"nt-post-class","8":"","9":"masonry-item","10":"col-lg-6","14":"excerpt-none","18":"first","19":"outofstock","20":"taxable","21":"shipping-taxable","22":"purchasable","23":"product-type-variable","24":"add-to-wishlist-after_add_to_cart"},"acf":[],"_links":{"self":[{"href":"https:\/\/chiaseklos.lt\/en\/wp-json\/wp\/v2\/product\/18910","targetHints":{"allow":["GET"]}}],"collection":[{"href":"https:\/\/chiaseklos.lt\/en\/wp-json\/wp\/v2\/product"}],"about":[{"href":"https:\/\/chiaseklos.lt\/en\/wp-json\/wp\/v2\/types\/product"}],"wp:featuredmedia":[{"embeddable":true,"href":"https:\/\/chiaseklos.lt\/en\/wp-json\/wp\/v2\/media\/18912"}],"wp:attachment":[{"href":"https:\/\/chiaseklos.lt\/en\/wp-json\/wp\/v2\/media?parent=18910"}],"wp:term":[{"taxonomy":"product_brand","embeddable":true,"href":"https:\/\/chiaseklos.lt\/en\/wp-json\/wp\/v2\/product_brand?post=18910"},{"taxonomy":"product_cat","embeddable":true,"href":"https:\/\/chiaseklos.lt\/en\/wp-json\/wp\/v2\/product_cat?post=18910"},{"taxonomy":"product_tag","embeddable":true,"href":"https:\/\/chiaseklos.lt\/en\/wp-json\/wp\/v2\/product_tag?post=18910"}],"curies":[{"name":"wp","href":"https:\/\/api.w.org\/{rel}","templated":true}]}}