{"id":18905,"date":"2022-05-06T11:34:03","date_gmt":"2022-05-06T11:34:03","guid":{"rendered":"https:\/\/chiaseklos.lt\/?post_type=product&#038;p=18905"},"modified":"2025-09-03T11:28:11","modified_gmt":"2025-09-03T11:28:11","slug":"perlines-kruopos","status":"publish","type":"product","link":"https:\/\/chiaseklos.lt\/en\/product\/perlines-kruopos\/","title":{"rendered":"Perlin\u0117s kruopos"},"content":{"rendered":"<p>Perlin\u0117s kruopos<\/p>\n<p>Perlin\u0117s kruopos \u2013 tai viena i\u0161 populiariausi\u0173 kruop\u0173 form\u0173 pasaulyje, gaminamos i\u0161 pilno gr\u016bdo, neluk\u0161tent\u0173 mie\u017ei\u0173 gr\u016bd\u0173.Tokios pilno gr\u016bdo kruopos yra be galo geras maistini\u0173 skaidul\u0173 ir kit\u0173 svarbi\u0173 maistini\u0173 med\u017eiag\u0173 \u0161altinis. Gausu\u00a0mineral\u0173: gele\u017eis, fosforas, magnis, manganas ir cinkas esantys mie\u017eiuose padeda palaikyti sveik\u0105 kaul\u0173 strukt\u016br\u0105 ir j\u0173 tvirtum\u0105. \u0160ie mineralai apsaugo kaulus nuo ret\u0117jimo bei atlieka svarb\u0173 vaidmen\u012f kolageno gamyboje.<\/p>\n<p>Prie\u0161 verdant perlines kruopas b\u016btina i\u0161mirkyti. Sutrump\u0117s virimo laikas. Supilkite norim\u0105 kiek\u012f perlini\u0173 kruop\u0173 bei vandens santykiu 1:3. Prie\u0161 tai rekomenduojama kruopas por\u0105 kart\u0173 perplauti su \u0161variu vandeniu. Mirkykite kruopas per vis\u0105 nakt\u012f, ma\u017edaug 9-12 valand\u0173.<\/p>\n<p>Kilm\u0117s \u0161alis: Lietuva<\/p>\n<p>Energin\u0117 ir maistin\u0117 vert\u0117 100 g: 319 kcal\/1350 kJ, riebal\u0173 2 g, i\u0161 kuri\u0173 so\u010di\u0173j\u0173 riebal\u0173 r\u016bg\u0161\u010di\u0173 0,3 g, angliavandeni\u0173 63,2 g, i\u0161 kuri\u0173 cukr\u0173 0,9 g,skaidulini\u0173 med\u017eiag\u0173 7,6g, baltym\u0173 8,3 g, druskos 0,01 g.<\/p>\n<p>&nbsp;<\/p>","protected":false},"excerpt":{"rendered":"<p>Perlin\u0117s kruopos Perlin\u0117s kruopos \u2013 tai viena i\u0161 populiariausi\u0173 kruop\u0173 form\u0173 pasaulyje, gaminamos i\u0161 pilno gr\u016bdo, neluk\u0161tent\u0173 mie\u017ei\u0173 gr\u016bd\u0173.Tokios pilno gr\u016bdo kruopos yra be galo geras maistini\u0173 skaidul\u0173 ir kit\u0173 svarbi\u0173 maistini\u0173 med\u017eiag\u0173 \u0161altinis. Gausu\u00a0mineral\u0173: gele\u017eis, fosforas, magnis, manganas ir cinkas esantys mie\u017eiuose padeda palaikyti sveik\u0105 kaul\u0173 strukt\u016br\u0105 ir j\u0173 tvirtum\u0105. \u0160ie mineralai apsaugo kaulus&#8230;<\/p>","protected":false},"featured_media":18906,"template":"","meta":{"_acf_changed":false},"product_brand":[],"product_cat":[100],"product_tag":[],"class_list":{"0":"post-18905","1":"product","2":"type-product","3":"status-publish","4":"has-post-thumbnail","6":"product_cat-kruopos","7":"nt-post-class","8":"","9":"masonry-item","10":"col-lg-6","14":"excerpt-none","18":"first","19":"outofstock","20":"taxable","21":"shipping-taxable","22":"purchasable","23":"product-type-variable","24":"add-to-wishlist-after_add_to_cart"},"acf":[],"_links":{"self":[{"href":"https:\/\/chiaseklos.lt\/en\/wp-json\/wp\/v2\/product\/18905","targetHints":{"allow":["GET"]}}],"collection":[{"href":"https:\/\/chiaseklos.lt\/en\/wp-json\/wp\/v2\/product"}],"about":[{"href":"https:\/\/chiaseklos.lt\/en\/wp-json\/wp\/v2\/types\/product"}],"wp:featuredmedia":[{"embeddable":true,"href":"https:\/\/chiaseklos.lt\/en\/wp-json\/wp\/v2\/media\/18906"}],"wp:attachment":[{"href":"https:\/\/chiaseklos.lt\/en\/wp-json\/wp\/v2\/media?parent=18905"}],"wp:term":[{"taxonomy":"product_brand","embeddable":true,"href":"https:\/\/chiaseklos.lt\/en\/wp-json\/wp\/v2\/product_brand?post=18905"},{"taxonomy":"product_cat","embeddable":true,"href":"https:\/\/chiaseklos.lt\/en\/wp-json\/wp\/v2\/product_cat?post=18905"},{"taxonomy":"product_tag","embeddable":true,"href":"https:\/\/chiaseklos.lt\/en\/wp-json\/wp\/v2\/product_tag?post=18905"}],"curies":[{"name":"wp","href":"https:\/\/api.w.org\/{rel}","templated":true}]}}