{"id":18890,"date":"2022-05-05T13:15:44","date_gmt":"2022-05-05T13:15:44","guid":{"rendered":"https:\/\/chiaseklos.lt\/?post_type=product&#038;p=18890"},"modified":"2026-03-12T07:38:20","modified_gmt":"2026-03-12T07:38:20","slug":"vanilinis-cukrus","status":"publish","type":"product","link":"https:\/\/chiaseklos.lt\/en\/product\/vanilinis-cukrus\/","title":{"rendered":"Vanilinis cukrus"},"content":{"rendered":"<h3 class=\"product-title\">Vanilinis cukrus<\/h3>\n<p>\u0160is vanilinis cukrus puikiai tinka gardinti \u012fvairius kepinius, barstomas ant led\u0173 arba net mai\u0161omas \u012f kav\u0105 ar arbat\u0105.<\/p>\n<p>Laikymo s\u0105lygos: laikyti sausoje, v\u0117sioje vietoje. Laikymo temperat\u016bra: nuo 0\u00b0C iki 25\u00b0C.<\/p>\n<p>Sud\u0117tis: cukrus, kvapioji med\u017eiaga<\/p>\n<p><span style=\"font-size: 14.4px;\">Maistin\u0117 informacija<\/span><span style=\"font-size: 14.4px;\">\u00a0100g.<\/span><\/p>\n<div class=\"product__table\">\n<div>\n<table>\n<thead>\n<tr>\n<th>Maistini\u0173 med\u017eiag\u0173<\/th>\n<th>Kiekis 100 g\/ml<\/th>\n<\/tr>\n<\/thead>\n<tbody>\n<tr>\n<td>energin\u0117 vert\u0117<\/td>\n<td>1700 kJ\/ 400 kcal<\/td>\n<\/tr>\n<tr>\n<td>riebalai<\/td>\n<td>0 g<\/td>\n<\/tr>\n<tr>\n<td class=\"indent\">i\u0161 kuri\u0173 so\u010di\u0173j\u0173 riebal\u0173 r\u016bg\u0161\u010di\u0173<\/td>\n<td>0 g<\/td>\n<\/tr>\n<tr>\n<td>angliavandeniai<\/td>\n<td>100 g<\/td>\n<\/tr>\n<tr>\n<td class=\"indent\">i\u0161 kuri\u0173 cukr\u0173<\/td>\n<td>100 g<\/td>\n<\/tr>\n<tr>\n<td>baltymai<\/td>\n<td>0 g<\/td>\n<\/tr>\n<tr>\n<td>druska<\/td>\n<td>0 g<\/td>\n<\/tr>\n<\/tbody>\n<\/table>\n<\/div>\n<\/div>","protected":false},"excerpt":{"rendered":"<p>Vanilinis cukrus \u0160is vanilinis cukrus puikiai tinka gardinti \u012fvairius kepinius, barstomas ant led\u0173 arba net mai\u0161omas \u012f kav\u0105 ar arbat\u0105. Laikymo s\u0105lygos: laikyti sausoje, v\u0117sioje vietoje. Laikymo temperat\u016bra: nuo 0\u00b0C iki 25\u00b0C. Sud\u0117tis: cukrus, kvapioji med\u017eiaga Maistin\u0117 informacija\u00a0100g. Maistini\u0173 med\u017eiag\u0173 Kiekis 100 g\/ml energin\u0117 vert\u0117 1700 kJ\/ 400 kcal riebalai 0 g i\u0161 kuri\u0173 so\u010di\u0173j\u0173&#8230;<\/p>","protected":false},"featured_media":18893,"template":"","meta":{"_acf_changed":false},"product_brand":[],"product_cat":[68],"product_tag":[],"class_list":{"0":"post-18890","1":"product","2":"type-product","3":"status-publish","4":"has-post-thumbnail","6":"product_cat-prieskoniai","7":"nt-post-class","8":"","9":"masonry-item","10":"col-lg-6","14":"excerpt-none","18":"first","19":"instock","20":"taxable","21":"shipping-taxable","22":"purchasable","23":"product-type-variable","24":"add-to-wishlist-after_add_to_cart"},"acf":[],"_links":{"self":[{"href":"https:\/\/chiaseklos.lt\/en\/wp-json\/wp\/v2\/product\/18890","targetHints":{"allow":["GET"]}}],"collection":[{"href":"https:\/\/chiaseklos.lt\/en\/wp-json\/wp\/v2\/product"}],"about":[{"href":"https:\/\/chiaseklos.lt\/en\/wp-json\/wp\/v2\/types\/product"}],"wp:featuredmedia":[{"embeddable":true,"href":"https:\/\/chiaseklos.lt\/en\/wp-json\/wp\/v2\/media\/18893"}],"wp:attachment":[{"href":"https:\/\/chiaseklos.lt\/en\/wp-json\/wp\/v2\/media?parent=18890"}],"wp:term":[{"taxonomy":"product_brand","embeddable":true,"href":"https:\/\/chiaseklos.lt\/en\/wp-json\/wp\/v2\/product_brand?post=18890"},{"taxonomy":"product_cat","embeddable":true,"href":"https:\/\/chiaseklos.lt\/en\/wp-json\/wp\/v2\/product_cat?post=18890"},{"taxonomy":"product_tag","embeddable":true,"href":"https:\/\/chiaseklos.lt\/en\/wp-json\/wp\/v2\/product_tag?post=18890"}],"curies":[{"name":"wp","href":"https:\/\/api.w.org\/{rel}","templated":true}]}}