{"id":18846,"date":"2022-05-05T11:55:10","date_gmt":"2022-05-05T11:55:10","guid":{"rendered":"https:\/\/chiaseklos.lt\/?post_type=product&#038;p=18846"},"modified":"2023-05-23T06:46:55","modified_gmt":"2023-05-23T06:46:55","slug":"zemes-riesutai-be-luobeles","status":"publish","type":"product","link":"https:\/\/chiaseklos.lt\/en\/product\/zemes-riesutai-be-luobeles\/","title":{"rendered":"\u017dem\u0117s rie\u0161utai be luobel\u0117s"},"content":{"rendered":"<p><strong>\u017dem\u0117s rie\u0161utai be luobel\u0117s<\/strong><\/p>\n<p><span style=\"font-family: Arial;\">\u017dem\u0117s rie\u0161utai &#8211; tai svarbus baltym\u0173, riebal\u0173, angliavandeni\u0173 ir mineralini\u0173 med\u017eiag\u0173 \u0161altinis. \u017dem\u0117s rie\u0161utuose yra B grup\u0117s vitamin\u0173 (B1, B2, B6), kuri\u0173 b\u016btina nuolat gauti su maistu, nes organizmas j\u0173 nekaupia, taip pat fosforo, gele\u017eies, magnio, kalcio, kalio, natrio. Tai gardus greitas u\u017ekandis, tinka skaninti kepinius.<br \/>\n<\/span><\/p>\n<p>Kilm\u0117s \u0161alis: Argentina<\/p>\n<p><span style=\"font-family: Arial;\">Energin\u0117 ir maistin\u0117 vert\u0117 100 g:\u00a0573 kcal \/ 2376 kJ riebal\u0173 \u2013 44 g,\u00a0i\u0161 kuri\u0173 so\u010di\u0173j\u0173 riebal\u0173 r\u016bg\u0161\u010di\u0173 \u2013 6.3 g, angliavandeni\u0173 \u2013 13 g,\u00a0i\u0161 kuri\u0173 cukr\u0173 \u2013 6.2 g, baltym\u0173 \u2013 27 g, druska \u2013 0 g<\/span><\/p>\n<p>Laikymo s\u0105lygos: m<span style=\"font-size: 14.4px;\">a\u017eiausia leistina laikymo temperatura: 5\u00b0 C\u00a0<\/span><span style=\"font-size: 14.4px;\">Did\u017eiausia leistina laikymo temperatura: 25\u00b0 C<\/span><\/p>","protected":false},"excerpt":{"rendered":"<p>\u017dem\u0117s rie\u0161utai be luobel\u0117s \u017dem\u0117s rie\u0161utai &#8211; tai svarbus baltym\u0173, riebal\u0173, angliavandeni\u0173 ir mineralini\u0173 med\u017eiag\u0173 \u0161altinis. \u017dem\u0117s rie\u0161utuose yra B grup\u0117s vitamin\u0173 (B1, B2, B6), kuri\u0173 b\u016btina nuolat gauti su maistu, nes organizmas j\u0173 nekaupia, taip pat fosforo, gele\u017eies, magnio, kalcio, kalio, natrio. Tai gardus greitas u\u017ekandis, tinka skaninti kepinius. Kilm\u0117s \u0161alis: Argentina Energin\u0117 ir&#8230;<\/p>","protected":false},"featured_media":18884,"template":"","meta":{"_acf_changed":false},"product_brand":[],"product_cat":[61],"product_tag":[],"class_list":{"0":"post-18846","1":"product","2":"type-product","3":"status-publish","4":"has-post-thumbnail","6":"product_cat-riesutai","7":"nt-post-class","8":"","9":"masonry-item","10":"col-lg-6","14":"excerpt-none","18":"first","19":"instock","20":"taxable","21":"shipping-taxable","22":"purchasable","23":"product-type-variable","24":"add-to-wishlist-after_add_to_cart"},"acf":[],"_links":{"self":[{"href":"https:\/\/chiaseklos.lt\/en\/wp-json\/wp\/v2\/product\/18846","targetHints":{"allow":["GET"]}}],"collection":[{"href":"https:\/\/chiaseklos.lt\/en\/wp-json\/wp\/v2\/product"}],"about":[{"href":"https:\/\/chiaseklos.lt\/en\/wp-json\/wp\/v2\/types\/product"}],"wp:featuredmedia":[{"embeddable":true,"href":"https:\/\/chiaseklos.lt\/en\/wp-json\/wp\/v2\/media\/18884"}],"wp:attachment":[{"href":"https:\/\/chiaseklos.lt\/en\/wp-json\/wp\/v2\/media?parent=18846"}],"wp:term":[{"taxonomy":"product_brand","embeddable":true,"href":"https:\/\/chiaseklos.lt\/en\/wp-json\/wp\/v2\/product_brand?post=18846"},{"taxonomy":"product_cat","embeddable":true,"href":"https:\/\/chiaseklos.lt\/en\/wp-json\/wp\/v2\/product_cat?post=18846"},{"taxonomy":"product_tag","embeddable":true,"href":"https:\/\/chiaseklos.lt\/en\/wp-json\/wp\/v2\/product_tag?post=18846"}],"curies":[{"name":"wp","href":"https:\/\/api.w.org\/{rel}","templated":true}]}}