{"id":18836,"date":"2022-05-05T12:38:58","date_gmt":"2022-05-05T12:38:58","guid":{"rendered":"https:\/\/chiaseklos.lt\/?post_type=product&#038;p=18836"},"modified":"2025-01-10T07:44:02","modified_gmt":"2025-01-10T07:44:02","slug":"skaldytos-kakavos-pupeles","status":"publish","type":"product","link":"https:\/\/chiaseklos.lt\/en\/product\/skaldytos-kakavos-pupeles\/","title":{"rendered":"Skaldytos kakavos pupel\u0117s"},"content":{"rendered":"<p><strong>Skaldytos kakavos pupel\u0117s<\/strong><\/p>\n<div>\n<p>Tai tra\u0161kios, ta\u010diau nekietos kakavos pupel\u0117s. Gausu nauding\u0173j\u0173 med\u017eiag\u0173,\u00a0skaidulini\u0173 med\u017eiag\u0173, ma\u017eai cukr\u0173 ir yra\u00a0kalcio, gele\u017eies bei seleno\u00a0\u0161altinis.\u00a0Skaldytos kakavos pupel\u0117s yra lengvai kartokos, ta\u010diau puikiai\u00a0 patiekalams suteikia trok\u0161tam\u0105 \u0161okolado skon\u012f.<span style=\"color: #000000;\">\u00a0<span style=\"font-size: 14.4px;\">Rekomenduojama barstyti ant rytin\u0117s ko\u0161\u0117s, trint\u0173 kokteili\u0173, salot\u0173, d\u0117ti \u012f kepinius vietoje \u0161okolado gabaliuk\u0173, desertus, \u012fvairias kavas ir kt.\u00a0\u00a0<\/span><\/span><\/p>\n<\/div>\n<p><span style=\"font-size: 95%; color: #000000;\">Sudedamosios dalys: kakavos pupel\u0117s 100%<\/span><\/p>\n<h3><span style=\"font-size: 75%;\">Kilm\u0117s \u0161alis: Peru<\/span><\/h3>\n<h4><span style=\"font-size: 90%;\"><strong>100 g produkto energin\u0117 ir maistin\u0117s vert\u0117:\u00a0<\/strong>2621 kJ\/626 kcal., riebalai &#8211; 51 g, i\u0161 kuri\u0173 so\u010di\u0173j\u0173 riebal\u0173 r\u016bg\u0161\u010di\u0173 &#8211; 30g, angliavandeniai &#8211; 6 g, i\u0161 kuri\u0173 cukr\u0173 &#8211; 3\u00a0g, skaidulin\u0117s med\u017eiagos &#8211; 23,2 g,\u00a0baltymai &#8211; 12.4 g, druska &#8211; 0,1 g.<\/span><\/h4>\n<h3><\/h3>","protected":false},"excerpt":{"rendered":"<p>Skaldytos kakavos pupel\u0117s Tai tra\u0161kios, ta\u010diau nekietos kakavos pupel\u0117s. Gausu nauding\u0173j\u0173 med\u017eiag\u0173,\u00a0skaidulini\u0173 med\u017eiag\u0173, ma\u017eai cukr\u0173 ir yra\u00a0kalcio, gele\u017eies bei seleno\u00a0\u0161altinis.\u00a0Skaldytos kakavos pupel\u0117s yra lengvai kartokos, ta\u010diau puikiai\u00a0 patiekalams suteikia trok\u0161tam\u0105 \u0161okolado skon\u012f.\u00a0Rekomenduojama barstyti ant rytin\u0117s ko\u0161\u0117s, trint\u0173 kokteili\u0173, salot\u0173, d\u0117ti \u012f kepinius vietoje \u0161okolado gabaliuk\u0173, desertus, \u012fvairias kavas ir kt.\u00a0\u00a0 Sudedamosios dalys: kakavos pupel\u0117s 100%&#8230;<\/p>","protected":false},"featured_media":18887,"template":"","meta":{"_acf_changed":false},"product_brand":[],"product_cat":[65],"product_tag":[],"class_list":{"0":"post-18836","1":"product","2":"type-product","3":"status-publish","4":"has-post-thumbnail","6":"product_cat-supermaistas","7":"nt-post-class","8":"","9":"masonry-item","10":"col-lg-6","14":"excerpt-none","18":"first","19":"outofstock","20":"taxable","21":"shipping-taxable","22":"purchasable","23":"product-type-variable","24":"add-to-wishlist-after_add_to_cart"},"acf":[],"_links":{"self":[{"href":"https:\/\/chiaseklos.lt\/en\/wp-json\/wp\/v2\/product\/18836","targetHints":{"allow":["GET"]}}],"collection":[{"href":"https:\/\/chiaseklos.lt\/en\/wp-json\/wp\/v2\/product"}],"about":[{"href":"https:\/\/chiaseklos.lt\/en\/wp-json\/wp\/v2\/types\/product"}],"wp:featuredmedia":[{"embeddable":true,"href":"https:\/\/chiaseklos.lt\/en\/wp-json\/wp\/v2\/media\/18887"}],"wp:attachment":[{"href":"https:\/\/chiaseklos.lt\/en\/wp-json\/wp\/v2\/media?parent=18836"}],"wp:term":[{"taxonomy":"product_brand","embeddable":true,"href":"https:\/\/chiaseklos.lt\/en\/wp-json\/wp\/v2\/product_brand?post=18836"},{"taxonomy":"product_cat","embeddable":true,"href":"https:\/\/chiaseklos.lt\/en\/wp-json\/wp\/v2\/product_cat?post=18836"},{"taxonomy":"product_tag","embeddable":true,"href":"https:\/\/chiaseklos.lt\/en\/wp-json\/wp\/v2\/product_tag?post=18836"}],"curies":[{"name":"wp","href":"https:\/\/api.w.org\/{rel}","templated":true}]}}