{"id":18493,"date":"2022-03-16T17:04:29","date_gmt":"2022-03-16T17:04:29","guid":{"rendered":"https:\/\/chiaseklos.lt\/?post_type=product&#038;p=18493"},"modified":"2022-12-01T12:11:48","modified_gmt":"2022-12-01T12:11:48","slug":"batonelis-nicks-crunchy-caramel-su-traskia-karamele-28g","status":"publish","type":"product","link":"https:\/\/chiaseklos.lt\/en\/product\/batonelis-nicks-crunchy-caramel-su-traskia-karamele-28g\/","title":{"rendered":"Baton\u0117lis Nick\u2019s Crunchy Caramel su tra\u0161kia karamele 28g"},"content":{"rendered":"<p>Baton\u0117lis Nick\u2019s Crunchy Caramel su tra\u0161kia karamele 28g<\/p>\n<p>\u0160iuose baton\u0117liuose n\u0117ra gliuteno, prid\u0117tinio cukraus ir palmi\u0173 aliejaus.<\/p>\n<p>Sud\u0117tin\u0117s dalys: saldikliai: eritritolis,polidekstoz\u0117 (pluo\u0161tas), saldiklis: izomaltas, pieno milteliai, kakavos sviestas, sviestas ( pienas), kokos\u0173 aliejus, kakavos mas\u0117, tr\u016bka\u017eol\u0117s \u0161aknie spluo\u0161tas, migdolai, tirpus kukur\u016bz\u0173 pluo\u0161tas, emulsikliai: saul\u0117gr\u0105\u017e\u0173 lecitinas, nat\u016bralios kvapiosios med\u017eiagos, druska, saldiklis: steviolio glikozidai.<\/p>\n<p>Maistin\u0117 vert\u0117 100 g: Energin\u0117 vert\u0117: 316 kcal \/ 1321 kJ riebalai 24.6 g, i\u0161 kuri\u0173 so\u010di\u0173j\u0173 riebal\u0173 r\u016bg\u0161\u010di\u0173 14.4 g, angliavandeniai 43.6 g i\u0161 kuri\u0173 cukr\u0173, 5.6 g i\u0161 kuri\u0173 polioli\u0173 37.3 g (eritritolis*), skaidulos 21.6 g, baltymai 4.2 g, druska 0.54 g. *Eritritolis nekelia cukraus lygio kraujyje, glikeminis indeksas 0. D\u0117mesio: didesnis nei 30g eritritolio suvartojimas per par\u0105, gali laisvinti vidurius.<\/p>\n<p>&nbsp;<\/p>","protected":false},"excerpt":{"rendered":"<p>Baton\u0117lis Nick\u2019s Crunchy Caramel su tra\u0161kia karamele 28g \u0160iuose baton\u0117liuose n\u0117ra gliuteno, prid\u0117tinio cukraus ir palmi\u0173 aliejaus. Sud\u0117tin\u0117s dalys: saldikliai: eritritolis,polidekstoz\u0117 (pluo\u0161tas), saldiklis: izomaltas, pieno milteliai, kakavos sviestas, sviestas ( pienas), kokos\u0173 aliejus, kakavos mas\u0117, tr\u016bka\u017eol\u0117s \u0161aknie spluo\u0161tas, migdolai, tirpus kukur\u016bz\u0173 pluo\u0161tas, emulsikliai: saul\u0117gr\u0105\u017e\u0173 lecitinas, nat\u016bralios kvapiosios med\u017eiagos, druska, saldiklis: steviolio glikozidai. Maistin\u0117 vert\u0117 100&#8230;<\/p>","protected":false},"featured_media":18494,"template":"","meta":{"_acf_changed":false},"product_brand":[],"product_cat":[93],"product_tag":[],"class_list":{"0":"post-18493","1":"product","2":"type-product","3":"status-publish","4":"has-post-thumbnail","6":"product_cat-batoneliai-sokoladas","7":"nt-post-class","8":"","9":"masonry-item","10":"col-lg-6","14":"excerpt-none","18":"first","19":"outofstock","20":"taxable","21":"shipping-taxable","22":"purchasable","23":"product-type-simple","24":"add-to-wishlist-after_add_to_cart"},"acf":[],"_links":{"self":[{"href":"https:\/\/chiaseklos.lt\/en\/wp-json\/wp\/v2\/product\/18493","targetHints":{"allow":["GET"]}}],"collection":[{"href":"https:\/\/chiaseklos.lt\/en\/wp-json\/wp\/v2\/product"}],"about":[{"href":"https:\/\/chiaseklos.lt\/en\/wp-json\/wp\/v2\/types\/product"}],"wp:featuredmedia":[{"embeddable":true,"href":"https:\/\/chiaseklos.lt\/en\/wp-json\/wp\/v2\/media\/18494"}],"wp:attachment":[{"href":"https:\/\/chiaseklos.lt\/en\/wp-json\/wp\/v2\/media?parent=18493"}],"wp:term":[{"taxonomy":"product_brand","embeddable":true,"href":"https:\/\/chiaseklos.lt\/en\/wp-json\/wp\/v2\/product_brand?post=18493"},{"taxonomy":"product_cat","embeddable":true,"href":"https:\/\/chiaseklos.lt\/en\/wp-json\/wp\/v2\/product_cat?post=18493"},{"taxonomy":"product_tag","embeddable":true,"href":"https:\/\/chiaseklos.lt\/en\/wp-json\/wp\/v2\/product_tag?post=18493"}],"curies":[{"name":"wp","href":"https:\/\/api.w.org\/{rel}","templated":true}]}}