{"id":18392,"date":"2022-03-08T14:31:01","date_gmt":"2022-03-08T14:31:01","guid":{"rendered":"https:\/\/chiaseklos.lt\/?post_type=product&#038;p=18392"},"modified":"2024-02-08T13:52:45","modified_gmt":"2024-02-08T13:52:45","slug":"la-chinata-papriku-ir-aitriuju-papriku-uztepele-180-g","status":"publish","type":"product","link":"https:\/\/chiaseklos.lt\/en\/product\/la-chinata-papriku-ir-aitriuju-papriku-uztepele-180-g\/","title":{"rendered":"LA CHINATA paprik\u0173 ir aitri\u0173j\u0173 paprik\u0173 u\u017etep\u0117l\u0117, 180 g"},"content":{"rendered":"<h3 class=\"product_title entry-title\">LA CHINATA paprik\u0173 ir aitri\u0173j\u0173 paprik\u0173 u\u017etep\u0117l\u0117, 180 g<\/h3>\n<p id=\"tw-target-text\" class=\"tw-data-text tw-text-large tw-ta\" dir=\"ltr\" data-placeholder=\"Vertimas\"><span class=\"Y2IQFc\" lang=\"lt\">\u0160is sald\u017ei\u0173j\u0173 pipir\u0173 ir aitri\u0173j\u0173 paprik\u0173 u\u017etepas yra pagamintas i\u0161 auk\u0161tos kokyb\u0117s ingredient\u0173, o jo pagrindas yra auk\u0161\u010diausios kokyb\u0117s<br \/>\npirmojo spaudimo alyvuogi\u0173 aliejus. Gaivus ir aromatingas su pikanti\u0161ku skoniu puikiai dera su \u012fvairiais produktais.<br \/>\nTai puikus priedas prie makaron\u0173, ry\u017ei\u0173, m\u0117sos, \u012fdar\u0173 ir pada\u017e\u0173. Netgi skanu u\u017etepti ant krekeri\u0173 greitam u\u017ekand\u017eiui.<\/span><\/p>\n<h5>Kilm\u0117s \u0161alis: Ispanija<\/h5>\n<p dir=\"ltr\" data-placeholder=\"Vertimas\">Energin\u0117 ir maistin\u0117 vert\u0117 100 g: 1428 kcal\/107 kJ, riebal\u0173 8,4 g, i\u0161 kuri\u0173 so\u010di\u0173j\u0173 riebal\u0173 r\u016bg\u0161\u010di\u0173 1,4 g, angliavandeni\u0173 6 g, i\u0161 kuri\u0173 cukr\u0173 4,4 g, baltym\u0173 0,9g, druskos 1,6 g.<\/p>\n<p dir=\"ltr\" data-placeholder=\"Vertimas\">","protected":false},"excerpt":{"rendered":"<p>LA CHINATA paprik\u0173 ir aitri\u0173j\u0173 paprik\u0173 u\u017etep\u0117l\u0117, 180 g \u0160is sald\u017ei\u0173j\u0173 pipir\u0173 ir aitri\u0173j\u0173 paprik\u0173 u\u017etepas yra pagamintas i\u0161 auk\u0161tos kokyb\u0117s ingredient\u0173, o jo pagrindas yra auk\u0161\u010diausios kokyb\u0117s pirmojo spaudimo alyvuogi\u0173 aliejus. Gaivus ir aromatingas su pikanti\u0161ku skoniu puikiai dera su \u012fvairiais produktais. Tai puikus priedas prie makaron\u0173, ry\u017ei\u0173, m\u0117sos, \u012fdar\u0173 ir pada\u017e\u0173. Netgi skanu&#8230;<\/p>","protected":false},"featured_media":18393,"template":"","meta":{"_acf_changed":false},"product_brand":[],"product_cat":[99],"product_tag":[],"class_list":{"0":"post-18392","1":"product","2":"type-product","3":"status-publish","4":"has-post-thumbnail","6":"product_cat-uztepeles","7":"nt-post-class","8":"","9":"masonry-item","10":"col-lg-6","14":"excerpt-none","18":"first","19":"outofstock","20":"taxable","21":"shipping-taxable","22":"purchasable","23":"product-type-simple","24":"add-to-wishlist-after_add_to_cart"},"acf":[],"_links":{"self":[{"href":"https:\/\/chiaseklos.lt\/en\/wp-json\/wp\/v2\/product\/18392","targetHints":{"allow":["GET"]}}],"collection":[{"href":"https:\/\/chiaseklos.lt\/en\/wp-json\/wp\/v2\/product"}],"about":[{"href":"https:\/\/chiaseklos.lt\/en\/wp-json\/wp\/v2\/types\/product"}],"wp:featuredmedia":[{"embeddable":true,"href":"https:\/\/chiaseklos.lt\/en\/wp-json\/wp\/v2\/media\/18393"}],"wp:attachment":[{"href":"https:\/\/chiaseklos.lt\/en\/wp-json\/wp\/v2\/media?parent=18392"}],"wp:term":[{"taxonomy":"product_brand","embeddable":true,"href":"https:\/\/chiaseklos.lt\/en\/wp-json\/wp\/v2\/product_brand?post=18392"},{"taxonomy":"product_cat","embeddable":true,"href":"https:\/\/chiaseklos.lt\/en\/wp-json\/wp\/v2\/product_cat?post=18392"},{"taxonomy":"product_tag","embeddable":true,"href":"https:\/\/chiaseklos.lt\/en\/wp-json\/wp\/v2\/product_tag?post=18392"}],"curies":[{"name":"wp","href":"https:\/\/api.w.org\/{rel}","templated":true}]}}