{"id":18256,"date":"2022-02-20T19:34:31","date_gmt":"2022-02-20T19:34:31","guid":{"rendered":"https:\/\/chiaseklos.lt\/?post_type=product&#038;p=18256"},"modified":"2023-03-06T12:41:45","modified_gmt":"2023-03-06T12:41:45","slug":"vieira-krekeriai-su-skrudintomis-sezamo-seklomis-186-g","status":"publish","type":"product","link":"https:\/\/chiaseklos.lt\/en\/product\/vieira-krekeriai-su-skrudintomis-sezamo-seklomis-186-g\/","title":{"rendered":"Roberto Grissini Tradizionali 250 g"},"content":{"rendered":"<h3 class=\"product-view__title\">Roberto Grissini Tradizionali 250 g<\/h3>\n<p>Duonos lazdel\u0117s su palmi\u0173 aliejumi 6,8%.<\/p>\n<p>Laikymo s\u0105lygos:\u00a0Laikyti sausoje ir v\u0117sioje vietoje<\/p>\n<p>Kilm\u0117s \u0161alis: Italija<\/p>\n<h4>Maistin\u0117 vert\u0117 (100 g\/ml)<\/h4>\n<table>\n<tbody>\n<tr>\n<td><span style=\"font-size: 80%;\">Energetin\u0117 vert\u0117<\/span><\/td>\n<td><span style=\"font-size: 80%;\">1767 kJ\u00a0\/\u00a0419 Kcal<\/span><\/td>\n<\/tr>\n<tr>\n<td><span style=\"font-size: 80%;\">Riebalai<\/span><\/td>\n<td><span style=\"font-size: 80%;\">8,6 gr<\/span><\/td>\n<\/tr>\n<tr>\n<td><span style=\"font-size: 80%;\">So\u010diosios riebal\u0173 r\u016bg\u0161tys<\/span><\/td>\n<td><span style=\"font-size: 80%;\">3,6 gr<\/span><\/td>\n<\/tr>\n<tr>\n<td><span style=\"font-size: 80%;\">Angliavandeniai<\/span><\/td>\n<td><span style=\"font-size: 80%;\">71 gr<\/span><\/td>\n<\/tr>\n<tr>\n<td><span style=\"font-size: 80%;\">Cukrus<\/span><\/td>\n<td><span style=\"font-size: 80%;\">3,6 gr<\/span><\/td>\n<\/tr>\n<tr>\n<td><span style=\"font-size: 80%;\">Baltymai<\/span><\/td>\n<td><span style=\"font-size: 80%;\">13 gr<\/span><\/td>\n<\/tr>\n<tr>\n<td><span style=\"font-size: 80%;\">Druska<\/span><\/td>\n<td><span style=\"font-size: 80%;\">1,8 gr<\/span><\/td>\n<\/tr>\n<\/tbody>\n<\/table>","protected":false},"excerpt":{"rendered":"<p>Roberto Grissini Tradizionali 250 g Duonos lazdel\u0117s su palmi\u0173 aliejumi 6,8%. Laikymo s\u0105lygos:\u00a0Laikyti sausoje ir v\u0117sioje vietoje Kilm\u0117s \u0161alis: Italija Maistin\u0117 vert\u0117 (100 g\/ml) Energetin\u0117 vert\u0117 1767 kJ\u00a0\/\u00a0419 Kcal Riebalai 8,6 gr So\u010diosios riebal\u0173 r\u016bg\u0161tys 3,6 gr Angliavandeniai 71 gr Cukrus 3,6 gr Baltymai 13 gr Druska 1,8 gr<\/p>","protected":false},"featured_media":19874,"template":"","meta":{"_acf_changed":false},"product_brand":[],"product_cat":[69],"product_tag":[],"class_list":{"0":"post-18256","1":"product","2":"type-product","3":"status-publish","4":"has-post-thumbnail","6":"product_cat-duoneles","7":"nt-post-class","8":"","9":"masonry-item","10":"col-lg-6","14":"excerpt-none","18":"first","19":"outofstock","20":"taxable","21":"shipping-taxable","22":"purchasable","23":"product-type-simple","24":"add-to-wishlist-after_add_to_cart"},"acf":[],"_links":{"self":[{"href":"https:\/\/chiaseklos.lt\/en\/wp-json\/wp\/v2\/product\/18256","targetHints":{"allow":["GET"]}}],"collection":[{"href":"https:\/\/chiaseklos.lt\/en\/wp-json\/wp\/v2\/product"}],"about":[{"href":"https:\/\/chiaseklos.lt\/en\/wp-json\/wp\/v2\/types\/product"}],"wp:featuredmedia":[{"embeddable":true,"href":"https:\/\/chiaseklos.lt\/en\/wp-json\/wp\/v2\/media\/19874"}],"wp:attachment":[{"href":"https:\/\/chiaseklos.lt\/en\/wp-json\/wp\/v2\/media?parent=18256"}],"wp:term":[{"taxonomy":"product_brand","embeddable":true,"href":"https:\/\/chiaseklos.lt\/en\/wp-json\/wp\/v2\/product_brand?post=18256"},{"taxonomy":"product_cat","embeddable":true,"href":"https:\/\/chiaseklos.lt\/en\/wp-json\/wp\/v2\/product_cat?post=18256"},{"taxonomy":"product_tag","embeddable":true,"href":"https:\/\/chiaseklos.lt\/en\/wp-json\/wp\/v2\/product_tag?post=18256"}],"curies":[{"name":"wp","href":"https:\/\/api.w.org\/{rel}","templated":true}]}}