{"id":18250,"date":"2022-02-20T18:48:55","date_gmt":"2022-02-20T18:48:55","guid":{"rendered":"https:\/\/chiaseklos.lt\/?post_type=product&#038;p=18250"},"modified":"2026-04-19T14:11:47","modified_gmt":"2026-04-19T14:11:47","slug":"la-chinata-melynojo-surio-su-trumais-uztepele-120g","status":"publish","type":"product","link":"https:\/\/chiaseklos.lt\/en\/product\/la-chinata-melynojo-surio-su-trumais-uztepele-120g\/","title":{"rendered":"La Chinata M\u0117lynojo s\u016brio su trumais u\u017etep\u0117l\u0117 120g"},"content":{"rendered":"<h4 class=\"product-view__title\">La Chinata M\u0117lynojo s\u016brio su trumais u\u017etep\u0117l\u0117 120g<\/h4>\n<h5>La Chinata gardi m\u0117lynojo s\u016brio ir triufeli\u0173 u\u017etep\u0117l\u0119 su auk\u0161\u010diausios kokyb\u0117s pirmojo spaudimo alyvuogi\u0173 aliejumi, ypa\u010d rekomenduojam\u0105\u00a0 m\u0117gstantiems intensyvius skonius.<\/h5>\n<h5><span style=\"font-size: 80%;\">Sudedamosios dalys:\u00a0m\u0117lynasis S\u016aRIS 24% (PIENAS, PIENO fermentai, \u0161liu\u017eo fermentas, Penicillium Roqueforti), pusiau brandint\u0173 S\u016aRI\u0172 mi\u0161inys 20% (PIENAS, avi\u0173 PIENAS, o\u017ek\u0173 PIENAS, druska, \u0161liu\u017eo fermentas), SVIESTAS, PIENAS, ypa\u010d grynas alyvuogi\u0173 aliejus 1%, grybai 1%, druska, trumai Tuber Melanosporum 0,2%, emulsikliai (E450, E452, E339, E401, E410), antioksidantas E330, konservantas E202, tir\u0161tiklis E415, kvapiosios med\u017eiagos.<\/span><\/h5>\n<h4><span style=\"font-size: 80%;\">Laikymo s\u0105lygos: Laikyti sausoje ir v\u0117sioje vietoje. Atidarius laikyti \u0161aldytuve ir suvartoti per 5 dienas.<\/span><\/h4>\n<p><span style=\"font-size: 80%;\">Grynasis kiekis 120 g.<\/span><\/p>\n<h4><span style=\"font-size: 80%;\">Maistin\u0117 vert\u0117 (100 g\/ml)<\/span><\/h4>\n<table>\n<tbody>\n<tr>\n<td><span style=\"font-size: 80%;\">Energetin\u0117 vert\u0117<\/span><\/td>\n<td><span style=\"font-size: 80%;\">762,5 kJ\u00a0\/\u00a0184,3 Kcal<\/span><\/td>\n<\/tr>\n<tr>\n<td><span style=\"font-size: 80%;\">Riebalai<\/span><\/td>\n<td><span style=\"font-size: 80%;\">16,3 gr<\/span><\/td>\n<\/tr>\n<tr>\n<td><span style=\"font-size: 80%;\">So\u010diosios riebal\u0173 r\u016bg\u0161tys<\/span><\/td>\n<td><span style=\"font-size: 80%;\">3,5 gr<\/span><\/td>\n<\/tr>\n<tr>\n<td><span style=\"font-size: 80%;\">Angliavandeniai<\/span><\/td>\n<td><span style=\"font-size: 80%;\">2,1 gr<\/span><\/td>\n<\/tr>\n<tr>\n<td><span style=\"font-size: 80%;\">Cukrus<\/span><\/td>\n<td><span style=\"font-size: 80%;\">1,4 gr<\/span><\/td>\n<\/tr>\n<tr>\n<td><span style=\"font-size: 80%;\">Baltymai<\/span><\/td>\n<td><span style=\"font-size: 80%;\">7,7 gr<\/span><\/td>\n<\/tr>\n<tr>\n<td><span style=\"font-size: 80%;\">Druska<\/span><\/td>\n<td><span style=\"font-size: 80%;\">1,23 gr<\/span><\/td>\n<\/tr>\n<\/tbody>\n<\/table>","protected":false},"excerpt":{"rendered":"<p>La Chinata M\u0117lynojo s\u016brio su trumais u\u017etep\u0117l\u0117 120g La Chinata gardi m\u0117lynojo s\u016brio ir triufeli\u0173 u\u017etep\u0117l\u0119 su auk\u0161\u010diausios kokyb\u0117s pirmojo spaudimo alyvuogi\u0173 aliejumi, ypa\u010d rekomenduojam\u0105\u00a0 m\u0117gstantiems intensyvius skonius. Sudedamosios dalys:\u00a0m\u0117lynasis S\u016aRIS 24% (PIENAS, PIENO fermentai, \u0161liu\u017eo fermentas, Penicillium Roqueforti), pusiau brandint\u0173 S\u016aRI\u0172 mi\u0161inys 20% (PIENAS, avi\u0173 PIENAS, o\u017ek\u0173 PIENAS, druska, \u0161liu\u017eo fermentas), SVIESTAS, PIENAS, ypa\u010d&#8230;<\/p>","protected":false},"featured_media":18251,"template":"","meta":{"_acf_changed":false},"product_brand":[],"product_cat":[99],"product_tag":[],"class_list":{"0":"post-18250","1":"product","2":"type-product","3":"status-publish","4":"has-post-thumbnail","6":"product_cat-uztepeles","7":"nt-post-class","8":"","9":"masonry-item","10":"col-lg-6","14":"excerpt-none","18":"first","19":"instock","20":"taxable","21":"shipping-taxable","22":"purchasable","23":"product-type-simple","24":"add-to-wishlist-after_add_to_cart"},"acf":[],"_links":{"self":[{"href":"https:\/\/chiaseklos.lt\/en\/wp-json\/wp\/v2\/product\/18250","targetHints":{"allow":["GET"]}}],"collection":[{"href":"https:\/\/chiaseklos.lt\/en\/wp-json\/wp\/v2\/product"}],"about":[{"href":"https:\/\/chiaseklos.lt\/en\/wp-json\/wp\/v2\/types\/product"}],"wp:featuredmedia":[{"embeddable":true,"href":"https:\/\/chiaseklos.lt\/en\/wp-json\/wp\/v2\/media\/18251"}],"wp:attachment":[{"href":"https:\/\/chiaseklos.lt\/en\/wp-json\/wp\/v2\/media?parent=18250"}],"wp:term":[{"taxonomy":"product_brand","embeddable":true,"href":"https:\/\/chiaseklos.lt\/en\/wp-json\/wp\/v2\/product_brand?post=18250"},{"taxonomy":"product_cat","embeddable":true,"href":"https:\/\/chiaseklos.lt\/en\/wp-json\/wp\/v2\/product_cat?post=18250"},{"taxonomy":"product_tag","embeddable":true,"href":"https:\/\/chiaseklos.lt\/en\/wp-json\/wp\/v2\/product_tag?post=18250"}],"curies":[{"name":"wp","href":"https:\/\/api.w.org\/{rel}","templated":true}]}}