{"id":18246,"date":"2022-02-20T18:31:21","date_gmt":"2022-02-20T18:31:21","guid":{"rendered":"https:\/\/chiaseklos.lt\/?post_type=product&#038;p=18246"},"modified":"2026-03-23T11:03:33","modified_gmt":"2026-03-23T11:03:33","slug":"roberto-duonos-lazdeles-250-g","status":"publish","type":"product","link":"https:\/\/chiaseklos.lt\/en\/product\/roberto-duonos-lazdeles-250-g\/","title":{"rendered":"ROBERTO duonos lazdel\u0117s 250g"},"content":{"rendered":"<h4 class=\"product-view__title\">ROBERTO duonos lazdel\u0117s 250g<\/h4>\n<p><span style=\"font-size: 85%;\">Tra\u0161kios plonos duonos lazdel\u0117s su alyvuogi\u0173 aliejumi 3,8%.<\/span><\/p>\n<h4><span style=\"font-size: 85%;\">Sudedamosios dalys: KVIETINIAI miltai, alyvuogi\u0173 aliejus 3,8%, MIE\u017dI\u0172 salyklas, taukai, druska, miel\u0117s, KVIE\u010cI\u0172 GLITIMAS, \u017dEM\u0116S RIE\u0160UT\u0172 aliejus, antioksidantas rozmarin\u0173 ekstraktai.<\/span><\/h4>\n<h4><span style=\"font-size: 12.24px;\">Kilm\u0117s \u0161alis: Italija<\/span><\/h4>\n<h4><span style=\"font-size: 85%;\">Maistin\u0117 vert\u0117 (100 g\/ml)<\/span><\/h4>\n<table>\n<tbody>\n<tr>\n<td><span style=\"font-size: 85%;\">Energin\u0117 vert\u0117<\/span><\/td>\n<td><span style=\"font-size: 85%;\">1749 kJ\u00a0\/\u00a0414 Kcal<\/span><\/td>\n<\/tr>\n<tr>\n<td><span style=\"font-size: 85%;\">Riebalai<\/span><\/td>\n<td><span style=\"font-size: 85%;\">7,7 gr<\/span><\/td>\n<\/tr>\n<tr>\n<td><span style=\"font-size: 85%;\">So\u010diosios riebal\u0173 r\u016bg\u0161tys<\/span><\/td>\n<td><span style=\"font-size: 85%;\">1,8 gr<\/span><\/td>\n<\/tr>\n<tr>\n<td><span style=\"font-size: 85%;\">Angliavandeniai<\/span><\/td>\n<td><span style=\"font-size: 85%;\">74 gr<\/span><\/td>\n<\/tr>\n<tr>\n<td><span style=\"font-size: 85%;\">Cukrus<\/span><\/td>\n<td><span style=\"font-size: 85%;\">3,9 gr<\/span><\/td>\n<\/tr>\n<tr>\n<td><span style=\"font-size: 85%;\">Baltymai<\/span><\/td>\n<td><span style=\"font-size: 85%;\">11 gr<\/span><\/td>\n<\/tr>\n<tr>\n<td><span style=\"font-size: 85%;\">Druska<\/span><\/td>\n<td><span style=\"font-size: 85%;\">2,1 gr<\/span><\/td>\n<\/tr>\n<\/tbody>\n<\/table>\n<p>&nbsp;<\/p>\n<p>&nbsp;<\/p>","protected":false},"excerpt":{"rendered":"<p>ROBERTO duonos lazdel\u0117s 250g Tra\u0161kios plonos duonos lazdel\u0117s su alyvuogi\u0173 aliejumi 3,8%. Sudedamosios dalys: KVIETINIAI miltai, alyvuogi\u0173 aliejus 3,8%, MIE\u017dI\u0172 salyklas, taukai, druska, miel\u0117s, KVIE\u010cI\u0172 GLITIMAS, \u017dEM\u0116S RIE\u0160UT\u0172 aliejus, antioksidantas rozmarin\u0173 ekstraktai. Kilm\u0117s \u0161alis: Italija Maistin\u0117 vert\u0117 (100 g\/ml) Energin\u0117 vert\u0117 1749 kJ\u00a0\/\u00a0414 Kcal Riebalai 7,7 gr So\u010diosios riebal\u0173 r\u016bg\u0161tys 1,8 gr Angliavandeniai 74 gr&#8230;<\/p>","protected":false},"featured_media":18247,"template":"","meta":{"_acf_changed":false},"product_brand":[],"product_cat":[69],"product_tag":[],"class_list":{"0":"post-18246","1":"product","2":"type-product","3":"status-publish","4":"has-post-thumbnail","6":"product_cat-duoneles","7":"nt-post-class","8":"","9":"masonry-item","10":"col-lg-6","14":"excerpt-none","18":"first","19":"outofstock","20":"taxable","21":"shipping-taxable","22":"purchasable","23":"product-type-simple","24":"add-to-wishlist-after_add_to_cart"},"acf":[],"_links":{"self":[{"href":"https:\/\/chiaseklos.lt\/en\/wp-json\/wp\/v2\/product\/18246","targetHints":{"allow":["GET"]}}],"collection":[{"href":"https:\/\/chiaseklos.lt\/en\/wp-json\/wp\/v2\/product"}],"about":[{"href":"https:\/\/chiaseklos.lt\/en\/wp-json\/wp\/v2\/types\/product"}],"wp:featuredmedia":[{"embeddable":true,"href":"https:\/\/chiaseklos.lt\/en\/wp-json\/wp\/v2\/media\/18247"}],"wp:attachment":[{"href":"https:\/\/chiaseklos.lt\/en\/wp-json\/wp\/v2\/media?parent=18246"}],"wp:term":[{"taxonomy":"product_brand","embeddable":true,"href":"https:\/\/chiaseklos.lt\/en\/wp-json\/wp\/v2\/product_brand?post=18246"},{"taxonomy":"product_cat","embeddable":true,"href":"https:\/\/chiaseklos.lt\/en\/wp-json\/wp\/v2\/product_cat?post=18246"},{"taxonomy":"product_tag","embeddable":true,"href":"https:\/\/chiaseklos.lt\/en\/wp-json\/wp\/v2\/product_tag?post=18246"}],"curies":[{"name":"wp","href":"https:\/\/api.w.org\/{rel}","templated":true}]}}