{"id":18244,"date":"2022-02-20T18:23:50","date_gmt":"2022-02-20T18:23:50","guid":{"rendered":"https:\/\/chiaseklos.lt\/?post_type=product&#038;p=18244"},"modified":"2026-03-20T18:00:47","modified_gmt":"2026-03-20T18:00:47","slug":"roberto-duonos-lazdeles-su-rozmarinu-250-g","status":"publish","type":"product","link":"https:\/\/chiaseklos.lt\/en\/product\/roberto-duonos-lazdeles-su-rozmarinu-250-g\/","title":{"rendered":"Roberto duonos lazdel\u0117s su rozmarinu 250g"},"content":{"rendered":"<h4 class=\"product-view__title\">Roberto duonos lazdel\u0117s su rozmarinu 250g<\/h4>\n<h4>Tra\u0161kios duonos lazdel\u0117s. Maloniai s\u016broko skonio su razmarino prieskoniu.<\/h4>\n<h4><span style=\"font-size: 85%;\">Sudedamosios dalys:\u00a0KVIETINIAI miltai, palmi\u0173 aliejus 6,6%, miel\u0117s, druska 2,7%, dekstroz\u0117, rozmarinai 0,5%, emulsiklis E472e, MIE\u017dI\u0172 salyklas, KVIE\u010cI\u0172 GLITIMAS, antioksidantas rozmarin\u0173 ekstraktas.<\/span><\/h4>\n<h4><span style=\"font-size: 85%;\">Kilm\u0117s \u0161alis: Italija<\/span><\/h4>\n<h6>Maistin\u0117 vert\u0117 (100 g\/ml)<\/h6>\n<table>\n<tbody>\n<tr>\n<td><span style=\"font-size: 85%;\">Energetin\u0117 vert\u0117<\/span><\/td>\n<td><span style=\"font-size: 85%;\">1743 kJ\u00a0\/\u00a0413 Kcal<\/span><\/td>\n<\/tr>\n<tr>\n<td><span style=\"font-size: 85%;\">Riebalai<\/span><\/td>\n<td><span style=\"font-size: 85%;\">8,2 gr<\/span><\/td>\n<\/tr>\n<tr>\n<td><span style=\"font-size: 85%;\">So\u010diosios riebal\u0173 r\u016bg\u0161tys<\/span><\/td>\n<td><span style=\"font-size: 85%;\">3,5 gr<\/span><\/td>\n<\/tr>\n<tr>\n<td><span style=\"font-size: 85%;\">Angliavandeniai<\/span><\/td>\n<td><span style=\"font-size: 85%;\">70,8 gr<\/span><\/td>\n<\/tr>\n<tr>\n<td><span style=\"font-size: 85%;\">Cukrus<\/span><\/td>\n<td><span style=\"font-size: 85%;\">1,7 gr<\/span><\/td>\n<\/tr>\n<tr>\n<td><span style=\"font-size: 85%;\">Baltymai<\/span><\/td>\n<td><span style=\"font-size: 85%;\">12,5 gr<\/span><\/td>\n<\/tr>\n<tr>\n<td><span style=\"font-size: 85%;\">Druska<\/span><\/td>\n<td><span style=\"font-size: 85%;\">2,7 gr<\/span><\/td>\n<\/tr>\n<\/tbody>\n<\/table>","protected":false},"excerpt":{"rendered":"<p>Roberto duonos lazdel\u0117s su rozmarinu 250g Tra\u0161kios duonos lazdel\u0117s. Maloniai s\u016broko skonio su razmarino prieskoniu. Sudedamosios dalys:\u00a0KVIETINIAI miltai, palmi\u0173 aliejus 6,6%, miel\u0117s, druska 2,7%, dekstroz\u0117, rozmarinai 0,5%, emulsiklis E472e, MIE\u017dI\u0172 salyklas, KVIE\u010cI\u0172 GLITIMAS, antioksidantas rozmarin\u0173 ekstraktas. Kilm\u0117s \u0161alis: Italija Maistin\u0117 vert\u0117 (100 g\/ml) Energetin\u0117 vert\u0117 1743 kJ\u00a0\/\u00a0413 Kcal Riebalai 8,2 gr So\u010diosios riebal\u0173 r\u016bg\u0161tys 3,5&#8230;<\/p>","protected":false},"featured_media":18245,"template":"","meta":{"_acf_changed":false},"product_brand":[],"product_cat":[69],"product_tag":[],"class_list":{"0":"post-18244","1":"product","2":"type-product","3":"status-publish","4":"has-post-thumbnail","6":"product_cat-duoneles","7":"nt-post-class","8":"","9":"masonry-item","10":"col-lg-6","14":"excerpt-none","18":"first","19":"outofstock","20":"taxable","21":"shipping-taxable","22":"purchasable","23":"product-type-simple","24":"add-to-wishlist-after_add_to_cart"},"acf":[],"_links":{"self":[{"href":"https:\/\/chiaseklos.lt\/en\/wp-json\/wp\/v2\/product\/18244","targetHints":{"allow":["GET"]}}],"collection":[{"href":"https:\/\/chiaseklos.lt\/en\/wp-json\/wp\/v2\/product"}],"about":[{"href":"https:\/\/chiaseklos.lt\/en\/wp-json\/wp\/v2\/types\/product"}],"wp:featuredmedia":[{"embeddable":true,"href":"https:\/\/chiaseklos.lt\/en\/wp-json\/wp\/v2\/media\/18245"}],"wp:attachment":[{"href":"https:\/\/chiaseklos.lt\/en\/wp-json\/wp\/v2\/media?parent=18244"}],"wp:term":[{"taxonomy":"product_brand","embeddable":true,"href":"https:\/\/chiaseklos.lt\/en\/wp-json\/wp\/v2\/product_brand?post=18244"},{"taxonomy":"product_cat","embeddable":true,"href":"https:\/\/chiaseklos.lt\/en\/wp-json\/wp\/v2\/product_cat?post=18244"},{"taxonomy":"product_tag","embeddable":true,"href":"https:\/\/chiaseklos.lt\/en\/wp-json\/wp\/v2\/product_tag?post=18244"}],"curies":[{"name":"wp","href":"https:\/\/api.w.org\/{rel}","templated":true}]}}