{"id":18116,"date":"2022-02-04T14:33:06","date_gmt":"2022-02-04T14:33:06","guid":{"rendered":"https:\/\/chiaseklos.lt\/?post_type=product&#038;p=18116"},"modified":"2026-04-02T10:41:16","modified_gmt":"2026-04-02T10:41:16","slug":"ekologiskas-datuliu-sirupas-340-g","status":"publish","type":"product","link":"https:\/\/chiaseklos.lt\/en\/product\/ekologiskas-datuliu-sirupas-340-g\/","title":{"rendered":"Datuli\u0173 sirupas 340 g"},"content":{"rendered":"<p>Datuli\u0173 sirupas 340 g<\/p>\n<p>\u0160iuo sirupu puikiai saldinami \u012fvair\u016bs kokteiliai, kar\u0161ti ir \u0161alti g\u0117rimai, blynai, ledai, ko\u0161\u0117s. Naudojamas sald\u017eiuose kepiniuose, pada\u017euose vietoje \u012fprasto cukraus.<\/p>\n<div class=\"row\">\n<div class=\"col-xs-12\">\n<div class=\"tabs\">\n<div id=\"tab-content\" class=\"tab-content\">\n<div id=\"description\" class=\"tab-pane fade in active\">\n<div class=\"product-description\">\n<p>Kilm\u0117s \u0161alis: JAE<\/p>\n<\/div>\n<\/div>\n<\/div>\n<\/div>\n<\/div>\n<\/div>\n<h4 class=\"title--s\">Sudedamosios dalys: datuli\u0173 sirupas.<\/h4>\n<p>Maistin\u0117 vert\u0117\u00a0(100 g): energin\u0117 vert\u0117 1259 kJ\/301 kcal: riebal\u0173 &lt;0.6 g (i\u0161 kuri\u0173 so\u010di\u0173j\u0173 riebal\u0173 r\u016bg\u0161\u010di\u0173 &lt;0.05 g), angliavandeni\u0173 71.0 g (i\u0161 kuri\u0173 cukr\u0173 62.0 g), skaidulini\u0173 med\u017eiag\u0173 &lt;0.1 g, baltym\u0173 1.4 g, druskos 0.4 g.<\/p>","protected":false},"excerpt":{"rendered":"<p>Datuli\u0173 sirupas 340 g \u0160iuo sirupu puikiai saldinami \u012fvair\u016bs kokteiliai, kar\u0161ti ir \u0161alti g\u0117rimai, blynai, ledai, ko\u0161\u0117s. Naudojamas sald\u017eiuose kepiniuose, pada\u017euose vietoje \u012fprasto cukraus. Kilm\u0117s \u0161alis: JAE Sudedamosios dalys: datuli\u0173 sirupas. Maistin\u0117 vert\u0117\u00a0(100 g): energin\u0117 vert\u0117 1259 kJ\/301 kcal: riebal\u0173 &lt;0.6 g (i\u0161 kuri\u0173 so\u010di\u0173j\u0173 riebal\u0173 r\u016bg\u0161\u010di\u0173 &lt;0.05 g), angliavandeni\u0173 71.0 g (i\u0161 kuri\u0173 cukr\u0173&#8230;<\/p>","protected":false},"featured_media":18117,"template":"","meta":{"_acf_changed":false},"product_brand":[],"product_cat":[72,63],"product_tag":[],"class_list":{"0":"post-18116","1":"product","2":"type-product","3":"status-publish","4":"has-post-thumbnail","6":"product_cat-sirupai","7":"product_cat-arbatos","8":"nt-post-class","9":"","10":"masonry-item","11":"col-lg-6","15":"excerpt-none","19":"first","20":"outofstock","21":"taxable","22":"shipping-taxable","23":"purchasable","24":"product-type-simple","25":"add-to-wishlist-after_add_to_cart"},"acf":[],"_links":{"self":[{"href":"https:\/\/chiaseklos.lt\/en\/wp-json\/wp\/v2\/product\/18116","targetHints":{"allow":["GET"]}}],"collection":[{"href":"https:\/\/chiaseklos.lt\/en\/wp-json\/wp\/v2\/product"}],"about":[{"href":"https:\/\/chiaseklos.lt\/en\/wp-json\/wp\/v2\/types\/product"}],"wp:featuredmedia":[{"embeddable":true,"href":"https:\/\/chiaseklos.lt\/en\/wp-json\/wp\/v2\/media\/18117"}],"wp:attachment":[{"href":"https:\/\/chiaseklos.lt\/en\/wp-json\/wp\/v2\/media?parent=18116"}],"wp:term":[{"taxonomy":"product_brand","embeddable":true,"href":"https:\/\/chiaseklos.lt\/en\/wp-json\/wp\/v2\/product_brand?post=18116"},{"taxonomy":"product_cat","embeddable":true,"href":"https:\/\/chiaseklos.lt\/en\/wp-json\/wp\/v2\/product_cat?post=18116"},{"taxonomy":"product_tag","embeddable":true,"href":"https:\/\/chiaseklos.lt\/en\/wp-json\/wp\/v2\/product_tag?post=18116"}],"curies":[{"name":"wp","href":"https:\/\/api.w.org\/{rel}","templated":true}]}}