{"id":18002,"date":"2022-01-25T07:52:31","date_gmt":"2022-01-25T07:52:31","guid":{"rendered":"https:\/\/chiaseklos.lt\/?post_type=product&#038;p=18002"},"modified":"2026-03-26T14:08:48","modified_gmt":"2026-03-26T14:08:48","slug":"stevijos-lapeliai-stevia-30g","status":"publish","type":"product","link":"https:\/\/chiaseklos.lt\/en\/product\/stevijos-lapeliai-stevia-30g\/","title":{"rendered":"Stevijos lapeliai kapoti \u2013 stevia 30g"},"content":{"rendered":"<h1 class=\"product_title entry-title\">Stevijos lapeliai kapoti \u2013 stevia<\/h1>\n<p>Tai nat\u016bralus, vienas sald\u017eiausi\u0173 augal\u0173 pasaulyje. Tiesa, stevijos saldumo skonis \u0161iek tiek kitoks, gali u\u017etrukti \u0161iek tiek laiko kol \u012fprasite.<\/p>\n<p>Stevijos lapeliai 10 kart\u0173 saldesni nei cukrus, tod\u0117l puodeliui arbatos pasaldinti da\u017enam u\u017etenka 1 stevijos lapelio.<\/p>\n<p>Stevijos lapus kartu su arbata u\u017epilkite kar\u0161tu vandeniu.<\/p>\n<p>Sudedamosios dalys:Stevijos lapai 100%<\/p>\n<p>Kilm\u0117s \u0161alis: Indija\/Paragvajus<\/p>\n<p>Laikymo s\u0105lygos:\u00a0laikyti sausoje, v\u0117sioje vietoje, vengti tiesiogini\u0173 saul\u0117s spinduli\u0173.<\/p>","protected":false},"excerpt":{"rendered":"<p>Stevijos lapeliai kapoti \u2013 stevia Tai nat\u016bralus, vienas sald\u017eiausi\u0173 augal\u0173 pasaulyje. Tiesa, stevijos saldumo skonis \u0161iek tiek kitoks, gali u\u017etrukti \u0161iek tiek laiko kol \u012fprasite. Stevijos lapeliai 10 kart\u0173 saldesni nei cukrus, tod\u0117l puodeliui arbatos pasaldinti da\u017enam u\u017etenka 1 stevijos lapelio. Stevijos lapus kartu su arbata u\u017epilkite kar\u0161tu vandeniu. Sudedamosios dalys:Stevijos lapai 100% Kilm\u0117s \u0161alis:&#8230;<\/p>","protected":false},"featured_media":18010,"template":"","meta":{"_acf_changed":false},"product_brand":[],"product_cat":[63],"product_tag":[],"class_list":{"0":"post-18002","1":"product","2":"type-product","3":"status-publish","4":"has-post-thumbnail","6":"product_cat-arbatos","7":"nt-post-class","8":"","9":"masonry-item","10":"col-lg-6","14":"excerpt-none","18":"first","19":"instock","20":"taxable","21":"shipping-taxable","22":"purchasable","23":"product-type-simple","24":"add-to-wishlist-after_add_to_cart"},"acf":[],"_links":{"self":[{"href":"https:\/\/chiaseklos.lt\/en\/wp-json\/wp\/v2\/product\/18002","targetHints":{"allow":["GET"]}}],"collection":[{"href":"https:\/\/chiaseklos.lt\/en\/wp-json\/wp\/v2\/product"}],"about":[{"href":"https:\/\/chiaseklos.lt\/en\/wp-json\/wp\/v2\/types\/product"}],"wp:featuredmedia":[{"embeddable":true,"href":"https:\/\/chiaseklos.lt\/en\/wp-json\/wp\/v2\/media\/18010"}],"wp:attachment":[{"href":"https:\/\/chiaseklos.lt\/en\/wp-json\/wp\/v2\/media?parent=18002"}],"wp:term":[{"taxonomy":"product_brand","embeddable":true,"href":"https:\/\/chiaseklos.lt\/en\/wp-json\/wp\/v2\/product_brand?post=18002"},{"taxonomy":"product_cat","embeddable":true,"href":"https:\/\/chiaseklos.lt\/en\/wp-json\/wp\/v2\/product_cat?post=18002"},{"taxonomy":"product_tag","embeddable":true,"href":"https:\/\/chiaseklos.lt\/en\/wp-json\/wp\/v2\/product_tag?post=18002"}],"curies":[{"name":"wp","href":"https:\/\/api.w.org\/{rel}","templated":true}]}}