{"id":17972,"date":"2022-01-20T08:11:31","date_gmt":"2022-01-20T08:11:31","guid":{"rendered":"https:\/\/chiaseklos.lt\/?post_type=product&#038;p=17972"},"modified":"2023-03-28T09:04:28","modified_gmt":"2023-03-28T09:04:28","slug":"traskus-batonelis-su-migdolais-nicks-almond-crunch-40-g","status":"publish","type":"product","link":"https:\/\/chiaseklos.lt\/en\/product\/traskus-batonelis-su-migdolais-nicks-almond-crunch-40-g\/","title":{"rendered":"Tra\u0161kus baton\u0117lis su migdolais \u201cNick\u2019s almond crunch\u201d, 40 g."},"content":{"rendered":"<h1 class=\"product-title product_title entry-title\">Tra\u0161kus baton\u0117lis su migdolais \u201cNick\u2019s almond crunch\u201d, 40 g.<\/h1>\n<p>Tra\u0161kus baton\u0117lis su migdol\u0173 rie\u0161utais ir gard\u017eiu \u0161okolado sluoksniu. Tinka ir veganams!<\/p>\n<p>Be prid\u0117tinio cukraus, glitimo ir palmi\u0173 aliejaus.<\/p>\n<p><strong>Sud\u0117tin\u0117s dalys:\u00a0<\/strong>migdolai (41%), kakavos sviestas, polidekstroz\u0117 (l\u0105steliena), cikorijos \u0161akn\u0173 pluo\u0161tas, saldiklis (eritritolis), kakavos mas\u0117, saldiklis (ksilitolis), dr\u0117gm\u0119 i\u0161laikanti med\u017eiaga (augalinis glicerolis), tirpus kukur\u016bz\u0173 pluo\u0161tas, soj\u0173 tra\u0161ku\u010diai (sojos baltym\u0173 izoliatas, tapijokos krakmolas, druska, stabilizatorius: kalcio karbonatas), druska, emulsiklis (saul\u0117gr\u0105\u017e\u0173 lecitinas), nat\u016bralus skoniklis, saldiklis (steviolio glikozidai).<\/p>\n<p><strong>Maistin\u0117 vert\u0117 (100 g.):\u00a0<\/strong>energin\u0117 vert\u0117: 1843kJ\/ 441 kcal, riebal\u0173: 33,4 g (i\u0161 kuri\u0173 so\u010di\u0173j\u0173 riebal\u0173 r\u016bg\u0161\u010di\u0173: 10 g), angliavandeni\u0173: 23.9 g (i\u0161 kuri\u0173 cukr\u0173: 2.8 g, i\u0161 kuri\u0173 polioli\u0173 14.5 g (eritritolis*), skaidul\u0173: 23.1 g, baltym\u0173: 14.5 g, druskos: 0,36g.<\/p>","protected":false},"excerpt":{"rendered":"<p>Tra\u0161kus baton\u0117lis su migdolais \u201cNick\u2019s almond crunch\u201d, 40 g. Tra\u0161kus baton\u0117lis su migdol\u0173 rie\u0161utais ir gard\u017eiu \u0161okolado sluoksniu. Tinka ir veganams! Be prid\u0117tinio cukraus, glitimo ir palmi\u0173 aliejaus. Sud\u0117tin\u0117s dalys:\u00a0migdolai (41%), kakavos sviestas, polidekstroz\u0117 (l\u0105steliena), cikorijos \u0161akn\u0173 pluo\u0161tas, saldiklis (eritritolis), kakavos mas\u0117, saldiklis (ksilitolis), dr\u0117gm\u0119 i\u0161laikanti med\u017eiaga (augalinis glicerolis), tirpus kukur\u016bz\u0173 pluo\u0161tas, soj\u0173 tra\u0161ku\u010diai (sojos&#8230;<\/p>","protected":false},"featured_media":17973,"template":"","meta":{"_acf_changed":false},"product_brand":[],"product_cat":[93],"product_tag":[],"class_list":{"0":"post-17972","1":"product","2":"type-product","3":"status-publish","4":"has-post-thumbnail","6":"product_cat-batoneliai-sokoladas","7":"nt-post-class","8":"","9":"masonry-item","10":"col-lg-6","14":"excerpt-none","18":"first","19":"outofstock","20":"sale","21":"taxable","22":"shipping-taxable","23":"purchasable","24":"product-type-simple","25":"add-to-wishlist-after_add_to_cart"},"acf":[],"_links":{"self":[{"href":"https:\/\/chiaseklos.lt\/en\/wp-json\/wp\/v2\/product\/17972","targetHints":{"allow":["GET"]}}],"collection":[{"href":"https:\/\/chiaseklos.lt\/en\/wp-json\/wp\/v2\/product"}],"about":[{"href":"https:\/\/chiaseklos.lt\/en\/wp-json\/wp\/v2\/types\/product"}],"wp:featuredmedia":[{"embeddable":true,"href":"https:\/\/chiaseklos.lt\/en\/wp-json\/wp\/v2\/media\/17973"}],"wp:attachment":[{"href":"https:\/\/chiaseklos.lt\/en\/wp-json\/wp\/v2\/media?parent=17972"}],"wp:term":[{"taxonomy":"product_brand","embeddable":true,"href":"https:\/\/chiaseklos.lt\/en\/wp-json\/wp\/v2\/product_brand?post=17972"},{"taxonomy":"product_cat","embeddable":true,"href":"https:\/\/chiaseklos.lt\/en\/wp-json\/wp\/v2\/product_cat?post=17972"},{"taxonomy":"product_tag","embeddable":true,"href":"https:\/\/chiaseklos.lt\/en\/wp-json\/wp\/v2\/product_tag?post=17972"}],"curies":[{"name":"wp","href":"https:\/\/api.w.org\/{rel}","templated":true}]}}