{"id":17967,"date":"2022-01-20T07:53:17","date_gmt":"2022-01-20T07:53:17","guid":{"rendered":"https:\/\/chiaseklos.lt\/?post_type=product&#038;p=17967"},"modified":"2023-03-22T09:27:59","modified_gmt":"2023-03-22T09:27:59","slug":"imbierinio-meduolio-skonio-vaflis-nicks-gingerbread-wafer-40-g","status":"publish","type":"product","link":"https:\/\/chiaseklos.lt\/en\/product\/imbierinio-meduolio-skonio-vaflis-nicks-gingerbread-wafer-40-g\/","title":{"rendered":"Imbierinio meduolio skonio vaflis Nicks Gingerbread wafer, 40 g."},"content":{"rendered":"<h1 class=\"product-title product_title entry-title\">Imbierinio meduolio skonio vaflis Nicks Gingerbread wafer, 40 g.<\/h1>\n<p>Gardus, tra\u0161kus imbierinio meduolio skonio vaflis. Tirpstantis burnoje!<\/p>\n<p><strong>Sud\u0117tin\u0117s dalys:\u00a0<\/strong><strong>pieno\u00a0<\/strong>milteliai, augalinis aliejus (taukmed\u017eio, kokos\u0173), saldiklis: eritritolis, kakavos sviestas, milt\u0173 mi\u0161inys\u00a0<strong>su glitimu<\/strong>\u00a0(kukur\u016bz\u0173 krakmolas, bulvi\u0173 krakmolas), polidekstroz\u0117 (skaidulos), cikorijos \u0161akn\u0173 pluo\u0161tas, kakavos mas\u0117, i\u0161r\u016bg\u0173 milteliai, kakavos milteliai,prieskoniai (cinamonas, gvazdik\u0117liai, imbieras, kardamonas),\u00a0<strong>soj\u0173<\/strong>\u00a0miltai, augalinis aliejus (saul\u0117gr\u0105\u017e\u0173), nat\u016bralios kvapiosios med\u017eiagos, emulsiklis (saul\u0117gr\u0105\u017e\u0173 lecitinas,\u00a0<strong>soj\u0173<\/strong>\u00a0lecitinas), druska, kepimo milteliai (natrio bikarbonatas), saldiklis: steviolio glikozidai.<\/p>\n<p><strong>D\u0117mesio, sud\u0117tyje gali b\u016bti \u017eem\u0117s ir kit\u0173 rie\u0161ut\u0173 p\u0117dsak\u0173!<\/strong><\/p>\n<p><strong>Maistin\u0117 vert\u0117 (100 g.):\u00a0<\/strong>energin\u0117 vert\u0117: 458 kcal \/ 1917 kJ, riebal\u0173: 35,2 g. (i\u0161 kuri\u0173 so\u010di\u0173j\u0173 riebal\u0173 r\u016bg\u0161\u010di\u0173: 20,7 g.), angliavandeni\u0173: 36,4 g. (i\u0161 kuri\u0173 cukr\u0173: 12,4 g, i\u0161 kuri\u0173 polioli\u0173: 15,8 g.), skaidul\u0173: 14,3 g, baltym\u0173: 9,2 g, druskos: 0.06 g.<\/p>\n<p>&nbsp;<\/p>","protected":false},"excerpt":{"rendered":"<p>Imbierinio meduolio skonio vaflis Nicks Gingerbread wafer, 40 g. Gardus, tra\u0161kus imbierinio meduolio skonio vaflis. Tirpstantis burnoje! Sud\u0117tin\u0117s dalys:\u00a0pieno\u00a0milteliai, augalinis aliejus (taukmed\u017eio, kokos\u0173), saldiklis: eritritolis, kakavos sviestas, milt\u0173 mi\u0161inys\u00a0su glitimu\u00a0(kukur\u016bz\u0173 krakmolas, bulvi\u0173 krakmolas), polidekstroz\u0117 (skaidulos), cikorijos \u0161akn\u0173 pluo\u0161tas, kakavos mas\u0117, i\u0161r\u016bg\u0173 milteliai, kakavos milteliai,prieskoniai (cinamonas, gvazdik\u0117liai, imbieras, kardamonas),\u00a0soj\u0173\u00a0miltai, augalinis aliejus (saul\u0117gr\u0105\u017e\u0173), nat\u016bralios kvapiosios med\u017eiagos, emulsiklis&#8230;<\/p>","protected":false},"featured_media":17968,"template":"","meta":{"_acf_changed":false},"product_brand":[],"product_cat":[93],"product_tag":[],"class_list":{"0":"post-17967","1":"product","2":"type-product","3":"status-publish","4":"has-post-thumbnail","6":"product_cat-batoneliai-sokoladas","7":"nt-post-class","8":"","9":"masonry-item","10":"col-lg-6","14":"excerpt-none","18":"first","19":"outofstock","20":"sale","21":"taxable","22":"shipping-taxable","23":"purchasable","24":"product-type-simple","25":"add-to-wishlist-after_add_to_cart"},"acf":[],"_links":{"self":[{"href":"https:\/\/chiaseklos.lt\/en\/wp-json\/wp\/v2\/product\/17967","targetHints":{"allow":["GET"]}}],"collection":[{"href":"https:\/\/chiaseklos.lt\/en\/wp-json\/wp\/v2\/product"}],"about":[{"href":"https:\/\/chiaseklos.lt\/en\/wp-json\/wp\/v2\/types\/product"}],"wp:featuredmedia":[{"embeddable":true,"href":"https:\/\/chiaseklos.lt\/en\/wp-json\/wp\/v2\/media\/17968"}],"wp:attachment":[{"href":"https:\/\/chiaseklos.lt\/en\/wp-json\/wp\/v2\/media?parent=17967"}],"wp:term":[{"taxonomy":"product_brand","embeddable":true,"href":"https:\/\/chiaseklos.lt\/en\/wp-json\/wp\/v2\/product_brand?post=17967"},{"taxonomy":"product_cat","embeddable":true,"href":"https:\/\/chiaseklos.lt\/en\/wp-json\/wp\/v2\/product_cat?post=17967"},{"taxonomy":"product_tag","embeddable":true,"href":"https:\/\/chiaseklos.lt\/en\/wp-json\/wp\/v2\/product_tag?post=17967"}],"curies":[{"name":"wp","href":"https:\/\/api.w.org\/{rel}","templated":true}]}}