{"id":17608,"date":"2021-12-11T10:13:13","date_gmt":"2021-12-11T10:13:13","guid":{"rendered":"https:\/\/chiaseklos.lt\/?post_type=product&#038;p=17608"},"modified":"2022-12-14T11:19:36","modified_gmt":"2022-12-14T11:19:36","slug":"baylis-harding-royale-garden-peach-peony-jasmine-luxury-ranku-kremu-rinkinys","status":"publish","type":"product","link":"https:\/\/chiaseklos.lt\/en\/product\/baylis-harding-royale-garden-peach-peony-jasmine-luxury-ranku-kremu-rinkinys\/","title":{"rendered":"Baylis &#038; Harding Royale Wild Fig &#038; Pomegranaterank\u0173 krem\u0173 rinkinys"},"content":{"rendered":"<div id=\"ivTitle\" title=\"Baylis &amp; Harding Royale Garden Peach, Peony &amp; Jasmine Luxury Hand Treats Gift Set\"><strong>Baylis &amp; Harding Wild Fig &amp; Pomegranate rank\u0173 krem\u0173 rinkinys<\/strong><\/div>\n<div title=\"Baylis &amp; Harding Royale Garden Peach, Peony &amp; Jasmine Luxury Hand Treats Gift Set\"><\/div>\n<div title=\"Baylis &amp; Harding Royale Garden Peach, Peony &amp; Jasmine Luxury Hand Treats Gift Set\">Tai nuotaik\u0105 keliantis laukini\u0173 fig\u0173 bei granat\u0173 aromat\u0173 kolekcijos rinkinys.<\/div>\n<div title=\"Baylis &amp; Harding Royale Garden Peach, Peony &amp; Jasmine Luxury Hand Treats Gift Set\">\u0160\u012f rinkin\u012f sudaro:<\/div>\n<ul>\n<li title=\"Baylis &amp; Harding Royale Garden Peach, Peony &amp; Jasmine Luxury Hand Treats Gift Set\">3 vnt krem\u0173 po 50 ml<\/li>\n<li title=\"Baylis &amp; Harding Royale Garden Peach, Peony &amp; Jasmine Luxury Hand Treats Gift Set\">greitai \u012fsigeria<\/li>\n<\/ul>\n<ul>\n<li>dr\u0117kina ir maitina od\u0105<\/li>\n<li>oda tampa mink\u0161ta ir \u0161velni<\/li>\n<li>maloniai kvepia<\/li>\n<li>neleid\u017eia odai i\u0161d\u017ei\u016bti<\/li>\n<li>dovan\u0173 pakuot\u0117<\/li>\n<li>patiks visiems vyrams<\/li>\n<\/ul>\n<p><strong>Kaip naudoti:<\/strong><br \/>\nTepkite krem\u0105 ant rank\u0173 pagal poreik\u012f ir masa\u017euokite, kol kremas \u012fsigers.<\/p>\n<h4><\/h4>\n<p>&nbsp;<\/p>\n<div title=\"Baylis &amp; Harding Royale Garden Peach, Peony &amp; Jasmine Luxury Hand Treats Gift Set\"><\/div>\n<div title=\"Baylis &amp; Harding Royale Garden Peach, Peony &amp; Jasmine Luxury Hand Treats Gift Set\"><\/div>\n<div id=\"ivVariationSelection\"><\/div>","protected":false},"excerpt":{"rendered":"<p>Baylis &amp; Harding Wild Fig &amp; Pomegranate rank\u0173 krem\u0173 rinkinys Tai nuotaik\u0105 keliantis laukini\u0173 fig\u0173 bei granat\u0173 aromat\u0173 kolekcijos rinkinys. \u0160\u012f rinkin\u012f sudaro: 3 vnt krem\u0173 po 50 ml greitai \u012fsigeria dr\u0117kina ir maitina od\u0105 oda tampa mink\u0161ta ir \u0161velni maloniai kvepia neleid\u017eia odai i\u0161d\u017ei\u016bti dovan\u0173 pakuot\u0117 patiks visiems vyrams Kaip naudoti: Tepkite krem\u0105 ant&#8230;<\/p>","protected":false},"featured_media":21014,"template":"","meta":{"_acf_changed":false},"product_brand":[],"product_cat":[95],"product_tag":[],"class_list":{"0":"post-17608","1":"product","2":"type-product","3":"status-publish","4":"has-post-thumbnail","6":"product_cat-rinkiniai","7":"nt-post-class","8":"","9":"masonry-item","10":"col-lg-6","14":"excerpt-none","18":"first","19":"outofstock","20":"taxable","21":"shipping-taxable","22":"purchasable","23":"product-type-simple","24":"add-to-wishlist-after_add_to_cart"},"acf":[],"_links":{"self":[{"href":"https:\/\/chiaseklos.lt\/en\/wp-json\/wp\/v2\/product\/17608","targetHints":{"allow":["GET"]}}],"collection":[{"href":"https:\/\/chiaseklos.lt\/en\/wp-json\/wp\/v2\/product"}],"about":[{"href":"https:\/\/chiaseklos.lt\/en\/wp-json\/wp\/v2\/types\/product"}],"wp:featuredmedia":[{"embeddable":true,"href":"https:\/\/chiaseklos.lt\/en\/wp-json\/wp\/v2\/media\/21014"}],"wp:attachment":[{"href":"https:\/\/chiaseklos.lt\/en\/wp-json\/wp\/v2\/media?parent=17608"}],"wp:term":[{"taxonomy":"product_brand","embeddable":true,"href":"https:\/\/chiaseklos.lt\/en\/wp-json\/wp\/v2\/product_brand?post=17608"},{"taxonomy":"product_cat","embeddable":true,"href":"https:\/\/chiaseklos.lt\/en\/wp-json\/wp\/v2\/product_cat?post=17608"},{"taxonomy":"product_tag","embeddable":true,"href":"https:\/\/chiaseklos.lt\/en\/wp-json\/wp\/v2\/product_tag?post=17608"}],"curies":[{"name":"wp","href":"https:\/\/api.w.org\/{rel}","templated":true}]}}