{"id":17604,"date":"2021-12-11T09:50:04","date_gmt":"2021-12-11T09:50:04","guid":{"rendered":"https:\/\/chiaseklos.lt\/?post_type=product&#038;p=17604"},"modified":"2022-01-27T09:12:06","modified_gmt":"2022-01-27T09:12:06","slug":"prabangus-ranku-prieziuros-baylis-harding-jojoba-vanilla-almond-oil-rinkinys","status":"publish","type":"product","link":"https:\/\/chiaseklos.lt\/en\/product\/prabangus-ranku-prieziuros-baylis-harding-jojoba-vanilla-almond-oil-rinkinys\/","title":{"rendered":"Prabangus rank\u0173 prie\u017ei\u016bros Baylis &#038; Harding Jojoba, Vanilla &#038; Almond Oil rinkinys"},"content":{"rendered":"<p><strong>Prabangus rank\u0173 prie\u017ei\u016bros Baylis &amp; Harding Jojoba, Vanilla &amp; Almond Oil rinkinys<\/strong><\/p>\n<p>\u0160veln\u016bs simondsij\u0173, sodrios vanil\u0117s ir sald\u017ei\u0173j\u0173 migdol\u0173 aliejaus mi\u0161iniai apgaubs maloniais poj\u016b\u010diais.<\/p>\n<p>Rinkin\u012f sudaro:<\/p>\n<ul>\n<li>300 ml rank\u0173 muilas<\/li>\n<li>300 ml rank\u0173 bei k\u016bno losjonas<\/li>\n<\/ul>\n<p>Puikus rank\u0173 prie\u017ei\u016bros rinkinys, skirtas dr\u0117kinti bei \u0161velniai palepinti rankas.<\/p>","protected":false},"excerpt":{"rendered":"<p>Prabangus rank\u0173 prie\u017ei\u016bros Baylis &amp; Harding Jojoba, Vanilla &amp; Almond Oil rinkinys \u0160veln\u016bs simondsij\u0173, sodrios vanil\u0117s ir sald\u017ei\u0173j\u0173 migdol\u0173 aliejaus mi\u0161iniai apgaubs maloniais poj\u016b\u010diais. Rinkin\u012f sudaro: 300 ml rank\u0173 muilas 300 ml rank\u0173 bei k\u016bno losjonas Puikus rank\u0173 prie\u017ei\u016bros rinkinys, skirtas dr\u0117kinti bei \u0161velniai palepinti rankas.<\/p>","protected":false},"featured_media":17605,"template":"","meta":{"_acf_changed":false},"product_brand":[],"product_cat":[95],"product_tag":[],"class_list":{"0":"post-17604","1":"product","2":"type-product","3":"status-publish","4":"has-post-thumbnail","6":"product_cat-rinkiniai","7":"nt-post-class","8":"","9":"masonry-item","10":"col-lg-6","14":"excerpt-none","18":"first","19":"outofstock","20":"taxable","21":"shipping-taxable","22":"purchasable","23":"product-type-simple","24":"add-to-wishlist-after_add_to_cart"},"acf":[],"_links":{"self":[{"href":"https:\/\/chiaseklos.lt\/en\/wp-json\/wp\/v2\/product\/17604","targetHints":{"allow":["GET"]}}],"collection":[{"href":"https:\/\/chiaseklos.lt\/en\/wp-json\/wp\/v2\/product"}],"about":[{"href":"https:\/\/chiaseklos.lt\/en\/wp-json\/wp\/v2\/types\/product"}],"wp:featuredmedia":[{"embeddable":true,"href":"https:\/\/chiaseklos.lt\/en\/wp-json\/wp\/v2\/media\/17605"}],"wp:attachment":[{"href":"https:\/\/chiaseklos.lt\/en\/wp-json\/wp\/v2\/media?parent=17604"}],"wp:term":[{"taxonomy":"product_brand","embeddable":true,"href":"https:\/\/chiaseklos.lt\/en\/wp-json\/wp\/v2\/product_brand?post=17604"},{"taxonomy":"product_cat","embeddable":true,"href":"https:\/\/chiaseklos.lt\/en\/wp-json\/wp\/v2\/product_cat?post=17604"},{"taxonomy":"product_tag","embeddable":true,"href":"https:\/\/chiaseklos.lt\/en\/wp-json\/wp\/v2\/product_tag?post=17604"}],"curies":[{"name":"wp","href":"https:\/\/api.w.org\/{rel}","templated":true}]}}