{"id":17600,"date":"2021-12-11T09:41:03","date_gmt":"2021-12-11T09:41:03","guid":{"rendered":"https:\/\/chiaseklos.lt\/?post_type=product&#038;p=17600"},"modified":"2023-10-18T06:38:51","modified_gmt":"2023-10-18T06:38:51","slug":"baylis-harding-sweet-mandarin-grapefruit-ranku-kremu-rinkinys","status":"publish","type":"product","link":"https:\/\/chiaseklos.lt\/en\/product\/baylis-harding-sweet-mandarin-grapefruit-ranku-kremu-rinkinys\/","title":{"rendered":"Baylis &#038; Harding Sweet Mandarin &#038; Grapefruit rank\u0173 krem\u0173 rinkinys"},"content":{"rendered":"<p><strong>Baylis &amp; Harding Sweet Mandarin &amp; Grapefruit rank\u0173 krem\u0173 rinkinys<\/strong><\/p>\n<p>Eleganti\u0161kas sald\u017ei\u0173j\u0173 mandarin\u0173 bei greipfrut\u0173 derinys yra itin populiarus bei \u017eavingas aromatas.<\/p>\n<p>Palepinkite savo rankas dr\u0117kinan\u010diais kremais.<\/p>\n<p>Rinkinyje yra 3 vnt rank\u0173 kremai po 50 ml.<\/p>\n<p>\u0160i i\u0161skirtin\u0117 dovan\u0173 kolekcija itin subtiliai supakuota vienspalv\u0117mis g\u0117l\u0117mis su aukso akcentais.<\/p>","protected":false},"excerpt":{"rendered":"<p>Baylis &amp; Harding Sweet Mandarin &amp; Grapefruit rank\u0173 krem\u0173 rinkinys Eleganti\u0161kas sald\u017ei\u0173j\u0173 mandarin\u0173 bei greipfrut\u0173 derinys yra itin populiarus bei \u017eavingas aromatas. Palepinkite savo rankas dr\u0117kinan\u010diais kremais. Rinkinyje yra 3 vnt rank\u0173 kremai po 50 ml. \u0160i i\u0161skirtin\u0117 dovan\u0173 kolekcija itin subtiliai supakuota vienspalv\u0117mis g\u0117l\u0117mis su aukso akcentais.<\/p>","protected":false},"featured_media":17602,"template":"","meta":{"_acf_changed":false},"product_brand":[],"product_cat":[70],"product_tag":[],"class_list":{"0":"post-17600","1":"product","2":"type-product","3":"status-publish","4":"has-post-thumbnail","6":"product_cat-akcijos","7":"nt-post-class","8":"","9":"masonry-item","10":"col-lg-6","14":"excerpt-none","18":"first","19":"outofstock","20":"taxable","21":"shipping-taxable","22":"purchasable","23":"product-type-simple","24":"add-to-wishlist-after_add_to_cart"},"acf":[],"_links":{"self":[{"href":"https:\/\/chiaseklos.lt\/en\/wp-json\/wp\/v2\/product\/17600","targetHints":{"allow":["GET"]}}],"collection":[{"href":"https:\/\/chiaseklos.lt\/en\/wp-json\/wp\/v2\/product"}],"about":[{"href":"https:\/\/chiaseklos.lt\/en\/wp-json\/wp\/v2\/types\/product"}],"wp:featuredmedia":[{"embeddable":true,"href":"https:\/\/chiaseklos.lt\/en\/wp-json\/wp\/v2\/media\/17602"}],"wp:attachment":[{"href":"https:\/\/chiaseklos.lt\/en\/wp-json\/wp\/v2\/media?parent=17600"}],"wp:term":[{"taxonomy":"product_brand","embeddable":true,"href":"https:\/\/chiaseklos.lt\/en\/wp-json\/wp\/v2\/product_brand?post=17600"},{"taxonomy":"product_cat","embeddable":true,"href":"https:\/\/chiaseklos.lt\/en\/wp-json\/wp\/v2\/product_cat?post=17600"},{"taxonomy":"product_tag","embeddable":true,"href":"https:\/\/chiaseklos.lt\/en\/wp-json\/wp\/v2\/product_tag?post=17600"}],"curies":[{"name":"wp","href":"https:\/\/api.w.org\/{rel}","templated":true}]}}