{"id":17597,"date":"2021-12-11T09:25:46","date_gmt":"2021-12-11T09:25:46","guid":{"rendered":"https:\/\/chiaseklos.lt\/?post_type=product&#038;p=17597"},"modified":"2022-12-21T09:03:10","modified_gmt":"2022-12-21T09:03:10","slug":"kuno-prieziuros-baylis-harding-mulberry-fizz-rinkinys","status":"publish","type":"product","link":"https:\/\/chiaseklos.lt\/en\/product\/kuno-prieziuros-baylis-harding-mulberry-fizz-rinkinys\/","title":{"rendered":"K\u016bno prie\u017ei\u016bros Baylis &#038; Harding Wild Fig &#038; Pomegranate rinkinys"},"content":{"rendered":"<h4>K\u016bno prie\u017ei\u016bros Baylis &amp; Harding\u00a0Wild Fig &amp; Pomegranate rinkinys<\/h4>\n<p>Viskas, ko reikia, kad oda tapt\u0173 gra\u017ei, o aromatas d\u017eiugint\u0173.<\/p>\n<p>\u0160\u012f rinkin\u012f sudaro:<\/p>\n<ul>\n<li>Du\u0161o \u017eel\u0117, 100\u00a0ml;<\/li>\n<li>Rank\u0173 ir k\u016bno losjonas, 100 ml;<\/li>\n<li>Du\u0161o kremas, 100 ml.<\/li>\n<\/ul>\n<p>Nuostabi dovan\u0173 d\u0117\u017eut\u0117!<\/p>\n<p>&nbsp;<\/p>","protected":false},"excerpt":{"rendered":"<p>K\u016bno prie\u017ei\u016bros Baylis &amp; Harding\u00a0Wild Fig &amp; Pomegranate rinkinys Viskas, ko reikia, kad oda tapt\u0173 gra\u017ei, o aromatas d\u017eiugint\u0173. \u0160\u012f rinkin\u012f sudaro: Du\u0161o \u017eel\u0117, 100\u00a0ml; Rank\u0173 ir k\u016bno losjonas, 100 ml; Du\u0161o kremas, 100 ml. Nuostabi dovan\u0173 d\u0117\u017eut\u0117! &nbsp;<\/p>","protected":false},"featured_media":21028,"template":"","meta":{"_acf_changed":false},"product_brand":[],"product_cat":[88,95],"product_tag":[],"class_list":{"0":"post-17597","1":"product","2":"type-product","3":"status-publish","4":"has-post-thumbnail","6":"product_cat-naujiena","7":"product_cat-rinkiniai","8":"nt-post-class","9":"","10":"masonry-item","11":"col-lg-6","15":"excerpt-none","19":"first","20":"outofstock","21":"taxable","22":"shipping-taxable","23":"purchasable","24":"product-type-simple","25":"add-to-wishlist-after_add_to_cart"},"acf":[],"_links":{"self":[{"href":"https:\/\/chiaseklos.lt\/en\/wp-json\/wp\/v2\/product\/17597","targetHints":{"allow":["GET"]}}],"collection":[{"href":"https:\/\/chiaseklos.lt\/en\/wp-json\/wp\/v2\/product"}],"about":[{"href":"https:\/\/chiaseklos.lt\/en\/wp-json\/wp\/v2\/types\/product"}],"wp:featuredmedia":[{"embeddable":true,"href":"https:\/\/chiaseklos.lt\/en\/wp-json\/wp\/v2\/media\/21028"}],"wp:attachment":[{"href":"https:\/\/chiaseklos.lt\/en\/wp-json\/wp\/v2\/media?parent=17597"}],"wp:term":[{"taxonomy":"product_brand","embeddable":true,"href":"https:\/\/chiaseklos.lt\/en\/wp-json\/wp\/v2\/product_brand?post=17597"},{"taxonomy":"product_cat","embeddable":true,"href":"https:\/\/chiaseklos.lt\/en\/wp-json\/wp\/v2\/product_cat?post=17597"},{"taxonomy":"product_tag","embeddable":true,"href":"https:\/\/chiaseklos.lt\/en\/wp-json\/wp\/v2\/product_tag?post=17597"}],"curies":[{"name":"wp","href":"https:\/\/api.w.org\/{rel}","templated":true}]}}